{"id":971,"date":"2024-04-04T11:45:14","date_gmt":"2024-04-04T09:45:14","guid":{"rendered":"https:\/\/www.varmevest.no\/?post_type=product&#038;p=971"},"modified":"2024-09-18T13:55:03","modified_gmt":"2024-09-18T11:55:03","slug":"niteforce-live-cam-pro-nyhet","status":"publish","type":"product","link":"https:\/\/varmevest.no\/sv\/produkt\/niteforce-live-cam-pro-nyhet\/","title":{"rendered":"NITEforce Live cam PRO Ny!"},"content":{"rendered":"<p>4G LIVE-kamera - NITEforce Live-Cam PRO<\/p>\n<p>NITEforce Live-Cam PRO 4G viltkamera \u00f6ppnar en livevy i realtid online till platsen! Du kan ansluta till din viltkamera n\u00e4r som helst och var som helst och titta och lyssna direkt p\u00e5 vad som h\u00e4nder d\u00e4r ute.<\/p>\n<p>Med NITEforce Live-Cam PRO viltkamera kan du v\u00e4lja att spela in en video eller bara se platsen online med Ucon APP. Med Ucon APP kan du fj\u00e4rrstyra kamerainst\u00e4llningar, rotera, luta och zooma kameran p\u00e5 distans!<\/p>\n<p>NITEforce Live-Cam PRO viltkamera \u00e4r en riktig kommandocentral f\u00f6r \u00f6vervakning och kan anv\u00e4ndas av flera anv\u00e4ndare fr\u00e5n deras egna mobiltelefoner. Den direkts\u00e4nda viltkameran p\u00e5 4G \u00e4r gjord f\u00f6r anv\u00e4ndning utomhus eller inomhus \u00e5ret runt, vilket g\u00f6r att du kan \u00f6vervaka utan att v\u00e4cka uppm\u00e4rksamhet.<\/p>\n<p>&gt; Externa dubbelantenner f\u00f6rb\u00e4ttrar signalmottagningen i omr\u00e5den med svag n\u00e4tverkst\u00e4ckning<br \/>\n&gt; Massivt internt batteri p\u00e5 10400 mAh f\u00f6r l\u00e5ng drifttid<br \/>\n&gt; Inkluderar effektiv 6W solpanel f\u00f6r snabb laddning<\/p>\n<p>GRATIS UCON APP (ANDROID &amp; iOS)<br \/>\nKameran fj\u00e4rrstyrs med en gratis app (engelska). Med appen kan du enkelt luta eller vrida kameran i \u00f6nskad riktning med zoom. Alla inst\u00e4llningar hanteras enkelt med samma applikation. Inspelningarna lagras i appen eller p\u00e5 ett internt micro SD-kort (32 GB ing\u00e5r). Du kan dela allt material med dina v\u00e4nner. Delningsalternativet g\u00f6r att flera anv\u00e4ndare kan observera samma kamera.<\/p>\n<p>UCon APP f\u00f6r Android-telefoner finns i Google Play-butiken <a href=\"https:\/\/play.google.com\/store\/search?q=ucon&amp;c=apps\">H\u00c4R!<\/a><br \/>\nUCon APP f\u00f6r iOS-telefoner finns i Apple Store <a href=\"https:\/\/apps.apple.com\/fi\/app\/ucon\/id1513302809?l=fi\">H\u00c4R!<\/a><\/p>\n<p>4G LTE<br \/>\nF\u00f6r att kunna anv\u00e4nda kameran m\u00e5ste du k\u00f6pa ett SIM-kort och ett abonnemang som st\u00f6der 4G LTE-anslutning. Kontrollera med din lokala operat\u00f6r att din anslutningshastighet st\u00f6der live video\u00f6verf\u00f6ring. Kameran fungerar \u00e4ven med s\u00e5 kallade f\u00f6rbetalda SIM-kort. Kamerans externa dubbelantenner f\u00f6rb\u00e4ttrar mottagningen vid svag n\u00e4tverkst\u00e4ckning!<\/p>\n<p>355\u00b0 PANORERING &amp; 100\u00b0 TILT OCH ZOOM<br \/>\nN\u00e4r du f\u00e5r ett push-meddelande fr\u00e5n din kamera kan du \u00f6ppna en live-anslutning och vrida kameravyn i \u00f6nskad riktning (panorama) eller luta den upp\u00e5t\/ned\u00e5t. Den breda panoramasv\u00e4ngen s\u00e4kerst\u00e4ller att det inte finns n\u00e5gra luckor kvar p\u00e5 sidorna och den optimala lutningen ser upp och hela v\u00e4gen ner. Zoomfunktionen (+\/-) g\u00f6r att du kan fokusera n\u00e4rmare p\u00e5 motivet. Kamerans rotation \u00e4r en f\u00f6rdel om du vill \u00f6vervaka ett st\u00f6rre f\u00e4ltomr\u00e5de, t.ex. om hjortarna befinner sig p\u00e5 andra sidan f\u00e4lt\u00f6ppningen.<\/p>\n<p>2K VIDEO<br \/>\nN\u00e4r kameran uppt\u00e4cker r\u00f6relse spelar den automatiskt in 2K (2592\u00d71520) true high definition-videor med skarp uppl\u00f6sning. Med en knapptryckning spelar kameran in videoklipp p\u00e5 max. 60 sekunder, om s\u00e5 \u00f6nskas.<\/p>\n<p>INFRABLIXT OCH LJUS LED-BLIXT<br \/>\nKameran kan v\u00e4lja mellan 2 olika blixtar f\u00f6r nattfotografering med 2K-uppl\u00f6sning. Den infrar\u00f6da blixten spelar in svartvita bilder p\u00e5 natten och den ljusstarka LED-blixten exponerar bilderna i f\u00e4rg \u00e4ven p\u00e5 natten. Den \u00e4r l\u00e4mplig som \u00f6vervakningskamera eller sp\u00e5rkamera. Den kan anv\u00e4ndas f\u00f6r att sp\u00e5ra tjuvar och spela in videor av dem med ljud. N\u00e4r du vill skr\u00e4mma en tjuv \u00e4r en ljussignal i realtid med en ljusstark LED-blixt och rop genom h\u00f6gtalaren en effektiv kombination.<\/p>\n<p>2-V\u00c4GS AUDIO (LJUD)<br \/>\nKameran har en inbyggd ljudinsamlande mikrofon som f\u00e5ngar upp ljuden runt kameran. Du kan h\u00f6ra ljuden med h\u00f6gtalarna p\u00e5 din mobiltelefon i live-l\u00e4ge. Du kan ocks\u00e5 fritt sl\u00e5 p\u00e5 tv\u00e5v\u00e4gsljudet, vilket g\u00f6r att du kan kommunicera med dem som befinner sig n\u00e4ra kameran, t.ex. o\u00f6nskade kr\u00e5kor som kan skr\u00e4mmas bort fr\u00e5n utfodringsplatsen.<\/p>\n<p>0,5 sek PIR-sensorns utl\u00f6sare<br \/>\nKameran \u00e4r utrustad med en 0,5 sek snabb PIR-r\u00f6relsesensor och en smart AI-algoritm (artificiell intelligens). Tillsammans f\u00f6rb\u00e4ttrar de detekteringsf\u00f6rm\u00e5gan f\u00f6r m\u00e4nniskor och djur och minskar antalet falska utl\u00f6sningar orsakade av regn, insekter, grenar och gr\u00e4s. N\u00e4r kameran utl\u00f6ses spelar den automatiskt in p\u00e5 ett micro SD-kort (32 GB ing\u00e5r) och skickar en push-notis i realtid till din mobiltelefon om videoinspelningen.<\/p>\n<p>10400mAh h\u00f6gpresterande batteri<br \/>\nKameran har ett inbyggt 10400mAh h\u00f6geffektsbatteri som klarar minusgrader ner till -20\u00b0C. Den 6W solpanel som medf\u00f6ljer kameran laddar kamerans interna batteri under soliga m\u00e5nader. P\u00e5 vintern kan kamerans interna batteri underh\u00e5llas med NITEforce DC-laddaren, som \u00e4r ansluten till ett externt 12-voltsbatteri. Kameran kan ocks\u00e5 enkelt anslutas till din egen mobilladdare (5V\/2A). Kameran har en standard v\u00e4derskyddad USB-C-port som str\u00f6ming\u00e5ng. USB-C-kabel medf\u00f6ljer kameran.<\/p>\n<p>6W SOLPANEL<br \/>\nEn 6 W solpanel medf\u00f6ljer kamerasatsen. Solpanelen omvandlar gratis solenergi till str\u00f6m f\u00f6r kameran. Solpanelen ansluts till kamerans str\u00f6muttag med hj\u00e4lp av en USB-C-kabel (max. 3 m). Den gratis solenergi som den ger laddar kamerans interna 10400mAh h\u00f6geffektsbatteri. Under soliga f\u00f6rh\u00e5llanden kan du anv\u00e4nda solpanelen i upp till 365 dagar. Du kan installera din sp\u00e5rkamera utomhus utan att beh\u00f6va oroa dig f\u00f6r str\u00f6mf\u00f6rs\u00f6rjningsproblem.<\/p>\n<p>IP65 V\u00c4DERBEST\u00c4NDIGHET<br \/>\nKameran \u00e4r v\u00e4derskyddad enligt IP65. Kameran klarar driftstemperaturer upp till -20\u00b0C ... +50\u00b0. Tack vare det vattent\u00e4ta och robusta h\u00f6ljet t\u00e5l kameran st\u00e4nk, regn, v\u00e4rme och kyla. P\u00e5 vintern rekommenderar vi att du anv\u00e4nder ett sn\u00f6skydd f\u00f6r att f\u00f6rhindra eventuell sn\u00f6belastning p\u00e5 kameran.<\/p>\n<p>CAMO TERR\u00c4NGM\u00d6NSTER<br \/>\nKamerans m\u00f6nster \u00e4r ett camo-terr\u00e4ngm\u00f6nster som hj\u00e4lper den att g\u00f6mma sig b\u00e4ttre i terr\u00e4ngen. En kamera med terr\u00e4ngm\u00f6nster och anv\u00e4ndning av infrar\u00f6d blixt drar mindre uppm\u00e4rksamhet till m\u00e5let.<\/p>\n<p>KARAKTERER<br \/>\n3 fotograferingsl\u00e4gen: foto, video, foto+video<br \/>\n2K HD-videouppl\u00f6sning (dag och natt)<br \/>\nV\u00e4ndbara betraktningsvinklar: panorama 355\u00b0, lutning 100\u00b0<br \/>\nZOOM-fokus<br \/>\n2-v\u00e4gs samtal (ljud)<br \/>\n0,5 sek PIR-r\u00f6relsedetektering<br \/>\nInfrar\u00f6d blixt r\u00e4ckvidd: 18m<br \/>\n2 olika blixtar som tillval: svartvitt nattl\u00e4ge (infrar\u00f6d blixt), f\u00e4rgnattl\u00e4ge (stark LED-blixt)<\/p>\n<p>Gratis Ucon APP (Android och iOS)<br \/>\nSt\u00f6d f\u00f6r att dela samma kamera med flera anv\u00e4ndare<br \/>\nMolnlagring och lagring p\u00e5 micro SD-kort<br \/>\nInbyggt uppladdningsbart batteri p\u00e5 10400 mAh (-20\u00b0C ... +50\u00b0)<br \/>\nIP65 v\u00e4derbest\u00e4ndig<br \/>\nL\u00f6senordsskydd<br \/>\nGaranti: 1 \u00e5r<\/p>\n<p>INNEH\u00c5LLER<br \/>\nLTE 4G-spelkamera, monteringsb\u00e4lte, monteringsf\u00e4ste och skruvar, 32 GB micro SD-kort, 6W solpanel och f\u00e4sten, USB-C-kabel, anv\u00e4ndarhandbok, UCon APP-applikation<\/p>\n<div style=\"width: 640px;\" class=\"wp-video\"><!--[if lt IE 9]><script>document.createElement('video');<\/script><![endif]-->\n<video class=\"wp-video-shortcode\" id=\"video-971-1\" width=\"640\" height=\"360\" preload=\"metadata\" controls=\"controls\"><source type=\"video\/mp4\" src=\"https:\/\/www.varmevest.no\/wp-content\/uploads\/2024\/04\/20240402T192023_facefront_hardware119.mp4?_=1\" \/><a href=\"https:\/\/www.varmevest.no\/wp-content\/uploads\/2024\/04\/20240402T192023_facefront_hardware119.mp4\">https:\/\/www.varmevest.no\/wp-content\/uploads\/2024\/04\/20240402T192023_facefront_hardware119.mp4<\/a><\/video><\/div>\n<div style=\"width: 640px;\" class=\"wp-video\"><video class=\"wp-video-shortcode\" id=\"video-971-2\" width=\"640\" height=\"360\" preload=\"metadata\" controls=\"controls\"><source type=\"video\/mp4\" src=\"https:\/\/www.varmevest.no\/wp-content\/uploads\/2024\/04\/20240402_041055_000_10_P.mp4?_=2\" \/><a href=\"https:\/\/www.varmevest.no\/wp-content\/uploads\/2024\/04\/20240402_041055_000_10_P.mp4\">https:\/\/www.varmevest.no\/wp-content\/uploads\/2024\/04\/20240402_041055_000_10_P.mp4<\/a><\/video><\/div>\n<div style=\"width: 640px;\" class=\"wp-video\"><video class=\"wp-video-shortcode\" id=\"video-971-3\" width=\"640\" height=\"360\" preload=\"metadata\" controls=\"controls\"><source type=\"video\/mp4\" src=\"https:\/\/www.varmevest.no\/wp-content\/uploads\/2024\/04\/20240402_041055_000_10_.mp4?_=3\" \/><a href=\"https:\/\/www.varmevest.no\/wp-content\/uploads\/2024\/04\/20240402_041055_000_10_.mp4\">https:\/\/www.varmevest.no\/wp-content\/uploads\/2024\/04\/20240402_041055_000_10_.mp4<\/a><\/video><\/div>\n<div style=\"width: 640px;\" class=\"wp-video\"><video class=\"wp-video-shortcode\" id=\"video-971-4\" width=\"640\" height=\"360\" preload=\"metadata\" controls=\"controls\"><source type=\"video\/mp4\" src=\"https:\/\/www.varmevest.no\/wp-content\/uploads\/2024\/04\/20240329T010540_facefront_hardware119.mp4?_=4\" \/><a href=\"https:\/\/www.varmevest.no\/wp-content\/uploads\/2024\/04\/20240329T010540_facefront_hardware119.mp4\">https:\/\/www.varmevest.no\/wp-content\/uploads\/2024\/04\/20240329T010540_facefront_hardware119.mp4<\/a><\/video><\/div>","protected":false},"excerpt":{"rendered":"<p>NITEforce LIVE CAM PRO Green camo kamera f\u00f6r vilda djur \u00f6ppnar en livevy p\u00e5 plats! Du kan ansluta till din kamera n\u00e4r som helst och var som helst och titta och lyssna direkt i appen eller se vad som h\u00e4nder!<\/p>","protected":false},"featured_media":1192,"template":"","meta":{"_acf_changed":false},"product_brand":[],"product_cat":[32],"product_tag":[31,33,34],"class_list":{"0":"post-971","1":"product","2":"type-product","3":"status-publish","4":"has-post-thumbnail","6":"product_cat-niteforce-kamera","7":"product_tag-kamera","8":"product_tag-overvakningskamera","9":"product_tag-viltkamera","11":"first","12":"instock","13":"taxable","14":"shipping-taxable","15":"purchasable","16":"product-type-simple"},"acf":[],"publishpress_future_workflow_manual_trigger":{"enabledWorkflows":[]},"_links":{"self":[{"href":"https:\/\/varmevest.no\/sv\/wp-json\/wp\/v2\/product\/971"}],"collection":[{"href":"https:\/\/varmevest.no\/sv\/wp-json\/wp\/v2\/product"}],"about":[{"href":"https:\/\/varmevest.no\/sv\/wp-json\/wp\/v2\/types\/product"}],"wp:featuredmedia":[{"embeddable":true,"href":"https:\/\/varmevest.no\/sv\/wp-json\/wp\/v2\/media\/1192"}],"wp:attachment":[{"href":"https:\/\/varmevest.no\/sv\/wp-json\/wp\/v2\/media?parent=971"}],"wp:term":[{"taxonomy":"product_brand","embeddable":true,"href":"https:\/\/varmevest.no\/sv\/wp-json\/wp\/v2\/product_brand?post=971"},{"taxonomy":"product_cat","embeddable":true,"href":"https:\/\/varmevest.no\/sv\/wp-json\/wp\/v2\/product_cat?post=971"},{"taxonomy":"product_tag","embeddable":true,"href":"https:\/\/varmevest.no\/sv\/wp-json\/wp\/v2\/product_tag?post=971"}],"curies":[{"name":"wp","href":"https:\/\/api.w.org\/{rel}","templated":true}]}}