{"id":923,"date":"2024-02-06T11:20:52","date_gmt":"2024-02-06T10:20:52","guid":{"rendered":"https:\/\/www.varmevest.no\/?post_type=product&#038;p=923"},"modified":"2024-12-02T00:02:30","modified_gmt":"2024-12-01T22:02:30","slug":"vakuumplastruller-200-my","status":"publish","type":"product","link":"https:\/\/varmevest.no\/sv\/produkt\/vakuumplastruller-200-my\/","title":{"rendered":"Vakuumplastrullar 200 my"},"content":{"rendered":"<div class=\"page\" title=\"Sidan 1\">\n<div class=\"layoutArea\">\n<div class=\"column\">\n<div class=\"page\" title=\"Sidan 1\">\n<div class=\"layoutArea\">\n<div class=\"column\">\n<p>Vakuumplastrullar 2pk. 20cm\/30cm x 10m. med den mest l\u00e4mpliga pr\u00e4glingen f\u00f6r snabbare dammsugning. Rullarna \u00e4r tillverkade av den b\u00e4sta kvaliteten och tjockare plast (200my) \u00e4n v\u00e5ra konkurrenter, och f\u00f6rdelar fukten b\u00e4ttre inuti p\u00e5sen. En annan f\u00f6rdel med tjockare plast \u00e4r att hanteringen i frysen kan vara mindre skonsam och orsaka mindre skador p\u00e5 dina vakuumf\u00f6rseglade produkter. Vakuumplastrullarna \u00e4r LFGB-godk\u00e4nda, detsamma g\u00e4ller f\u00f6r frysning och Sous Vid\u00e8.<\/p>\n<p>Vakuumf\u00f6rsluten mat har en f\u00f6rl\u00e4ngd h\u00e5llbarhetstid p\u00e5 4-5 g\u00e5nger. Det g\u00f6r vakuumf\u00f6rpackningen perfekt f\u00f6r att bevara h\u00e5llbarheten p\u00e5 matrester eller f\u00f6r att frysa in t.ex. fisk, k\u00f6tt, svamp och b\u00e4r. Du klipper sj\u00e4lv till \u00f6nskad l\u00e4ngd och de \u00e4r mycket enkla att anv\u00e4nda - du fyller p\u00e5sen, l\u00e4gger den i vakuumf\u00f6rpackaren och ser till att den f\u00f6rseglar p\u00e5sen i slutet av processen.<\/p>\n<p>F\u00f6rpackningen inneh\u00e5ller 2 rullar i storlekarna 20 cm x 10 m och 30 cm x 10 m och passar de flesta vakuumf\u00f6rpackare.<\/p>\n<p>Vi levererar \u00e4ven sl\u00e4ta p\u00e5sar f\u00f6r st\u00f6rre maskiner, skicka oss en f\u00f6rfr\u00e5gan p\u00e5 post@varmevest.no<\/p>\n<p><a href=\"https:\/\/www.varmevest.no\/wp-content\/uploads\/2023\/09\/Samsvarserklaering-JBE-AS.pdf\">F\u00f6rs\u00e4kran om \u00f6verensst\u00e4mmelse JBE AS<\/a><\/p>\n<\/div>\n<\/div>\n<\/div>\n<\/div>\n<\/div>\n<\/div>\n<div class=\"page\" title=\"Sidan 1\">\n<div class=\"layoutArea\">\n<div class=\"column\">\n<div class=\"page\" title=\"Sidan 1\">\n<div class=\"layoutArea\">\n<div class=\"column\"><\/div>\n<\/div>\n<\/div>\n<\/div>\n<\/div>\n<\/div>","protected":false},"excerpt":{"rendered":"<p>F\u00f6rpackningen inneh\u00e5ller 2 rullar<br \/>\n1 rulle 20cm x 10m och 1 rulle 30cm x 10m<br \/>\n200 mikron tjocklek<br \/>\nPassar de flesta vakuumf\u00f6rpackare<br \/>\nF\u00f6rl\u00e4nger h\u00e5llbarheten hos livsmedel<br \/>\nGodk\u00e4nd f\u00f6r infrysning och sous vide<br \/>\nF\u00f6rdelar fukt v\u00e4l<br \/>\nLFGB-godk\u00e4nd<\/p>","protected":false},"featured_media":1194,"template":"","meta":{"_acf_changed":false},"product_brand":[],"product_cat":[41],"product_tag":[],"class_list":{"0":"post-923","1":"product","2":"type-product","3":"status-publish","4":"has-post-thumbnail","6":"product_cat-vakuumposer","8":"first","9":"instock","10":"taxable","11":"shipping-taxable","12":"purchasable","13":"product-type-variable"},"acf":[],"publishpress_future_workflow_manual_trigger":{"enabledWorkflows":[]},"_links":{"self":[{"href":"https:\/\/varmevest.no\/sv\/wp-json\/wp\/v2\/product\/923"}],"collection":[{"href":"https:\/\/varmevest.no\/sv\/wp-json\/wp\/v2\/product"}],"about":[{"href":"https:\/\/varmevest.no\/sv\/wp-json\/wp\/v2\/types\/product"}],"wp:featuredmedia":[{"embeddable":true,"href":"https:\/\/varmevest.no\/sv\/wp-json\/wp\/v2\/media\/1194"}],"wp:attachment":[{"href":"https:\/\/varmevest.no\/sv\/wp-json\/wp\/v2\/media?parent=923"}],"wp:term":[{"taxonomy":"product_brand","embeddable":true,"href":"https:\/\/varmevest.no\/sv\/wp-json\/wp\/v2\/product_brand?post=923"},{"taxonomy":"product_cat","embeddable":true,"href":"https:\/\/varmevest.no\/sv\/wp-json\/wp\/v2\/product_cat?post=923"},{"taxonomy":"product_tag","embeddable":true,"href":"https:\/\/varmevest.no\/sv\/wp-json\/wp\/v2\/product_tag?post=923"}],"curies":[{"name":"wp","href":"https:\/\/api.w.org\/{rel}","templated":true}]}}