{"id":875,"date":"2024-01-05T10:54:07","date_gmt":"2024-01-05T09:54:07","guid":{"rendered":"https:\/\/www.varmevest.no\/?post_type=product&#038;p=875"},"modified":"2024-09-18T14:09:44","modified_gmt":"2024-09-18T12:09:44","slug":"nnpo-rd23s325-wifi-lrf-nyhet","status":"publish","type":"product","link":"https:\/\/varmevest.no\/sv\/produkt\/nnpo-rd23s325-wifi-lrf-nyhet\/","title":{"rendered":"NNPO RD23S325 WIFI\/LRF, NY!"},"content":{"rendered":"<p>Ett ergonomiskt inflexibelt termiskt handskydd fr\u00e5n NNPO, med eller utan inbyggd avst\u00e5ndsm\u00e4tare, denna modell RD23S\/325 LRF har en avst\u00e5ndsm\u00e4tare.<\/p>\n<p>N\u00e4r du startar avst\u00e5ndsm\u00e4taren visas en fyrkant i displayen som du riktar mot m\u00e5let och sedan l\u00e4ser du av avst\u00e5ndet i displayen<\/p>\n<p>RD23-serien har alla wifi med inspelning<\/p>\n<p>&nbsp;<\/p>\n<p>N\u00e4r det g\u00e4ller RD23S\/325 har den en 384\u00d7288 sensor med 12 \u03bcm och ett NEDT-v\u00e4rde p\u00e5 \u226425 mk och en OLED-sk\u00e4rm p\u00e5 1024*768<\/p>\n<p>Kikaren har en grundf\u00f6rstoring p\u00e5 2,39x, med en digital zoom p\u00e5 2x\/4x\/8x (2,39x~19,11x)<\/p>\n<p>&nbsp;<\/p>\n<p>Det \u00e4r naturligtvis ocks\u00e5 m\u00f6jligt att v\u00e4lja olika f\u00f6rgrunder i bilden, allt f\u00f6r att f\u00e5 b\u00e4sta m\u00f6jliga sk\u00e4rpa i olika v\u00e4derf\u00f6rh\u00e5llanden.<\/p>\n<p>- Svart het<\/p>\n<p>- Vit het<\/p>\n<p>- R\u00f6d het<\/p>\n<p>- Gr\u00f6n het<\/p>\n<p>- J\u00e4rnr\u00f6d<\/p>\n<p>- Sammanslagning<\/p>\n<p>&nbsp;<\/p>\n<p>F\u00f6r att kalibrera bilden finns det tre olika l\u00e4gen att anv\u00e4nda<\/p>\n<p>- Shutter calibration, kikaren kalibrerar inte bilden automatiskt, utan man m\u00e5ste trycka p\u00e5 en knapp n\u00e4r man tycker att bilden inte \u00e4r tillr\u00e4ckligt bra<\/p>\n<p>- Scenkalibrering, samma sak som slutarkalibrering, men h\u00e4r m\u00e5ste du st\u00e4nga locket innan du trycker p\u00e5 kalibreringsknappen, annars f\u00e5r du dubbla bilder<\/p>\n<p>- Automatisk kalibrering, d\u00e4r kikaren sk\u00f6ter sj\u00e4lva kalibreringen och n\u00e4r bildkvaliteten har n\u00e5tt en viss niv\u00e5 kalibrerar den bilden, man m\u00e4rker att bilden \"fryser\" i n\u00e5gra sekunder<\/p>\n<p>&nbsp;<\/p>\n<p>Kikaren drivs av endast ett externt 18650-batteri, som du enkelt kan byta ut om det tar slut under jakten och s\u00e4tta i ett nytt<\/p>\n<p>Eftersom kikaren inte har n\u00e5gra inbyggda batterier slipper du problemet med att beh\u00f6va se till att batteriet \u00e4r underh\u00e5llsladdat om du inte anv\u00e4nder den p\u00e5 ett tag.<\/p>\n<p>Om du inte g\u00f6r detta finns det risk f\u00f6r att enheten inte startar n\u00e4r du \u00e4r redo att anv\u00e4nda den, p\u00e5 samma s\u00e4tt som bilbatterier som har l\u00e4mnats oladdade.<\/p>\n<p>Tv\u00e5 18650-batterier ing\u00e5r i kikaren samt en exklusiv laddare som visar information om batterierna<\/p>\n<p>P\u00e5 laddaren kan du l\u00e4sa av volt, mAh, vilken typ av batteri det \u00e4r, hur mycket det laddas och hur mycket som finns kvar efter laddningen.<\/p>\n<p>&nbsp;<\/p>\n<p>OFFICIELLA FAKTA<\/p>\n<p>Modell RD23S\/325<\/p>\n<p>Objektiv 25 mm<\/p>\n<p>Uppl\u00f6sning, Pixel 384 x 288<\/p>\n<p>Sensortyp Okyld Vox<\/p>\n<p>Uppl\u00f6sning, pixel 12 \u03bcm<\/p>\n<p>Bildfrekvens 50hz<\/p>\n<p>NET \u226425 mk<\/p>\n<p>Digital zoom 2\u00d7, 4\u00d7, 8\u00d7<\/p>\n<p>Synf\u00e4lt (HxV) 10,5\u00b0\u00d77,9<\/p>\n<p>Dioptrijustering, dpt \u00b15<\/p>\n<p>Kalibrering Slutare, Scen, Automatisk kalibrering<\/p>\n<p>Bildpaletter White Hot \/ Black Hot \/ Red Hot \/ Iron red\/Fusion<\/p>\n<p>Batterityp Li-ion 18650 Uppladdningsbart batteri Utbytbart<\/p>\n<p>Batteritid (drift) &gt;4 timmar<\/p>\n<p>Extern str\u00f6mf\u00f6rs\u00f6rjning TYPE-C-gr\u00e4nssnitt<\/p>\n<p>Pip Ja<\/p>\n<p>Wi-Fi Ja<\/p>\n<p>Elektronisk kompass Ja<\/p>\n<p>Accelerometer Ja<\/p>\n<p>Sp\u00e5rning av hot spot Ja<\/p>\n<p>Fotografering Ja<\/p>\n<p>Video Ja<\/p>\n<p>Videoutg\u00e5ng Utg\u00e5ng f\u00f6r kompositvideo<\/p>\n<p>Storlek (L \u00d7 B \u00d7 H), mm 199,6 mm * 77,6 mm * 58 mm<\/p>\n<p>Vikt (utan batteri), g 340<\/p>\n<p>Skyddsgrad IP67<\/p>\n<p>Material i h\u00f6ljet Aluminiumlegering<\/p>\n<p>Driftstemperatur -20 \u2103 ... +60 \u2103<\/p>\n<p>&nbsp;<\/p>\n<p>&nbsp;<\/p>\n<p>NNPO har tre \u00e5rs garanti och service och reparation f\u00f6r Europa finns i Sverige hos Sk\u00e5nejakt<\/p>","protected":false},"excerpt":{"rendered":"<p>NY!!! Tillg\u00e4nglig inom kort<\/p>","protected":false},"featured_media":1211,"template":"","meta":{"_acf_changed":false},"product_brand":[],"product_cat":[39],"product_tag":[],"class_list":{"0":"post-875","1":"product","2":"type-product","3":"status-publish","4":"has-post-thumbnail","6":"product_cat-nnpo-termisk","8":"first","9":"instock","10":"taxable","11":"shipping-taxable","12":"purchasable","13":"product-type-simple"},"acf":[],"publishpress_future_workflow_manual_trigger":{"enabledWorkflows":[]},"_links":{"self":[{"href":"https:\/\/varmevest.no\/sv\/wp-json\/wp\/v2\/product\/875"}],"collection":[{"href":"https:\/\/varmevest.no\/sv\/wp-json\/wp\/v2\/product"}],"about":[{"href":"https:\/\/varmevest.no\/sv\/wp-json\/wp\/v2\/types\/product"}],"wp:featuredmedia":[{"embeddable":true,"href":"https:\/\/varmevest.no\/sv\/wp-json\/wp\/v2\/media\/1211"}],"wp:attachment":[{"href":"https:\/\/varmevest.no\/sv\/wp-json\/wp\/v2\/media?parent=875"}],"wp:term":[{"taxonomy":"product_brand","embeddable":true,"href":"https:\/\/varmevest.no\/sv\/wp-json\/wp\/v2\/product_brand?post=875"},{"taxonomy":"product_cat","embeddable":true,"href":"https:\/\/varmevest.no\/sv\/wp-json\/wp\/v2\/product_cat?post=875"},{"taxonomy":"product_tag","embeddable":true,"href":"https:\/\/varmevest.no\/sv\/wp-json\/wp\/v2\/product_tag?post=875"}],"curies":[{"name":"wp","href":"https:\/\/api.w.org\/{rel}","templated":true}]}}