{"id":853,"date":"2024-01-03T10:29:45","date_gmt":"2024-01-03T09:29:45","guid":{"rendered":"https:\/\/www.varmevest.no\/?post_type=product&#038;p=853"},"modified":"2024-09-18T14:13:02","modified_gmt":"2024-09-18T12:13:02","slug":"nnpo-tc23-335-wifi-lrf-nyhet","status":"publish","type":"product","link":"https:\/\/varmevest.no\/sv\/produkt\/nnpo-tc23-335-wifi-lrf-nyhet\/","title":{"rendered":"NNPO TC23S\/335 Wifi\/LRF NY!!!"},"content":{"rendered":"<p>Uppf\u00f6ljaren till NNPO TC23-modellerna, nu med wifi och inspelning<\/p>\n<p>Denna modell av TC23S har ocks\u00e5 en inbyggd avst\u00e5ndsm\u00e4tare som aktiveras\/avaktiveras via en av de bakre funktionsknapparna.<\/p>\n<p>Avst\u00e5ndsm\u00e4taren \u00e4r placerad framf\u00f6r siktet<\/p>\n<p>Precis som sin f\u00f6reg\u00e5ngare \u00e4r TC23S-modellerna tillverkade i ett enda stycke f\u00f6r att f\u00f6rhindra att den bakre delen av kroppen r\u00f6r sig ur sitt l\u00e4ge om g\u00e4ngorna uts\u00e4tts f\u00f6r p\u00e5frestningar.<\/p>\n<p>&nbsp;<\/p>\n<p>F\u00f6r att starta och st\u00e4nga av kikaren finns det en p\u00e5\/av-knapp som sitter ca 10 mm framf\u00f6r de bakre funktionsknapparna, s\u00e5 att du inte av misstag st\u00e4nger av enheten om du vill \u00e4ndra f\u00f6rstoring eller f\u00e4rger.<\/p>\n<p>De \u00f6vriga funktionsknapparna p\u00e5 baksidan anv\u00e4nds f\u00f6r att \u00e4ndra f\u00f6rstoring, f\u00e4rger, inspelning och f\u00f6r att \u00f6ppna menyn.<\/p>\n<p>&nbsp;<\/p>\n<p>N\u00e4r det g\u00e4ller f\u00e4rgval omfattar denna omfattning f\u00f6ljande<\/p>\n<p>- Svart het<\/p>\n<p>- Vit het<\/p>\n<p>- R\u00f6d het<\/p>\n<p>- Gr\u00f6n het<\/p>\n<p>- J\u00e4rnr\u00f6d<\/p>\n<p>- Fusion<\/p>\n<p>T\u00e4nk p\u00e5 att n\u00e4r du sitter utomhus \u00e4r de olika f\u00e4rgvalen viktiga eftersom du inte alltid kan f\u00e5 en riktigt bra bild av din \"vanliga\" f\u00e4rgskala under vissa v\u00e4derf\u00f6rh\u00e5llanden.<\/p>\n<p>Prova att byta f\u00e4rg och du kan ofta f\u00e5 lite extra sk\u00e4rpa p\u00e5 m\u00e5let.<\/p>\n<p>&nbsp;<\/p>\n<p>TC23S-335 har en grundf\u00f6rstoring p\u00e5 3,34x och d\u00e4refter en digital zoom p\u00e5 2x (6,68x f\u00f6rstoring), 4x (13,36x f\u00f6rstoring) och 8x (26,72x f\u00f6rstoring)<\/p>\n<p>F\u00f6rstoringen \u00e4ndras enkelt med hj\u00e4lp av knapparna p\u00e5 baksidan<\/p>\n<p>&nbsp;<\/p>\n<p>Siktet \u00e4r ocks\u00e5 utrustat med Hot Spot Tracking, vilket inneb\u00e4r att displayen i siktet visar var det \u00e4r som varmast i det omr\u00e5de du observerar, denna funktion kan aktiveras eller avaktiveras<\/p>\n<p>Du kan ocks\u00e5 aktivera PIP (Picture In Picture) och d\u00e5 visas en ruta l\u00e4ngst upp i mitten av sk\u00e4rmen som visar en f\u00f6rstoring av mitten av tr\u00e5dkorset.<\/p>\n<p>&nbsp;<\/p>\n<p>NNPO TC23S-modellerna har inte heller n\u00e5got inbyggt batteri som kan f\u00f6rhindra laddning, lossning etc., utan drivs av ett 21700- eller 18650-batteri som sitter korsvis i mitten av kikarhuset.<\/p>\n<p>Observera att batteritiden f\u00f6rkortas vid anv\u00e4ndning av 18650-batterier j\u00e4mf\u00f6rt med 21700-batterier.<\/p>\n<p>PRESENTATION<\/p>\n<p><iframe title=\"NNPO TC23S INTRODUKTION\" width=\"800\" height=\"450\" src=\"https:\/\/www.youtube.com\/embed\/f405hDP3-3c?feature=oembed\" frameborder=\"0\" allow=\"accelerometer; autoplay; clipboard-write; encrypted-media; gyroscope; picture-in-picture; web-share\" referrerpolicy=\"strict-origin-when-cross-origin\" allowfullscreen><\/iframe><\/p>\n<p>&nbsp;<\/p>\n<p>OFFICIELLA FAKTA<\/p>\n<p>Modell TC23S-335 LRF<\/p>\n<p>Objektiv 35 mm<\/p>\n<p>V\u00e4rmesensor Vox 384*288<\/p>\n<p>Total f\u00f6rstoring 3,34-26,75\u00d7<\/p>\n<p>NEDT \u226425 mk<\/p>\n<p>Pixelstorlek 12 \u03bcm<\/p>\n<p>Bildfrekvens 50 Hz<\/p>\n<p>Sk\u00e4rmuppl\u00f6sning 1024*768 OLED<\/p>\n<p>Digital zoom 2\u00d7, 4\u00d7, 8\u00d7<\/p>\n<p>Synf\u00e4lt (HxV) 7,5\u00b0\u00d75,7<\/p>\n<p>\u00d6gonavlastning 48 mm<\/p>\n<p>Dioptrier (intervall) \u00b15<\/p>\n<p>Kompensationsmetod Slutarkalibrering, scenkalibrering, automatisk kalibrering<\/p>\n<p>N\u00e4th\u00e5l 8 stilar, 5 f\u00e4rger<\/p>\n<p>Palett Vit varm, Svart varm, R\u00f6d varm, Gr\u00f6n varm, J\u00e4rnr\u00f6d, Fusion<\/p>\n<p>Enkelbatteri 21700 eller 18650<\/p>\n<p>Pip Ja<\/p>\n<p>WIFI Anslut med telefonappen<\/p>\n<p>E-kompass Ja<\/p>\n<p>3D-gyroskop Ja<\/p>\n<p>Heta sp\u00e5r Ja<\/p>\n<p>Ta en \u00f6gonblicksbild Ja<\/p>\n<p>Videobandspelare ja (med ljud)<\/p>\n<p>Laseravst\u00e5nd Ja<\/p>\n<p>Videoutg\u00e5ng CVBS<\/p>\n<p>Drifttid &gt;5 timmar<\/p>\n<p>Externt TYPE-C-gr\u00e4nssnitt<\/p>\n<p>H\u00f6lje Aluminiumlegering f\u00f6r flyg<\/p>\n<p>M\u00e5tt (mm) 400*86*81<\/p>\n<p>Vikt 850g<\/p>\n<p>Skyddsniv\u00e5 IP67<\/p>\n<p>Arbetstemperatur -20 \u2103...+60 \u2103<\/p>\n<p>NNPO har tre \u00e5rs garanti och service och reparation f\u00f6r Europa finns i Sverige hos Sk\u00e5nejakt<\/p>\n<p>Filml\u00e4nkar:<\/p>\n<p><a href=\"https:\/\/1drv.ms\/v\/s!AtASQoLElQQbhY8HbgmRwjbyAiXYdA?e=yaaDHX\">Foder<\/a><\/p>\n<p><a href=\"https:\/\/1drv.ms\/v\/s!AtASQoLElQQbhZMjT1jvhJ3h6Gnj1A?e=wjW6cC\">Vildsvin jordat 2<\/a><\/p>\n<p><a href=\"https:\/\/1drv.ms\/v\/s!AtASQoLElQQbhZMifrvBjvnLNBKBFg?e=6hf2xf\">Bussning 2<\/a><\/p>\n<p><a href=\"https:\/\/1drv.ms\/v\/s!AtASQoLElQQbhZMh633ydVeffrJ6oA?e=nPLZE7\">Vildsvin jordat 3<\/a><\/p>\n<p><a href=\"https:\/\/1drv.ms\/v\/s!AtASQoLElQQbhZMkdNw_wK4PShiZcA?e=8FWSEz\">Vildsvin grundst\u00f6tt<\/a><\/p>","protected":false},"excerpt":{"rendered":"<p>&nbsp;<\/p>\n<p>Filml\u00e4nkar finns i beskrivningen<\/p>","protected":false},"featured_media":1222,"template":"","meta":{"_acf_changed":false},"product_brand":[],"product_cat":[39],"product_tag":[],"class_list":{"0":"post-853","1":"product","2":"type-product","3":"status-publish","4":"has-post-thumbnail","6":"product_cat-nnpo-termisk","8":"first","9":"instock","10":"taxable","11":"shipping-taxable","12":"purchasable","13":"product-type-simple"},"acf":[],"publishpress_future_workflow_manual_trigger":{"enabledWorkflows":[]},"_links":{"self":[{"href":"https:\/\/varmevest.no\/sv\/wp-json\/wp\/v2\/product\/853"}],"collection":[{"href":"https:\/\/varmevest.no\/sv\/wp-json\/wp\/v2\/product"}],"about":[{"href":"https:\/\/varmevest.no\/sv\/wp-json\/wp\/v2\/types\/product"}],"wp:featuredmedia":[{"embeddable":true,"href":"https:\/\/varmevest.no\/sv\/wp-json\/wp\/v2\/media\/1222"}],"wp:attachment":[{"href":"https:\/\/varmevest.no\/sv\/wp-json\/wp\/v2\/media?parent=853"}],"wp:term":[{"taxonomy":"product_brand","embeddable":true,"href":"https:\/\/varmevest.no\/sv\/wp-json\/wp\/v2\/product_brand?post=853"},{"taxonomy":"product_cat","embeddable":true,"href":"https:\/\/varmevest.no\/sv\/wp-json\/wp\/v2\/product_cat?post=853"},{"taxonomy":"product_tag","embeddable":true,"href":"https:\/\/varmevest.no\/sv\/wp-json\/wp\/v2\/product_tag?post=853"}],"curies":[{"name":"wp","href":"https:\/\/api.w.org\/{rel}","templated":true}]}}