{"id":676,"date":"2023-09-25T09:22:03","date_gmt":"2023-09-25T07:22:03","guid":{"rendered":"https:\/\/www.varmevest.no\/?post_type=product&#038;p=676"},"modified":"2025-02-07T10:22:36","modified_gmt":"2025-02-07T08:22:36","slug":"vakuumposer-200-my","status":"publish","type":"product","link":"https:\/\/varmevest.no\/sv\/produkt\/vakuumposer-200-my\/","title":{"rendered":"Vakuump\u00e5sar 200 min"},"content":{"rendered":"<div class=\"page\" title=\"Sidan 1\">\n<div class=\"layoutArea\">\n<div class=\"column\">\n<div class=\"page\" title=\"Sidan 1\">\n<div class=\"layoutArea\">\n<div class=\"column\">\n<p>Vakuump\u00e5sar med den mest l\u00e4mpliga pr\u00e4glingen f\u00f6r snabbare vakuumering. P\u00e5sarna \u00e4r tillverkade i den b\u00e4sta kvaliteten och tjockare plast (200my) \u00e4n v\u00e5ra konkurrenter, och f\u00f6rdelar fukten b\u00e4ttre inuti p\u00e5sen. En annan f\u00f6rdel med tjockare plast \u00e4r att hanteringen i frysen kan vara mindre skonsam och orsakar mindre skador p\u00e5 dina vakuumerade produkter.   Vakuump\u00e5sarna \u00e4r LFGB-godk\u00e4nda, detsamma g\u00e4ller f\u00f6r frysning och Sous Vid\u00e8.<\/p>\n<p>Vakuumerad mat har en h\u00e5llbarhet som f\u00f6rl\u00e4ngs 4-5 g\u00e5nger. Det g\u00f6r vakuumering perfekt f\u00f6r att bevara h\u00e5llbarheten p\u00e5 matrester eller f\u00f6r att frysa in t.ex. fisk, k\u00f6tt, svamp och b\u00e4r. P\u00e5sarna \u00e4r mycket enkla att anv\u00e4nda - du fyller p\u00e5sen, placerar den i vakuumf\u00f6rpackaren och ser till att den f\u00f6rsluter p\u00e5sen i slutet av processen.<\/p>\n<p>V\u00e5ra p\u00e5sar \u00e4r tillverkade med Easyrip. En liten flik i v\u00e4skan g\u00f6r den l\u00e4tt att \u00f6ppna utan kniv\/sax, vilket g\u00f6r att man slipper spill och kl\u00e4m.<\/p>\n<p>F\u00f6rpackningen inneh\u00e5ller 100 p\u00e5sar och passar de flesta vakuumf\u00f6rpackare.<\/p>\n<p>V\u00e4skorna finns ocks\u00e5 i olika storlekar:<br \/>\n13x50cm. 339,- per 100pk.<br \/>\n18\u00d726 cm. 269,- per 100pk.<br \/>\n20x20cm.  279,- per 100 st.<br \/>\n20x25cm. 289,- per 100pk.<br \/>\n20x30cm. 299,- per 100pk.<br \/>\n25x35cm. 319,- per 100 st.<br \/>\n25x40cm. 349,- per 100 st.<\/p>\n<p>Vi levererar \u00e4ven p\u00e5sar till kammarmaskiner, skicka en f\u00f6rfr\u00e5gan till post@varmevest.no<\/p>\n<p><a href=\"https:\/\/www.varmevest.no\/wp-content\/uploads\/2023\/09\/Samsvarserklaering-JBE-AS.pdf\">F\u00f6rs\u00e4kran om \u00f6verensst\u00e4mmelse JBE AS<\/a><\/p>\n<\/div>\n<\/div>\n<\/div>\n<\/div>\n<\/div>\n<\/div>\n<div class=\"page\" title=\"Sidan 1\">\n<div class=\"layoutArea\">\n<div class=\"column\">\n<div class=\"page\" title=\"Sidan 1\">\n<div class=\"layoutArea\">\n<div class=\"column\"><\/div>\n<\/div>\n<\/div>\n<\/div>\n<\/div>\n<\/div>","protected":false},"excerpt":{"rendered":"<ul class=\"dotted-list\">\n<li>F\u00f6rpackningen inneh\u00e5ller 100 p\u00e5sar<\/li>\n<li>200 mikron tjocklek<\/li>\n<li>Vakuump\u00e5sar redo att anv\u00e4ndas<\/li>\n<li class=\"dotted-list__item\">Passar de flesta vakuumf\u00f6rpackare<\/li>\n<li class=\"dotted-list__item\">F\u00f6rl\u00e4nger h\u00e5llbarheten hos livsmedel<\/li>\n<li class=\"dotted-list__item\">Godk\u00e4nd f\u00f6r infrysning och sous vide<\/li>\n<li class=\"dotted-list__item\">F\u00f6rdelar fukt v\u00e4l<\/li>\n<li>Easyrip<\/li>\n<li class=\"dotted-list__item\">LFGB-godk\u00e4nd<\/li>\n<\/ul>","protected":false},"featured_media":1229,"template":"","meta":{"_acf_changed":false},"product_brand":[],"product_cat":[41],"product_tag":[],"class_list":{"0":"post-676","1":"product","2":"type-product","3":"status-publish","4":"has-post-thumbnail","6":"product_cat-vakuumposer","8":"first","9":"instock","10":"taxable","11":"shipping-taxable","12":"purchasable","13":"product-type-variable"},"acf":[],"publishpress_future_workflow_manual_trigger":{"enabledWorkflows":[]},"_links":{"self":[{"href":"https:\/\/varmevest.no\/sv\/wp-json\/wp\/v2\/product\/676"}],"collection":[{"href":"https:\/\/varmevest.no\/sv\/wp-json\/wp\/v2\/product"}],"about":[{"href":"https:\/\/varmevest.no\/sv\/wp-json\/wp\/v2\/types\/product"}],"wp:featuredmedia":[{"embeddable":true,"href":"https:\/\/varmevest.no\/sv\/wp-json\/wp\/v2\/media\/1229"}],"wp:attachment":[{"href":"https:\/\/varmevest.no\/sv\/wp-json\/wp\/v2\/media?parent=676"}],"wp:term":[{"taxonomy":"product_brand","embeddable":true,"href":"https:\/\/varmevest.no\/sv\/wp-json\/wp\/v2\/product_brand?post=676"},{"taxonomy":"product_cat","embeddable":true,"href":"https:\/\/varmevest.no\/sv\/wp-json\/wp\/v2\/product_cat?post=676"},{"taxonomy":"product_tag","embeddable":true,"href":"https:\/\/varmevest.no\/sv\/wp-json\/wp\/v2\/product_tag?post=676"}],"curies":[{"name":"wp","href":"https:\/\/api.w.org\/{rel}","templated":true}]}}