{"id":637,"date":"2023-08-09T08:21:50","date_gmt":"2023-08-09T06:21:50","guid":{"rendered":"https:\/\/www.varmevest.no\/?post_type=product&#038;p=637"},"modified":"2024-12-02T00:02:31","modified_gmt":"2024-12-01T22:02:31","slug":"varmesokker","status":"publish","type":"product","link":"https:\/\/varmevest.no\/sv\/produkt\/varmesokker\/","title":{"rendered":"V\u00e4rme strumpor"},"content":{"rendered":"<p>Produktnamn: Elektriskt uppv\u00e4rmda strumpor<br \/>\nNominell sp\u00e4nning: 3,7V<br \/>\nNominell effekt: 4,0~4,5W<br \/>\nLaddningstid: 5-6H<br \/>\nServicetider Full effekt: 4-10H<br \/>\nEnkel str\u00f6mf\u00f6rs\u00f6rjning: 4000mAh\/5000mAh<br \/>\nNiv\u00e5: 4 niv\u00e5er av temperaturinst\u00e4llningar<br \/>\nUppv\u00e4rmningsmetod: v\u00e4rmetr\u00e5d<br \/>\nTermiskt intervall: 35-65\u00b0C<br \/>\nHuvudmaterial: 22,5 % viskosfiber, 52,5 % nylon,<br \/>\n10% polyester, 15% spandex<br \/>\nStorlek: 38 till 46<\/p>\n<p>BRUKSANVISNING:<\/p>\n<p>1 \u3001 Kontrollera batteriniv\u00e5n f\u00f6r det speciella batteriet f\u00f6r strumpor och ladda dem till fullt skick.<\/p>\n<p>2 \u3001 Skillnad mellan v\u00e4nster och h\u00f6ger strumpor och b\u00e4r dem korrekt, h\u00e5ll batterifickan p\u00e5 utsidan av vaden.<\/p>\n<p>3 \u3001 S\u00e4tt p\u00e5 dig strumpor och s\u00e4tt in DC-kontakten i batteriet \uff0c S\u00e4tt sedan in batteriet i batterifickan<\/p>\n<p>4 \u3001 Tryck p\u00e5 str\u00f6mbrytarknappen s\u00e5 t\u00e4nds batteriindikatorn och temperaturindikatorn. De fyra vita lamporna visar batteriniv\u00e5n. Fyra gr\u00f6na lampor indikerar 35\/45\/55\/65\u00b0C respektive.<\/p>\n<p>5 \u3001 Klicka p\u00e5 knappen f\u00f6r att justera temperaturen efter behov (alla lampor \u00e4r t\u00e4nda f\u00f6r h\u00f6gsta temp).<\/p>\n<p>6\u3001 Tryck p\u00e5 str\u00f6mbrytaren i 2 sekunder f\u00f6r att st\u00e4nga av.<\/p>\n<p>TV\u00c4TTR\u00c5D:<\/p>\n<p>1 \u3001 Vattentemperaturen b\u00f6r inte \u00f6verstiga 122 \u00b0 F (50 \u2103)<\/p>\n<p>2 \u3001 Batteriet m\u00e5ste tas bort f\u00f6re tv\u00e4tt \/ reng\u00f6ring (observera att batteriet inte kan tv\u00e4ttas med vatten)<\/p>\n<p>3 \u3001 Strumpor m\u00e5ste placeras i tv\u00e4ttp\u00e5sen n\u00e4r du tv\u00e4ttar i maskin. Handtv\u00e4tt rekommenderas f\u00f6r mer s\u00e4kerhet<\/p>\n<p>4 \u3001 Ta ut n\u00e4tsladden och torka den naturligt efter tv\u00e4tt<\/p>\n<p>5 \u3001 Anv\u00e4nd inte ett strykj\u00e4rn med h\u00f6g temperatur eller torka det vid h\u00f6g temperatur<\/p>\n<p>S\u00c4KERHETSANVISNINGAR:<\/p>\n<p>1 \u3001 Anv\u00e4nd endast och v\u00e4rm upp strumporna med det medf\u00f6ljande batteriet.<\/p>\n<p>2 \u3001 Rekommenderas att ladda och aktivera det var 60: e dag om batteriet inte anv\u00e4nds ofta.<\/p>\n<p>3 \u3001 Rekommenderas att inte anv\u00e4nda h\u00f6g temperatur under l\u00e5ng tid f\u00f6r att undvika obehag i huden.<\/p>\n<p>4 \u3001 Anv\u00e4nd inte under s\u00f6mnen p\u00e5 natten f\u00f6r att f\u00f6rhindra br\u00e4nnskador vid l\u00e5g temperatur.<\/p>\n<p>5 \u3001 N\u00e4r du inte anv\u00e4nder produkten, koppla ur batteriet f\u00f6r f\u00f6rvaring.<\/p>\n<p>6 \u3001 Rekommenderas f\u00f6r anv\u00e4ndning p\u00e5 personer som inte \u00e4r k\u00e4nsliga f\u00f6r v\u00e4rme.<\/p>\n<p>7 \u3001 Detta \u00e4r endast en elektronisk h\u00e4lsoprodukt f\u00f6r hush\u00e5llet och ska inte anv\u00e4ndas f\u00f6r diagnostiska, terapeutiska eller andra kommersiella \u00e4ndam\u00e5l.<\/p>\n<p>8 \u3001 Batteriet ska inte vara n\u00e4ra eldk\u00e4llor eller f\u00f6rem\u00e5l med h\u00f6g temperatur.<\/p>\n<p>ANSVARSFRISKRIVNING:<\/p>\n<p>1 \u3001 N\u00e4rma dig inte h\u00f6g temperatur, brandfarliga eller explosiva f\u00f6rem\u00e5l.<\/p>\n<p>2 \u3001 Sl\u00e5 inte p\u00e5 batteriet med v\u00e5ld och demontera det inte<\/p>\n<p>eller s\u00e4tta ihop den igen.<\/p>","protected":false},"excerpt":{"rendered":"<p>Strumporna \u00e4r tillverkade av ett mycket elastiskt material. Den insydda v\u00e4rmetr\u00e5den under och \u00f6ver t\u00e5spetsarna i strumporna v\u00e4rmer upp t\u00e5rna och omr\u00e5det runtomkring, eftersom det \u00e4r d\u00e4r man blir kall f\u00f6rst. V\u00e4rmesockorna har en str\u00f6mbrytare p\u00e5 batteriet f\u00f6r p\u00e5\/av och temperaturreglering.<\/p>","protected":false},"featured_media":1232,"template":"","meta":{"_acf_changed":false},"product_brand":[],"product_cat":[21,40],"product_tag":[],"class_list":{"0":"post-637","1":"product","2":"type-product","3":"status-publish","4":"has-post-thumbnail","6":"product_cat-klaer","7":"product_cat-varmesokker","9":"first","10":"instock","11":"taxable","12":"shipping-taxable","13":"purchasable","14":"product-type-variable"},"acf":[],"publishpress_future_workflow_manual_trigger":{"enabledWorkflows":[]},"_links":{"self":[{"href":"https:\/\/varmevest.no\/sv\/wp-json\/wp\/v2\/product\/637"}],"collection":[{"href":"https:\/\/varmevest.no\/sv\/wp-json\/wp\/v2\/product"}],"about":[{"href":"https:\/\/varmevest.no\/sv\/wp-json\/wp\/v2\/types\/product"}],"wp:featuredmedia":[{"embeddable":true,"href":"https:\/\/varmevest.no\/sv\/wp-json\/wp\/v2\/media\/1232"}],"wp:attachment":[{"href":"https:\/\/varmevest.no\/sv\/wp-json\/wp\/v2\/media?parent=637"}],"wp:term":[{"taxonomy":"product_brand","embeddable":true,"href":"https:\/\/varmevest.no\/sv\/wp-json\/wp\/v2\/product_brand?post=637"},{"taxonomy":"product_cat","embeddable":true,"href":"https:\/\/varmevest.no\/sv\/wp-json\/wp\/v2\/product_cat?post=637"},{"taxonomy":"product_tag","embeddable":true,"href":"https:\/\/varmevest.no\/sv\/wp-json\/wp\/v2\/product_tag?post=637"}],"curies":[{"name":"wp","href":"https:\/\/api.w.org\/{rel}","templated":true}]}}