{"id":561,"date":"2023-05-05T08:46:49","date_gmt":"2023-05-05T06:46:49","guid":{"rendered":"https:\/\/www.varmevest.no\/?post_type=product&#038;p=561"},"modified":"2024-12-02T00:02:29","modified_gmt":"2024-12-01T22:02:29","slug":"forspreder","status":"publish","type":"product","link":"https:\/\/varmevest.no\/sv\/produkt\/forspreder\/","title":{"rendered":"Spridare"},"content":{"rendered":"<p>\u2713 Effektiv utfodring p\u00e5 ett enkelt s\u00e4tt!<\/p>\n<p>Uppt\u00e4ck D\u00d6RR Compact foderspridare - din p\u00e5litliga partner f\u00f6r effektiv utfodring av vilt och fj\u00e4derf\u00e4. Anv\u00e4nd utfodringsautomaten speciellt f\u00f6r distraktionsutfodring, f\u00f6r utfodring i h\u00e4gnet samt vid utfodringsplatsen p\u00e5 din jaktmark. Med enast\u00e5ende funktioner och innovativ design imponerar foderautomaten p\u00e5 alla s\u00e4tt.<\/p>\n<p>&nbsp;<\/p>\n<p>\u2713 Anpassade matningstider<\/p>\n<p>Denna automatiska foderautomat \u00e4r den perfekta partnern f\u00f6r en naturlig utfodringsrutin. Hjortar, vildsvin, r\u00e4var, fj\u00e4derf\u00e4, sm\u00e5vilt och \u00e4ven fiskar kan dra nytta av denna p\u00e5litliga hj\u00e4lpreda. Med upp till 4 programmerbara utfodringstider per dag kan du skapa en p\u00e5litlig rutin som lockar till sig vilt och m\u00f6jligg\u00f6r riktad distraktionsutfodring f\u00f6r att minimera viltskador.<\/p>\n<p>&nbsp;<\/p>\n<p>\u2713 M\u00e5ngsidigt foderval och exakt kontroll<\/p>\n<p>Sprid majs, spannm\u00e5l och annat med l\u00e4tthet. Foderspridaren f\u00f6rdelar en m\u00e4ngd olika typer av foder och kan anpassas optimalt till ditt spels behov. Utmatningstiden kan justeras fr\u00e5n 1-30 sekunder - f\u00f6r en exakt dosering av foder. Cirka 125 g majs eller fullkorn kan spridas per sekund, vilket ger en perfekt foderf\u00f6rdelning.<\/p>\n<p>&nbsp;<\/p>\n<p>\u2713 Gener\u00f6st urval<\/p>\n<p>En spridningsr\u00e4ckvidd p\u00e5 upp till 7 meter m\u00f6jligg\u00f6r storskalig tillf\u00f6rsel. R\u00e4ckvidden varierar beroende p\u00e5 foderbitarnas storlek och vikt samt foderspridarens position. Oavsett om det g\u00e4ller distraktionsutfodring eller regelbunden utfodring - D\u00d6RR foderspridare bevisar sitt v\u00e4rde i alla situationer. Den automatiska foderf\u00f6rdelningen med hj\u00e4lp av den bitt\u00e5liga metallspinnskivan s\u00e4kerst\u00e4ller en j\u00e4mn och kontrollerad spridning.<\/p>\n<p>&nbsp;<\/p>\n<p>\u2713 Hopf\u00e4llbar beh\u00e5llare<\/p>\n<p>Den robusta foderbeh\u00e5llaren av v\u00e4derbest\u00e4ndigt material rymmer upp till 20 kg eller 25 liter foder. De 3 teleskopiska beh\u00e5llarsektionerna avsmalnar in i varandra, vilket m\u00f6jligg\u00f6r utrymmesbesparande transport och f\u00f6rvaring. Ett robust metallf\u00e4ste p\u00e5 f\u00f6rvaringsbeh\u00e5llaren ser till att foderautomaten \u00e4r s\u00e4kert upph\u00e4ngd. F\u00f6r l\u00e5ngvarig anv\u00e4ndning som klarar alla utmaningar<\/p>\n<p>\u2713 Extra l\u00e5ng drifttid<\/p>\n<p>Mataren drivs av 4x AA-batterier (ing\u00e5r ej) som ger en tillf\u00f6rlitlig och tr\u00e5dl\u00f6s str\u00f6mk\u00e4lla. Med nya batterier kan du anv\u00e4nda mataren i upp till ett helt \u00e5r med en matning per dag med en varaktighet p\u00e5 5 sekunder. 6 V-anslutningen f\u00f6r en solpanel (tillval) fr\u00e4mjar h\u00e5llbarhet.<\/p>\n<p>&nbsp;<\/p>\n<p>G\u00f6r D\u00d6RR Compact Feeder till din partner f\u00f6r effektiv och h\u00e5llbar utfodring. Lita p\u00e5 precision och tillf\u00f6rlitlighet - f\u00f6r optimala resultat vid utfodring av vilt och fj\u00e4derf\u00e4. Best\u00e4ll nu och upplev n\u00e4sta generations utfodringshantering!<\/p>","protected":false},"excerpt":{"rendered":"<p>V\u00e5r enkla, praktiska och effektiva spridare.<\/p>\n<p>\u2705 Effektiv utfodring p\u00e5 ett enkelt s\u00e4tt!<\/p>\n<p>\u2705 Anpassade matningstider<\/p>\n<p>\u2705 M\u00e5ngsidigt foderval och exakt kontroll<\/p>\n<p>\u2705 Gener\u00f6st urval<\/p>\n<p>\u2705 Hopf\u00e4llbar beh\u00e5llare<\/p>\n<p>\u2705 Extra l\u00e5ng drifttid<\/p>","protected":false},"featured_media":1241,"template":"","meta":{"_acf_changed":false},"product_brand":[],"product_cat":[37,24],"product_tag":[35,36,38],"class_list":{"0":"post-561","1":"product","2":"type-product","3":"status-publish","4":"has-post-thumbnail","6":"product_cat-forspreder","7":"product_cat-tilbehor","8":"product_tag-forautomat","9":"product_tag-foringsautomat","10":"product_tag-forspreder","12":"first","13":"instock","14":"taxable","15":"shipping-taxable","16":"purchasable","17":"product-type-simple"},"acf":[],"publishpress_future_workflow_manual_trigger":{"enabledWorkflows":[]},"_links":{"self":[{"href":"https:\/\/varmevest.no\/sv\/wp-json\/wp\/v2\/product\/561"}],"collection":[{"href":"https:\/\/varmevest.no\/sv\/wp-json\/wp\/v2\/product"}],"about":[{"href":"https:\/\/varmevest.no\/sv\/wp-json\/wp\/v2\/types\/product"}],"wp:featuredmedia":[{"embeddable":true,"href":"https:\/\/varmevest.no\/sv\/wp-json\/wp\/v2\/media\/1241"}],"wp:attachment":[{"href":"https:\/\/varmevest.no\/sv\/wp-json\/wp\/v2\/media?parent=561"}],"wp:term":[{"taxonomy":"product_brand","embeddable":true,"href":"https:\/\/varmevest.no\/sv\/wp-json\/wp\/v2\/product_brand?post=561"},{"taxonomy":"product_cat","embeddable":true,"href":"https:\/\/varmevest.no\/sv\/wp-json\/wp\/v2\/product_cat?post=561"},{"taxonomy":"product_tag","embeddable":true,"href":"https:\/\/varmevest.no\/sv\/wp-json\/wp\/v2\/product_tag?post=561"}],"curies":[{"name":"wp","href":"https:\/\/api.w.org\/{rel}","templated":true}]}}