{"id":559,"date":"2023-05-04T16:16:05","date_gmt":"2023-05-04T14:16:05","guid":{"rendered":"https:\/\/www.varmevest.no\/?post_type=product&#038;p=559"},"modified":"2025-01-02T09:54:20","modified_gmt":"2025-01-02T07:54:20","slug":"niteforce-3m-ekstern-batterikabel","status":"publish","type":"product","link":"https:\/\/varmevest.no\/sv\/produkt\/niteforce-3m-ekstern-batterikabel\/","title":{"rendered":"NITEforce 3m extern batterikabel"},"content":{"rendered":"<p>BESKRIVNING<\/p>\n<p>NITEforce 3m viltkamera\/batterikabel f\u00f6r extern str\u00f6mk\u00e4lla (6V eller 12V batteri).<\/p>\n<p>&nbsp;<\/p>\n<p>Den 3 m l\u00e5nga batterikabeln f\u00f6r viltkameror fr\u00e5n NITEforce g\u00f6r det m\u00f6jligt att ansluta ett externt 6 V- eller 12 V-batteri till din viltkamera. Drifttiden f\u00f6r din viltkamera blir betydligt l\u00e4ngre, t.ex. p\u00e5 vintern, och du sparar AA-batterier genom att anv\u00e4nda ett uppladdningsbart externt batteri.<\/p>\n<p>&nbsp;<\/p>\n<p>En l\u00e5ng batterikabel p\u00e5 3 meter g\u00f6r att viltkameran kan placeras b\u00e4ttre i terr\u00e4ngen \u00e4n korta kablar, och det externa batteriet kan g\u00f6mmas i en plastp\u00e5se vid foten av ett tr\u00e4d utom synh\u00e5ll.<\/p>\n<p>&nbsp;<\/p>\n<p>Den lilla runda kontakten (1,7 mm DC) p\u00e5 NITEforce 3m batterikabel \u00e4r l\u00e4mplig f\u00f6r alla viltkameror som st\u00f6der en extern (6V\/12) str\u00f6mf\u00f6rs\u00f6rjning, t.ex. NITEforce MAX and Stream, Uovision, S-Promise, D\u00d6RR, Seissiger, MINOX, LTL Acorn, Willfine, KeepGuard, Boly.<\/p>\n<p>&nbsp;<\/p>\n<p>Med NITEforce 3 m batterikabel kan du anv\u00e4nda upp till 6 mm breda platta batterikontakter. Anslutningsplintarna \u00e4r markerade med f\u00e4rgkoder: R\u00f6d + pol och bl\u00e5 - pol<\/p>\n<p>&nbsp;<\/p>\n<p>* Batterikabel f\u00f6r anv\u00e4ndning med en extern str\u00f6mk\u00e4lla (6 V eller 12 V batteri).<\/p>\n<p>* Kompatibel 1,7 mm DC-kontakt f\u00f6r alla trailerkameror som har st\u00f6d f\u00f6r en extern str\u00f6mk\u00e4lla<\/p>\n<p>* Kompatibel med de flesta tillverkare av spelkameror<\/p>\n<p>*Garanti f\u00f6r tillverknings- eller materialfel \u00bd \u00e5r<\/p>\n<p>&nbsp;<\/p>\n<p><span style=\"color: #ff0000;\">BRUKSANVISNING: H\u00c4R.<\/span><\/p>","protected":false},"excerpt":{"rendered":"<p>3m batterikabel f\u00f6r 6V\/12V extern str\u00f6mk\u00e4lla | NITEforce<\/p>\n<p>NITEforce kamera\/batterikabel f\u00f6r vilda djur \u00e4r 3 meter l\u00e5ng! En tillr\u00e4ckligt l\u00e5ng batterikabel g\u00f6r det m\u00f6jligt att placera kameran och det externa batteriet i terr\u00e4ngen b\u00e4ttre \u00e4n med korta kablar! Passar de flesta viltkameror och st\u00f6der externa 6V- och 12V-batterier!<\/p>","protected":false},"featured_media":560,"template":"","meta":{"_acf_changed":false},"product_brand":[],"product_cat":[32,24],"product_tag":[31,33,34],"class_list":{"0":"post-559","1":"product","2":"type-product","3":"status-publish","4":"has-post-thumbnail","6":"product_cat-niteforce-kamera","7":"product_cat-tilbehor","8":"product_tag-kamera","9":"product_tag-overvakningskamera","10":"product_tag-viltkamera","12":"first","13":"instock","14":"taxable","15":"shipping-taxable","16":"purchasable","17":"product-type-simple"},"acf":[],"publishpress_future_workflow_manual_trigger":{"enabledWorkflows":[]},"_links":{"self":[{"href":"https:\/\/varmevest.no\/sv\/wp-json\/wp\/v2\/product\/559"}],"collection":[{"href":"https:\/\/varmevest.no\/sv\/wp-json\/wp\/v2\/product"}],"about":[{"href":"https:\/\/varmevest.no\/sv\/wp-json\/wp\/v2\/types\/product"}],"wp:featuredmedia":[{"embeddable":true,"href":"https:\/\/varmevest.no\/sv\/wp-json\/wp\/v2\/media\/560"}],"wp:attachment":[{"href":"https:\/\/varmevest.no\/sv\/wp-json\/wp\/v2\/media?parent=559"}],"wp:term":[{"taxonomy":"product_brand","embeddable":true,"href":"https:\/\/varmevest.no\/sv\/wp-json\/wp\/v2\/product_brand?post=559"},{"taxonomy":"product_cat","embeddable":true,"href":"https:\/\/varmevest.no\/sv\/wp-json\/wp\/v2\/product_cat?post=559"},{"taxonomy":"product_tag","embeddable":true,"href":"https:\/\/varmevest.no\/sv\/wp-json\/wp\/v2\/product_tag?post=559"}],"curies":[{"name":"wp","href":"https:\/\/api.w.org\/{rel}","templated":true}]}}