{"id":555,"date":"2023-05-04T16:12:29","date_gmt":"2023-05-04T14:12:29","guid":{"rendered":"https:\/\/www.varmevest.no\/?post_type=product&#038;p=555"},"modified":"2024-09-18T14:21:10","modified_gmt":"2024-09-18T12:21:10","slug":"niteforce-360-live","status":"publish","type":"product","link":"https:\/\/varmevest.no\/sv\/produkt\/niteforce-360-live\/","title":{"rendered":"NITEforce 360 Live"},"content":{"rendered":"<p>BESKRIVNING<\/p>\n<p>NITEforce LIVE 360 Green Wildlife Camera \u00f6ppnar en livevy p\u00e5 plats! Du kan ansluta till din kamera n\u00e4r som helst och var som helst och titta och lyssna live online f\u00f6r att se vad som h\u00e4nder! Kameran kan roteras p\u00e5 distans och kan v\u00e4ndas om och n\u00e4r motivet r\u00f6r sig.<\/p>\n<p>&nbsp;<\/p>\n<p>Med NITEforce LIVE 360 Green viltkamera kan du som tillval spela in en videovy med ljud till den kostnadsfria UCon fj\u00e4rrkontroll APP. Med UCon APP kan du fj\u00e4rrstyra kameran eller \u00e4ndra inst\u00e4llningar p\u00e5 distans.<\/p>\n<p>&nbsp;<\/p>\n<p>NITEforce LIVE 360 Green Wildlife Camera \u00e4r ett riktigt \u00f6vervakningscenter f\u00f6r v\u00e5r- eller s\u00e4kerhets\u00f6vervakning och kan anv\u00e4ndas av flera anv\u00e4ndare fr\u00e5n deras egna mobiltelefoner. Diskret viltkamera med 4G-anslutning f\u00f6r utomhus- eller inomhusbruk \u00e5ret runt. Du kan ut\u00f6va \u00f6vervakning utan att v\u00e4cka uppm\u00e4rksamhet!<\/p>\n<p>&nbsp;<\/p>\n<p>GRATIS UCON APP (ANDROID &amp; iOS)<\/p>\n<p>Kameran fj\u00e4rrstyrs med UCon APP. Genom den kan du enkelt vrida eller rotera kameran i \u00f6nskade riktningar och zooma. Alla inst\u00e4llningar hanteras enkelt med samma applikation. Inspelningarna sparas i applikationen, varifr\u00e5n de kan delas. Med hj\u00e4lp av applikationen kan flera personer \u00f6vervaka samma kamera med ett anv\u00e4ndarnamn.<\/p>\n<p>UCon APP f\u00f6r Android-telefoner finns i Google Play-butiken <a href=\"https:\/\/play.google.com\/store\/search?q=ucon&amp;c=apps&amp;pli=1\">H\u00c4R!<\/a><\/p>\n<p>UCon APP f\u00f6r iOS-telefoner finns i Apple Store <a href=\"https:\/\/apps.apple.com\/fi\/app\/ucon\/id1513302809?l=fi\">https:\/\/apps.apple.com\/fi\/app\/ucon\/id1513302809?l=fi<\/a><\/p>\n<p>&nbsp;<\/p>\n<p>4G LTE SIM<\/p>\n<p>F\u00f6r att kunna anv\u00e4nda kameran kr\u00e4vs ett SIM-kort och ett abonnemang som st\u00f6der 4G LTE-anslutning. N\u00e4r du v\u00e4ljer operat\u00f6r, se till att SIM-kortets data\u00f6verf\u00f6ringshastighet st\u00f6der \u00f6verf\u00f6ring av livevideo (uppladdning 5 MB\/sek). Kameran fungerar \u00e4ven med s\u00e5 kallade Pre-paid SIM-kort. Kom ih\u00e5g att avaktivera PIN-koden fr\u00e5n SIM-kortet.<\/p>\n<p>&nbsp;<\/p>\n<p>355\u00b0 PANORAMAUTSIKT &amp; 90\u00b0 TILT OCH ZOOM<\/p>\n<p>N\u00e4r du f\u00e5r ett meddelande fr\u00e5n din kamera kan du \u00f6ppna en live-anslutning och v\u00e4nda kameravyn till \u00f6nskad sidovy (panorama) eller upp\u00e5t\/ned\u00e5t (tilt). Den breda panoramasv\u00e4ngningen s\u00e4kerst\u00e4ller att det inte finns n\u00e5gra luckor p\u00e5 sidorna och den optimala lutningen ser upp och hela v\u00e4gen ner. Zoomfunktionen (+\/-) g\u00f6r att du kan fokusera n\u00e4rmare p\u00e5 motivet. Kamerans vridbarhet \u00e4r en f\u00f6rdel om du vill \u00f6vervaka ett st\u00f6rre f\u00e4ltomr\u00e5de, t.ex. om hjortarna befinner sig p\u00e5 andra sidan f\u00e4lt\u00f6ppningen.<\/p>\n<p>&nbsp;<\/p>\n<p>2K VIDEO<\/p>\n<p>N\u00e4r kameran uppt\u00e4cker r\u00f6relse spelar den automatiskt in 2K (HD 2668\u00d71440) true high definition-videor med skarp uppl\u00f6sning. Med en knapptryckning spelar kameran in videoklipp p\u00e5 max. 60 sekunder, om s\u00e5 \u00f6nskas.<\/p>\n<p>&nbsp;<\/p>\n<p>INFRABLIXT OCH LJUS LED-BLIXT<\/p>\n<p>Kameran kan v\u00e4lja mellan 2 olika blixtar f\u00f6r nattfotografering med 2K-uppl\u00f6sning. Infraflash tar svartvita foton eller videor p\u00e5 natten och den ljusstarka LED-blixten belyser foton och videor i f\u00e4rg. F\u00f6rutom att filma \u00e4r den ocks\u00e5 l\u00e4mplig att anv\u00e4nda som \u00f6vervakningskamera. Den kan anv\u00e4ndas f\u00f6r att observera tjuvar och spela in en video av dem. N\u00e4r du vill skr\u00e4mma en tjuv \u00e4r en ljussignal i realtid med en ljusstark LED-blixt och skrik i h\u00f6gtalaren en effektiv kombination.<\/p>\n<p>&nbsp;<\/p>\n<p>2-V\u00c4GS AUDIO (LJUD)<\/p>\n<p>Kameran har en inbyggd ljudinsamlande mikrofon som f\u00e5ngar upp ljuden runt kameran. Du kan h\u00f6ra ljuden med h\u00f6gtalarna p\u00e5 din mobiltelefon i live-l\u00e4ge. Du kan ocks\u00e5 fritt sl\u00e5 p\u00e5 tv\u00e5v\u00e4gsljudet, vilket g\u00f6r att du kan kommunicera med kameror i n\u00e4rheten, t.ex. kan o\u00f6nskade kr\u00e5kor skr\u00e4mmas bort fr\u00e5n matningsplatsen med en m\u00e4nsklig r\u00f6st.<\/p>\n<p>&nbsp;<\/p>\n<p>0,5 sek PIR-givare f\u00f6r v\u00e4rmer\u00f6relser<\/p>\n<p>Kameran \u00e4r utrustad med en 0,5 sek snabb PIR-r\u00f6relsedetektor med en smart algoritm f\u00f6r artificiell intelligens. Tillsammans f\u00f6rb\u00e4ttrar de detekteringsf\u00f6rm\u00e5gan f\u00f6r m\u00e4nniskor och djur och minskar antalet falsklarm som orsakas av regn, insekter, grenar, l\u00e5ngt gr\u00e4s etc. N\u00e4r kameran utl\u00f6ses spelar den automatiskt in p\u00e5 micro SD-minneskortet och skickar en larmmeddelelse i realtid till mobiltelefonen om videoinspelningen.<\/p>\n<p>&nbsp;<\/p>\n<p>8000mAh kraftfullt batteri<\/p>\n<p>Kameran har ett inbyggt 8000mAh-batteri som klarar temperaturer ned till -20\u00b0C. Den 4W solpanel som medf\u00f6ljer kameran laddar kamerans interna batteri under soliga m\u00e5nader. Under m\u00f6rka och sn\u00f6iga vintrar kan kamerans interna batteri laddas med NITEforce DC-laddare, som \u00e4r ansluten till ett externt 12-voltsbatteri. Kameran kan ocks\u00e5 anslutas till ett AC\/DC-str\u00f6muttag med en egen mobilladdare (5V\/2A). Kameran har en v\u00e4derskyddad USB-C-port av standardtyp som str\u00f6ming\u00e5ng. En USB-C-kabel medf\u00f6ljer kameran.<\/p>\n<p>&nbsp;<\/p>\n<p>4W SOLPANEL<\/p>\n<p>En 4W solpanel medf\u00f6ljer kamerasatsen. Solpanelen omvandlar gratis solenergi till driftstr\u00f6m f\u00f6r kameran. Solpanelen ansluts till kamerans str\u00f6muttag med hj\u00e4lp av en USB-C-kabel. Gratis solenergi driver kamerans interna 8000mAh-batteri. Under soliga f\u00f6rh\u00e5llanden kan du anv\u00e4nda solpanelen i upp till 365 dagar. Du kan installera din viltkamera utomhus utan att beh\u00f6va oroa dig f\u00f6r str\u00f6mf\u00f6rs\u00f6rjningsproblem.<\/p>\n<p>&nbsp;<\/p>\n<p>IP66 V\u00e4derbest\u00e4ndighet<\/p>\n<p>Kameran \u00e4r v\u00e4derbest\u00e4ndig IP66. Kameran fungerar mellan temperaturer: -20\u00b0C till +60\u00b0. Tack vare det vattent\u00e4ta och robusta h\u00f6ljet t\u00e5l kameran b\u00e5de regn, sol och kyla. P\u00e5 vintern kan en eventuell tung sn\u00f6belastning p\u00e5 kamerans ovansida f\u00f6rhindras med ett sn\u00f6skydd.<\/p>\n<p>&nbsp;<\/p>\n<p>CAMO-F\u00c4RG<\/p>\n<p>Kamerans f\u00e4rgm\u00f6nster \u00e4r camo-terrain-m\u00f6nstrat, vilket hj\u00e4lper den att g\u00f6mma sig b\u00e4ttre i terr\u00e4ngen. Kameror med kamouflagem\u00f6nster och som anv\u00e4nder infrablixt drar till sig mindre uppm\u00e4rksamhet genom att g\u00e5 f\u00f6rbi m\u00e4nniskor och djur.<\/p>\n<p>&nbsp;<\/p>\n<p>KARAKTERER<\/p>\n<p>3 inspelningsl\u00e4gen: foto, video, foto+video<\/p>\n<p>2K HD-videouppl\u00f6sning (dag och natt)<\/p>\n<p>V\u00e4ndbara betraktningsvinklar: panorama 355\u00b0, lutning 90\u00b0<\/p>\n<p>ZOOM-fokus<\/p>\n<p>2-v\u00e4gs samtal (ljud)<\/p>\n<p>0,5 sek PIR termisk r\u00f6relsedetektering<\/p>\n<p>R\u00e4ckvidd f\u00f6r infrablixtbelysning: 18m<\/p>\n<p>2 olika blixtar som tillval: svartvitt nattl\u00e4ge (infrablixt), f\u00e4rgnattl\u00e4ge (stark LED-blixt)<\/p>\n<p>Gratis UCon APP (Android och iOS)<\/p>\n<p>St\u00f6d f\u00f6r delning av flera anv\u00e4ndare med samma inloggningsuppgifter<\/p>\n<p>Molnlagring och lagring p\u00e5 micro SD-kort<\/p>\n<p>Inbyggt 8000mAh uppladdningsbart batteri<\/p>\n<p>IP66 v\u00e4derbest\u00e4ndighet<\/p>\n<p>L\u00f6senordsskydd<\/p>\n<p>Garanti: 1 \u00e5r<\/p>\n<p>&nbsp;<\/p>\n<p>Anv\u00e4ndarhandboken kan laddas ner <a href=\"https:\/\/www.niteforce.mobi\/wp-content\/uploads\/2023\/05\/NITEforce-LIVE-360-Green-User-Manual-EN-FIN.pdf\">https:\/\/www.niteforce.mobi\/wp-content\/uploads\/2023\/05\/NITEforce-LIVE-360-Green-User-Manual-EN-FIN.pdf<\/a><\/p>\n<p>INNEH\u00c5LLER<\/p>\n<p>LTE 4G sp\u00e5rkamera, monteringsb\u00e4lte, monteringsf\u00e4ste och skruvar, 16 GB micro SD-minneskort, 4W solpanel och f\u00e4ste, USB-C-kabel, anv\u00e4ndarhandbok, UCon APP-applikation<\/p>","protected":false},"excerpt":{"rendered":"<p>NITEforce LIVE 360 Green Wildlife Camera \u00f6ppnar en livevy p\u00e5 plats! Du kan ansluta till din kamera n\u00e4r som helst och var som helst och titta och lyssna live online f\u00f6r att se vad som h\u00e4nder!<\/p>","protected":false},"featured_media":556,"template":"","meta":{"_acf_changed":false},"product_brand":[],"product_cat":[32],"product_tag":[31,33,34],"class_list":{"0":"post-555","1":"product","2":"type-product","3":"status-publish","4":"has-post-thumbnail","6":"product_cat-niteforce-kamera","7":"product_tag-kamera","8":"product_tag-overvakningskamera","9":"product_tag-viltkamera","11":"first","12":"instock","13":"taxable","14":"shipping-taxable","15":"purchasable","16":"product-type-simple"},"acf":[],"publishpress_future_workflow_manual_trigger":{"enabledWorkflows":[]},"_links":{"self":[{"href":"https:\/\/varmevest.no\/sv\/wp-json\/wp\/v2\/product\/555"}],"collection":[{"href":"https:\/\/varmevest.no\/sv\/wp-json\/wp\/v2\/product"}],"about":[{"href":"https:\/\/varmevest.no\/sv\/wp-json\/wp\/v2\/types\/product"}],"wp:featuredmedia":[{"embeddable":true,"href":"https:\/\/varmevest.no\/sv\/wp-json\/wp\/v2\/media\/556"}],"wp:attachment":[{"href":"https:\/\/varmevest.no\/sv\/wp-json\/wp\/v2\/media?parent=555"}],"wp:term":[{"taxonomy":"product_brand","embeddable":true,"href":"https:\/\/varmevest.no\/sv\/wp-json\/wp\/v2\/product_brand?post=555"},{"taxonomy":"product_cat","embeddable":true,"href":"https:\/\/varmevest.no\/sv\/wp-json\/wp\/v2\/product_cat?post=555"},{"taxonomy":"product_tag","embeddable":true,"href":"https:\/\/varmevest.no\/sv\/wp-json\/wp\/v2\/product_tag?post=555"}],"curies":[{"name":"wp","href":"https:\/\/api.w.org\/{rel}","templated":true}]}}