{"id":552,"date":"2023-05-04T16:05:27","date_gmt":"2023-05-04T14:05:27","guid":{"rendered":"https:\/\/www.varmevest.no\/?post_type=product&#038;p=552"},"modified":"2024-09-18T14:21:53","modified_gmt":"2024-09-18T12:21:53","slug":"niteforce-kamerafeste","status":"publish","type":"product","link":"https:\/\/varmevest.no\/sv\/produkt\/niteforce-kamerafeste\/","title":{"rendered":"NITEforce kameraf\u00e4ste"},"content":{"rendered":"<p>BESKRIVNING<\/p>\n<p>V\u00e4ggf\u00e4ste f\u00f6r kamera f\u00f6r vilda djur | NITEforce<\/p>\n<p>&nbsp;<\/p>\n<p>NITEforce v\u00e4ggf\u00e4ste f\u00f6r viltkamera g\u00f6r att din vilt- och \u00f6vervakningskamera kan f\u00e4stas p\u00e5 en v\u00e4gg eller annan direkt yta. Viltkamerans v\u00e4ggf\u00e4ste \u00e4r kompatibelt med alla vilt- och \u00f6vervakningskameror med monteringsg\u00e4ngor p\u00e5 undersidan eller bakstycket.<\/p>\n<p>&nbsp;<\/p>\n<p>V\u00e4ggf\u00e4stet f\u00f6r NITEforce viltkamera \u00e4r s\u00e4rskilt anv\u00e4ndbart n\u00e4r viltkameran anv\u00e4nds som \u00f6vervakningskamera och du vill f\u00e4sta den p\u00e5 v\u00e4ggen till en fastighet eller ett objekt.<\/p>\n<p>&nbsp;<\/p>\n<p>NITEforce kamerav\u00e4ggf\u00e4ste \u00e4r av l\u00e4ttviktsmetall och tillverkat av h\u00e5llbara material. Pulverlackerad f\u00e4rg svart. V\u00e4ggf\u00e4stet levereras med monteringsskruvar och pluggar (3 st). V\u00e4ggf\u00e4stet kan ocks\u00e5 anv\u00e4ndas med kamerask\u00e4rmar av metall.<\/p>\n<p>&nbsp;<\/p>\n<p>* V\u00e4ggf\u00e4ste f\u00f6r spel- och \u00f6vervakningskameror<\/p>\n<p>* Monteringsskruvar och pluggar ing\u00e5r<\/p>\n<p>* Slitstarkt metallmaterial<\/p>\n<p>* Svart pulverlackerad f\u00e4rg (se bild)<\/p>\n<p>* Kompatibel med alla spel- och \u00f6vervakningskameror<\/p>","protected":false},"excerpt":{"rendered":"<p>V\u00e4ggf\u00e4ste f\u00f6r kamera | NITEforce<\/p>\n<p>V\u00e4ggf\u00e4stet f\u00f6r viltkameror g\u00f6r det m\u00f6jligt att f\u00e4sta vilt- och \u00f6vervakningskameror p\u00e5 en v\u00e4gg eller annan direkt yta. NITEforce-v\u00e4ggf\u00e4stet \u00e4r kompatibelt med alla viltkameror och \u00f6vervakningskameror med monteringsg\u00e4ngor p\u00e5 undersidan eller bakom kameran. Det robusta NITEforce-v\u00e4ggf\u00e4stet \u00e4r s\u00e4rskilt anv\u00e4ndbart n\u00e4r viltkameran anv\u00e4nds som \u00f6vervakningskamera och du vill f\u00e4sta den p\u00e5 v\u00e4ggen till en fastighet eller ett objekt.<\/p>","protected":false},"featured_media":554,"template":"","meta":{"_acf_changed":false},"product_brand":[],"product_cat":[32,24],"product_tag":[31,33,34],"class_list":{"0":"post-552","1":"product","2":"type-product","3":"status-publish","4":"has-post-thumbnail","6":"product_cat-niteforce-kamera","7":"product_cat-tilbehor","8":"product_tag-kamera","9":"product_tag-overvakningskamera","10":"product_tag-viltkamera","12":"first","13":"instock","14":"taxable","15":"shipping-taxable","16":"purchasable","17":"product-type-simple"},"acf":[],"publishpress_future_workflow_manual_trigger":{"enabledWorkflows":[]},"_links":{"self":[{"href":"https:\/\/varmevest.no\/sv\/wp-json\/wp\/v2\/product\/552"}],"collection":[{"href":"https:\/\/varmevest.no\/sv\/wp-json\/wp\/v2\/product"}],"about":[{"href":"https:\/\/varmevest.no\/sv\/wp-json\/wp\/v2\/types\/product"}],"wp:featuredmedia":[{"embeddable":true,"href":"https:\/\/varmevest.no\/sv\/wp-json\/wp\/v2\/media\/554"}],"wp:attachment":[{"href":"https:\/\/varmevest.no\/sv\/wp-json\/wp\/v2\/media?parent=552"}],"wp:term":[{"taxonomy":"product_brand","embeddable":true,"href":"https:\/\/varmevest.no\/sv\/wp-json\/wp\/v2\/product_brand?post=552"},{"taxonomy":"product_cat","embeddable":true,"href":"https:\/\/varmevest.no\/sv\/wp-json\/wp\/v2\/product_cat?post=552"},{"taxonomy":"product_tag","embeddable":true,"href":"https:\/\/varmevest.no\/sv\/wp-json\/wp\/v2\/product_tag?post=552"}],"curies":[{"name":"wp","href":"https:\/\/api.w.org\/{rel}","templated":true}]}}