{"id":545,"date":"2023-05-04T15:57:30","date_gmt":"2023-05-04T13:57:30","guid":{"rendered":"https:\/\/www.varmevest.no\/?post_type=product&#038;p=545"},"modified":"2024-09-18T14:22:36","modified_gmt":"2024-09-18T12:22:36","slug":"niteforce-solcellepanel","status":"publish","type":"product","link":"https:\/\/varmevest.no\/sv\/produkt\/niteforce-solcellepanel\/","title":{"rendered":"NITEforce solpanel"},"content":{"rendered":"<p>BESKRIVNING<\/p>\n<p>NITEforce Solar Power Panel-batteriet (8000mAh) \u00e4r ett litet energiproduktionssystem som \u00e4r utformat f\u00f6r terr\u00e4ngen. Du sparar batterier och undviker on\u00f6diga bes\u00f6k med din viltkamera och skyddar naturen!<\/p>\n<p>&nbsp;<\/p>\n<p>Dra nytta av gratis solenergi och l\u00e5t ditt solenergisystem generera f\u00f6rnybar energi till din djurkamera!<\/p>\n<p>&nbsp;<\/p>\n<p>1) L\u00e4gre kostnader f\u00f6r AA-batterier<\/p>\n<p>* Du f\u00e5r l\u00e4gre batterif\u00f6rbrukning eftersom solpanelens batteri g\u00f6r det mesta av jobbet under den soliga 10-m\u00e5naderss\u00e4songen (februari - november).<\/p>\n<p>&nbsp;<\/p>\n<p>2) L\u00e4gre underh\u00e5llskostnader - med liten anstr\u00e4ngning<\/p>\n<p>* Inget behov av att bes\u00f6ka kameran f\u00f6r underh\u00e5ll under resan p\u00e5 grund av str\u00f6mavbrott, vilket sparar resekostnader och tids\u00e5tg\u00e5ng.<\/p>\n<p>&nbsp;<\/p>\n<p>3) Milj\u00f6m\u00e4ssiga f\u00f6rdelar<\/p>\n<p>* Med f\u00f6rnybar gratis solenergi minskar du ditt eget koldioxidavtryck och r\u00e4ddar naturen.<\/p>\n<p>&nbsp;<\/p>\n<p>Hur fungerar NITEforce Solar Power Panel-batteriet?<\/p>\n<p>&nbsp;<\/p>\n<p>NITEforce Solar Power-panelbatteriet har en h\u00f6gkvalitativ monokristallin solpanel i silikon p\u00e5 29 W som laddar det inbyggda 8000 mAh-batteriet n\u00e4r solen skiner p\u00e5 panelen. Direkt solljus laddar upp f\u00f6rnybar energi i det interna batteriet, varifr\u00e5n det ger kontinuerlig str\u00f6m till din viltkamera.<\/p>\n<p>&nbsp;<\/p>\n<p>NITEforce Solar Power Panel-batteriet \u00e4r kompatibelt med n\u00e4stan alla viltkameror, matare och fiskfinnare p\u00e5 marknaden. Solpanelbatteriets smarta inbyggda str\u00f6mtransformator omvandlar uteffekten s\u00e5 att den matchar str\u00f6muttaget (6 V, 9 V eller 12 V), vilket ger en j\u00e4mn driftstr\u00f6m till den anslutna viltkameran.<\/p>\n<p>&nbsp;<\/p>\n<p>Solpanelbatteriet har separata utg\u00e5ngsstr\u00f6msportar f\u00f6r f\u00f6ljande sp\u00e4nningar: 6 V, 9 V eller 12 V. Fr\u00e5n dessa kan du v\u00e4lja en kompatibel port f\u00f6r din kamera och ansluta kameran till solpanelbatteriet med hj\u00e4lp av den medf\u00f6ljande str\u00f6mkabeln.<\/p>\n<p>&nbsp;<\/p>\n<p>F\u00f6rnybar solenergi lagras i ett internt 8000 mAh-batteri f\u00f6r regniga eller molniga dagar. S\u00e5 h\u00e4r f\u00f6rl\u00e4nger och s\u00e4krar du drifttiden f\u00f6r din kamera f\u00f6r vilda djur med f\u00f6rnybar och gratis energi. Du kan l\u00e5ta AA-alkaliska batterier sitta kvar i kameran eller mata dem n\u00e4r den externa str\u00f6mk\u00e4llan (solpanelbatteriet) \u00e4r ansluten. Kombinationen maximerar str\u00f6mtillg\u00e5ngen f\u00f6r kameran.<\/p>\n<p>&nbsp;<\/p>\n<p>N\u00e4r sols\u00e4songen \u00e4r \u00f6ver och vinters\u00e4songen b\u00f6rjar (december-januari) kan du underh\u00e5llsladda det interna 8000 mAh-batteriet till full kapacitet, t.ex. med din egen mobilladdare fr\u00e5n 5V-ing\u00e5ngsporten. P\u00e5 s\u00e5 s\u00e4tt f\u00f6rblir det interna batteriet underh\u00e5llet och servat genom vinterm\u00f6rkret.<\/p>\n<p>&nbsp;<\/p>\n<p>Satsen inneh\u00e5ller 3 olika storlekar av kamerans str\u00f6mkablar med olika storlekar av DC-kontakter som passar t.ex. f\u00f6ljande spelkameror: NITEforce, Uovision, Spromise, Seissiger, D\u00d6RR, SpyPoint, Boly Guard, WildGame, MINOX.<\/p>\n<p>&nbsp;<\/p>\n<p>* Solcellspanelbatteri f\u00f6r viltkameror, utfodringsutrustning eller fiskeradar<\/p>\n<p>* Utformad f\u00f6r anv\u00e4ndning i enheter som st\u00f6der 6 V, 9 V och 12 V extern str\u00f6mf\u00f6rs\u00f6rjning<\/p>\n<p>* Dra nytta av gratis och f\u00f6rnybar solenergi<\/p>\n<p>* Ett kompatibelt och anv\u00e4ndbart tillbeh\u00f6r till n\u00e4stan alla viltkameror<\/p>\n<p>* Du sparar p\u00e5 enhetens pris eftersom s\u00e4songsf\u00f6rbrukningen av AA-batterier och underh\u00e5llsresor minskar<\/p>\n<p>* Massivt internt Li-Polymer-batteri p\u00e5 8000 mAh<\/p>\n<p>* LED-display f\u00f6r batteristatus knapp: 100 1HP, 75 1HP, 50 1HP, 25 1HP<\/p>\n<p>* Gr\u00f6n LED n\u00e4r laddningen \u00e4r ig\u00e5ng<\/p>\n<p>* Utg\u00e5ngssp\u00e4nningar: 6V, 9V och 12V<\/p>\n<p>* Ing\u00e5ngsport: 5V 2A (f\u00f6r underh\u00e5llsladdning)<\/p>\n<p>* Blixtskyddad: ja<\/p>\n<p>* Skyddad mot hagel\/regn: ja<\/p>\n<p>* M\u00e5tt p\u00e5 solpanel: 188 mm x 157 mm x 36 mm<\/p>\n<p>* Monteringsg\u00e4ngor: undersida och bakstycke<\/p>\n<p>* F\u00e4rg: Svart (bild)<\/p>\n<p>* V\u00e4derbest\u00e4ndig: IP66<\/p>\n<p>* Driftstemperaturer: -5\u00b0C ... +50\u00b0C<\/p>\n<p>* Rekommenderade anv\u00e4ndningsm\u00e5nader: februari - november (10 m\u00e5naders sols\u00e4song)<\/p>\n<p>* Rekommenderad luftfuktighet: 5 % - 90 %<\/p>\n<p>&nbsp;<\/p>\n<p>Inneh\u00e5ll i leveransen:<\/p>\n<p>1 solpanelbatteri med inbyggt 8000mAh-batteri<\/p>\n<p>3 str\u00f6mkablar i specialstorlek f\u00f6r anslutning till olika viltkameror<\/p>\n<p>1 st laddningskabel f\u00f6r underh\u00e5llsladdning med sin egen mobilladdare<\/p>\n<p>1 st svart metallskruv f\u00f6r tr\u00e4<\/p>\n<p>Anv\u00e4ndarhandbok (engelska)<\/p>\n<p>&nbsp;<\/p>\n<p>Garanti f\u00f6r tillverknings- eller materialfel 1 \u00e5r (12 m\u00e5nader).<\/p>","protected":false},"excerpt":{"rendered":"<p>Solpanel 8000mAh | NITEforce<\/p>\n<p>Dra nytta av gratis solenergi och l\u00e5t ditt solcellssystem generera f\u00f6rnybar energi till din viltkamera! NITEforce Solar Power Panel-batteriet \u00e4r ett litet energiproduktionssystem som \u00e4r utformat f\u00f6r terr\u00e4ngen. Du sparar AA-batterier och undviker on\u00f6diga bes\u00f6k med din viltkamera och skyddar naturen!<\/p>","protected":false},"featured_media":546,"template":"","meta":{"_acf_changed":false},"product_brand":[],"product_cat":[32,24],"product_tag":[31,33,34],"class_list":{"0":"post-545","1":"product","2":"type-product","3":"status-publish","4":"has-post-thumbnail","6":"product_cat-niteforce-kamera","7":"product_cat-tilbehor","8":"product_tag-kamera","9":"product_tag-overvakningskamera","10":"product_tag-viltkamera","12":"first","13":"instock","14":"taxable","15":"shipping-taxable","16":"purchasable","17":"product-type-simple"},"acf":[],"publishpress_future_workflow_manual_trigger":{"enabledWorkflows":[]},"_links":{"self":[{"href":"https:\/\/varmevest.no\/sv\/wp-json\/wp\/v2\/product\/545"}],"collection":[{"href":"https:\/\/varmevest.no\/sv\/wp-json\/wp\/v2\/product"}],"about":[{"href":"https:\/\/varmevest.no\/sv\/wp-json\/wp\/v2\/types\/product"}],"wp:featuredmedia":[{"embeddable":true,"href":"https:\/\/varmevest.no\/sv\/wp-json\/wp\/v2\/media\/546"}],"wp:attachment":[{"href":"https:\/\/varmevest.no\/sv\/wp-json\/wp\/v2\/media?parent=545"}],"wp:term":[{"taxonomy":"product_brand","embeddable":true,"href":"https:\/\/varmevest.no\/sv\/wp-json\/wp\/v2\/product_brand?post=545"},{"taxonomy":"product_cat","embeddable":true,"href":"https:\/\/varmevest.no\/sv\/wp-json\/wp\/v2\/product_cat?post=545"},{"taxonomy":"product_tag","embeddable":true,"href":"https:\/\/varmevest.no\/sv\/wp-json\/wp\/v2\/product_tag?post=545"}],"curies":[{"name":"wp","href":"https:\/\/api.w.org\/{rel}","templated":true}]}}