{"id":538,"date":"2023-05-04T15:15:58","date_gmt":"2023-05-04T13:15:58","guid":{"rendered":"https:\/\/www.varmevest.no\/?post_type=product&#038;p=538"},"modified":"2024-09-18T14:23:24","modified_gmt":"2024-09-18T12:23:24","slug":"niteforce-outlaw-kamera","status":"publish","type":"product","link":"https:\/\/varmevest.no\/sv\/produkt\/niteforce-outlaw-kamera\/","title":{"rendered":"NITEforce Outlaw-kamera"},"content":{"rendered":"<p>BESKRIVNING<\/p>\n<p>NITEforce Outlaw 30MP 4G 4K video - Tr\u00e5dl\u00f6s viltkamera med gratis APP och fj\u00e4rrkontroll<\/p>\n<p>&nbsp;<\/p>\n<p>NITEforce Outlaw viltkameror utrustade med 30 MP bilduppl\u00f6sning och 4K-video! Bilder och videor sparas i den kostnadsfria APP:en, som g\u00f6r att du kan \u00e4ndra kamerainst\u00e4llningarna p\u00e5 distans helt gratis! Kameran skickar videor med en maximal l\u00e4ngd p\u00e5 15 sekunder med ljud. Foton och videor r\u00f6r sig med en snabb 4G-anslutning. Bilder och videor samt fj\u00e4rrkontroll g\u00f6rs enkelt via den kostnadsfria LinckEazi APP.<\/p>\n<p>&nbsp;<\/p>\n<p>NITEforce Outlaw \u00e4r perfekt f\u00f6r anv\u00e4ndning som viltkamera eller \u00f6vervakningskamera. Den har en PIR-r\u00f6relsesensor med en snabb respons p\u00e5 0,2 sekunder som f\u00e5ngar upp objekt snabbt! Det \u00e4r mycket enkelt att rikta kameran med hj\u00e4lp av den fram\u00e5tblickande 2-tums LCD-f\u00e4rgsk\u00e4rmen, d\u00e4r du \u00e4ven kan \u00e4ndra kamerans menyinst\u00e4llningar!<\/p>\n<p>&nbsp;<\/p>\n<p>Snabb 4G-data\u00f6verf\u00f6ring och bra bilder \u00e4r ett absolut m\u00e5ste om kameran anv\u00e4nds som \u00f6vervakningskamera i en stuga, ett hus eller ett kontor. Den lilla och kamouflagekl\u00e4dda viltkameran g\u00f6mmer sig l\u00e4tt i terr\u00e4ngen och milj\u00f6n. Kameran har st\u00f6d f\u00f6r SD-minneskort p\u00e5 upp till 128 GB!<\/p>\n<p>&nbsp;<\/p>\n<p>NITEforce Outlaw drivs med 12 alkaliska AA-batterier, men om du l\u00e4mnar den i f\u00e4lt under en l\u00e4ngre tid kan du ansluta den till ett externt 6 V- eller 12 V-batteri. Den externa str\u00f6mporten \u00e4r kompatibel med 6 V och 12 V! Med hj\u00e4lp av AC\/DC-str\u00f6madaptern kan du ha garanterad str\u00f6m\u00f6vervakning i huset.<\/p>\n<p>&nbsp;<\/p>\n<p>VERSATIBEL ANV\u00c4NDNING<\/p>\n<p>Viltkameran NITEforce Outlaw startar automatiskt vid v\u00e4rmer\u00f6relser som orsakas av en person eller ett djur. Den har en snabb 0,2 sek PIR termisk r\u00f6relsesensor som detekterar ett v\u00e4rmeavgivande f\u00f6rem\u00e5l framf\u00f6r kameran upp till ca 18 meter. Den fj\u00e4rrstyrda kameran \u00e4r l\u00e4mplig som viltkamera ute i naturen. Den kan installeras som \u00f6vervakningskamera f\u00f6r att h\u00e5lla ett \u00f6ga p\u00e5 obeh\u00f6riga g\u00e4ster, t.ex. i en stuga, p\u00e5 en byggarbetsplats, i hemmet eller p\u00e5 kontoret. Den osynliga infrar\u00f6da blixten \u00e4r l\u00e4mplig f\u00f6r nattfotografering, och tack vare den avsl\u00f6jas inte kamerans placering.<\/p>\n<p>&nbsp;<\/p>\n<p>Den fj\u00e4rrstyrda, snabba tr\u00e5dl\u00f6sa viltkameran h\u00e5ller dig alltid uppdaterad, var du \u00e4n befinner dig!<\/p>\n<p>&nbsp;<\/p>\n<p>GRATIS APP LINCKEAZ - EN RIKTIG KOMMANDOCENTRAL F\u00d6R \u00d6VERVAKNING<\/p>\n<p>NITEforce Outlaw anv\u00e4nder den kostnadsfria appen LinckEazi. LinckEazi \u00e4r en riktig kommandocentral f\u00f6r \u00f6vervakning fr\u00e5n vilken du styr och \u00f6vervakar en eller flera kameror samtidigt. LinckEazi fungerar p\u00e5 mobila enheter med hj\u00e4lp av sina egna applikations-APP:er eller via en webbl\u00e4sare p\u00e5 din dator. Med LinckEazi-tj\u00e4nsten kan spelkameran fj\u00e4rrstyras gratis via webbl\u00e4saren p\u00e5 din egen dator eller fr\u00e5n en mobil enhet med hj\u00e4lp av APP (Android, iOS). Det g\u00f6r det m\u00f6jligt att styra flera kameror, med bilder och videor som lagras p\u00e5 anv\u00e4ndarens eget konto i kameraspecifika album. Fr\u00e5n albumen kan du enkelt bl\u00e4ddra igenom dagens h\u00e4ndelser fr\u00e5n olika kameror och vid behov \u00e4ndra kamerainst\u00e4llningarna p\u00e5 distans. Du kan ocks\u00e5 n\u00e4r som helst be kameran att ta ett foto eller en video.<\/p>\n<p>&nbsp;<\/p>\n<p>Med LinckEazi APP sparar du kostnaden f\u00f6r SMS som orsakas av fj\u00e4rrstyrning j\u00e4mf\u00f6rt med gammaldags tr\u00e5dl\u00f6sa spelkameror som skickar till e-post. LinckEazi levererar fj\u00e4rrkommandon till kameran helt gratis! LinckEazis spr\u00e5kalternativ: engelska, finska, svenska, norska, tyska, italienska, franska och tjeckiska. Med LinckEazi kan du ocks\u00e5 se den viktigaste informationen om kamerans status, t.ex. batteriladdning, minneskortstatus, minnesstatus etc. Du kan ocks\u00e5 sl\u00e5 p\u00e5 och av kameran (ON\/OFF) p\u00e5 distans.<\/p>\n<p>&nbsp;<\/p>\n<p>Om det beh\u00f6vs kan du anv\u00e4nda LinckEazi APP f\u00f6r att st\u00e4lla in vidarebefordran av bildmaterialet till 1-4 olika e-postadresser. Den h\u00e4r funktionen \u00e4r anv\u00e4ndbar om du t.ex. vill dela med dig av bilderna som kameran skickar till en v\u00e4n.<\/p>\n<p>&nbsp;<\/p>\n<p>Fr\u00e5n LinckEazi-appen kan du ocks\u00e5 aktivera temperaturlarmet om kameran har l\u00e4mnats kvar i hytten f\u00f6r \u00f6vervakningssyfte, till exempel, och du vill veta om temperaturen sjunker till fryspunkten (frysning av vattenledningar).<\/p>\n<p><span style=\"color: #ff0000;\">BRUKSANVISNING:<\/span><span style=\"color: #0000ff;\"> <a href=\"https:\/\/www.niteforce.mobi\/wp-content\/uploads\/2022\/10\/NITEforce-Outlaw-User-Manual.pdf\"><span style=\"color: #0000ff;\">H\u00c4R!<\/span><\/a><\/span><\/p>\n<p>Ladda ner den kostnadsfria LinckEazi Android APP <a href=\"https:\/\/play.google.com\/store\/search?q=linckeazi&amp;c=apps&amp;hl=no\">H\u00c4R!\u00a0<\/a><\/p>\n<p>Ladda ner den kostnadsfria iOS-appen LinckEazi <span style=\"color: #0000ff;\"><a style=\"color: #0000ff;\" href=\"https:\/\/apps.apple.com\/fi\/app\/linckeazi\/id1266199846?l=no\">H\u00c4R!<\/a><\/span><\/p>\n<p>&nbsp;<\/p>\n<p>ENKEL INSTALLATION AV KAMERA LINCKEAZI<\/p>\n<p>Det \u00e4r mycket enkelt att konfigurera LinckEazi-tj\u00e4nsten. N\u00e4r du har skapat ett anv\u00e4ndarkonto l\u00e4gger du till din kamera i tj\u00e4nsten genom att ange eller skanna enhetens serienummer och IMEI-kod. Om kameran har ett fungerande internetgr\u00e4nssnitt som st\u00f6der 4G LTE-anslutning (uppladdningshastighet 5 MB\/s) kommer kameran att anslutas direkt till ditt konto.<\/p>\n<p>FASTIGHETER<\/p>\n<p>&nbsp;<\/p>\n<p>* En gratis fj\u00e4rrstyrd och s\u00e4ndande LTE (4G)-kamera som st\u00f6der LinckEazi<\/p>\n<p>* Ultrasnabb bild- eller video\u00f6verf\u00f6ring med LTE (4G)-anslutning (st\u00f6der 3G\/2G-n\u00e4tverk)<\/p>\n<p>* Skickar bilder snabbt fr\u00e5n din destination med en 4G-uppkoppling<\/p>\n<p>* Fotograferingsl\u00e4gen f\u00f6r foto: Foto, Video, Foto+Video<\/p>\n<p>* 30MP h\u00f6guppl\u00f6st fotografi<\/p>\n<p>* Bild: 30 MP \/ 24 MP \/ 20 MP \/ 16 MP \/ 8 MP \/ 5 MP<\/p>\n<p>* Video:<\/p>","protected":false},"excerpt":{"rendered":"<p>Tr\u00e5dl\u00f6s kamera f\u00f6r vilda djur NITEforce Outlaw 30MP 4G 4K video<\/p>\n<p>NITEforce Outlaw 30MP 4G 4K video \u00e4r s\u00e4songens mest avancerade tr\u00e5dl\u00f6sa viltkamera!<\/p>\n<p>&nbsp;<\/p>\n<p>&gt; 30 MP bilduppl\u00f6sning<\/p>\n<p>&gt; 4K videouppl\u00f6sning<\/p>\n<p>&gt; Snabb 0,2 sek PIR-r\u00f6relsesensorns respons<\/p>\n<p>&gt; 2\" LCD-f\u00e4rgsk\u00e4rm f\u00f6r visning och programmering av kameran<\/p>\n<p>&gt; Kompatibel med 6 V eller 12 V externt batteri eller AC\/DC-str\u00f6madapter<\/p>\n<p>&gt; Gratis st\u00f6d f\u00f6r LinckEazi APP<\/p>\n<p>&gt; Gratis fj\u00e4rrkontrollfunktioner med gratis APP<\/p>\n<p>&gt; St\u00f6djer SD-kort p\u00e5 max 128 GB<\/p>","protected":false},"featured_media":539,"template":"","meta":{"_acf_changed":false},"product_brand":[],"product_cat":[32,24],"product_tag":[31,33,34],"class_list":{"0":"post-538","1":"product","2":"type-product","3":"status-publish","4":"has-post-thumbnail","6":"product_cat-niteforce-kamera","7":"product_cat-tilbehor","8":"product_tag-kamera","9":"product_tag-overvakningskamera","10":"product_tag-viltkamera","12":"first","13":"instock","14":"taxable","15":"shipping-taxable","16":"purchasable","17":"product-type-simple"},"acf":[],"publishpress_future_workflow_manual_trigger":{"enabledWorkflows":[]},"_links":{"self":[{"href":"https:\/\/varmevest.no\/sv\/wp-json\/wp\/v2\/product\/538"}],"collection":[{"href":"https:\/\/varmevest.no\/sv\/wp-json\/wp\/v2\/product"}],"about":[{"href":"https:\/\/varmevest.no\/sv\/wp-json\/wp\/v2\/types\/product"}],"wp:featuredmedia":[{"embeddable":true,"href":"https:\/\/varmevest.no\/sv\/wp-json\/wp\/v2\/media\/539"}],"wp:attachment":[{"href":"https:\/\/varmevest.no\/sv\/wp-json\/wp\/v2\/media?parent=538"}],"wp:term":[{"taxonomy":"product_brand","embeddable":true,"href":"https:\/\/varmevest.no\/sv\/wp-json\/wp\/v2\/product_brand?post=538"},{"taxonomy":"product_cat","embeddable":true,"href":"https:\/\/varmevest.no\/sv\/wp-json\/wp\/v2\/product_cat?post=538"},{"taxonomy":"product_tag","embeddable":true,"href":"https:\/\/varmevest.no\/sv\/wp-json\/wp\/v2\/product_tag?post=538"}],"curies":[{"name":"wp","href":"https:\/\/api.w.org\/{rel}","templated":true}]}}