{"id":524,"date":"2023-05-04T09:40:24","date_gmt":"2023-05-04T07:40:24","guid":{"rendered":"https:\/\/www.varmevest.no\/?post_type=product&#038;p=524"},"modified":"2024-09-18T14:24:10","modified_gmt":"2024-09-18T12:24:10","slug":"niteforce-concept-kamera","status":"publish","type":"product","link":"https:\/\/varmevest.no\/sv\/produkt\/niteforce-concept-kamera\/","title":{"rendered":"NITEforce konceptkamera"},"content":{"rendered":"<p>BESKRIVNING<\/p>\n<p>NITEforce Concept 4G LTE 20MP tr\u00e5dl\u00f6s viltkamera s\u00e4nder kristallklara bilder med en snabb 4G-anslutning! Utm\u00e4rkt bildkvalitet med en sp\u00e5rkamera med 20 MP uppl\u00f6sning! Kamerabilderna lagras i den kostnadsfria APP-programvaran, som g\u00f6r att du vid behov kan \u00e4ndra kamerans inst\u00e4llningar gratis p\u00e5 distans.<\/p>\n<p>&nbsp;<\/p>\n<p>NITEforce Concept 4G LTE 20MP \u00e4r en mycket liten och kompakt tr\u00e5dl\u00f6s viltkamera f\u00f6r m\u00e5ngsidig viltsk\u00e5dning eller som \u00f6vervakningskamera f\u00f6r fastigheter. Den tr\u00e5dl\u00f6sa viltkameran h\u00e5ller dig uppdaterad om vad som h\u00e4nder.<\/p>\n<p>&nbsp;<\/p>\n<p>L\u00c4TT ATT ANV\u00c4NDA<\/p>\n<p>Implementeringen av NITEforce Concept viltkamera \u00e4r extremt enkel. Den kr\u00e4ver ingen dator eller programuppdateringar alls. Allt du beh\u00f6ver g\u00f6ra \u00e4r att ladda ner den kostnadsfria NITEforce-appen fr\u00e5n Google Play eller Apple Store till din mobiltelefon. D\u00e4refter l\u00e4gger du till din egen kamera i APP:en, klart!<\/p>\n<p>&nbsp;<\/p>\n<p>GRATIS FJ\u00c4RRKONTROLL<\/p>\n<p>Du kan fj\u00e4rrstyra din NITEforce Concept viltkamera med hj\u00e4lp av programvaruapparna n\u00e4r som helst och var som helst. Fj\u00e4rrstyrningen \u00e4r helt kostnadsfri och kameran uppdaterar de nya inst\u00e4llningarna under bild\u00f6verf\u00f6ringen eller i samband med den dagliga uppdateringen.<\/p>\n<p><span style=\"color: #ff0000;\">INSTRUKTIONER F\u00d6R ANV\u00c4NDNING<span style=\"color: #ff0000;\">:\u00a0<span style=\"color: #0000ff;\"><a href=\"https:\/\/www.niteforce.mobi\/wp-content\/uploads\/2022\/08\/Concept-20MP-4G-LTE-Wireless-Trail-Camera-User-Manual.pdf\">HER<\/a><\/span><\/span><\/span><\/p>\n<p>Du kan ladda ner gratis APP:ar till din Android-telefon f\u00f6r enkel fj\u00e4rrstyrning <a href=\"https:\/\/www.niteforce.mobi\/product\/niteforce-concept-trail-camera-android-app\/\">HER<\/a><\/p>\n<p>Du kan ladda ner gratis APP:ar till din iOS-telefon f\u00f6r enkel fj\u00e4rrstyrning <a href=\"https:\/\/www.niteforce.mobi\/product\/niteforce-concept-trail-camera-ios-app\/\">HER<\/a><\/p>\n<p>Applikationen NITEforce APP m\u00f6jligg\u00f6r \u00f6vervakning av viltkameror fr\u00e5n din mobiltelefon. Med NITEforce APP kan du separat se laddningsstatusen f\u00f6r de interna AA-batterierna och \u00e4ven laddningsstatusen f\u00f6r det externa 12V-batteriet, om det \u00e4r anslutet. Du vet exakt hur mycket str\u00f6m som finns kvar i batterierna och i det externa batteriet!<\/p>\n<p>&nbsp;<\/p>\n<p>NITEforce APP har ocks\u00e5 en \u00f6verskrivningsfunktion (DVR), som g\u00f6r att kameran kan spela in nya bilder \u00f6ver de gamla n\u00e4r Micro SD-kortet \u00e4r fullt. Gratis medlemskap ger 5 dagars gratis bildlagring i applikationen. Bilderna kan normalt delas eller sparas fr\u00e5n appen.<\/p>\n<p>&nbsp;<\/p>\n<p>INKLUSIVE M\u00c5NGSIDIGT TILLBEH\u00d6RSPAKET<\/p>\n<p>Viltkameran NITEforce Concept levereras med m\u00e5ngsidiga och anv\u00e4ndbara tillbeh\u00f6r f\u00f6r kr\u00e4vande till\u00e4mpningar:<\/p>\n<p>32GB Micro SD-minneskort, 19cm h\u00f6gf\u00f6rst\u00e4rkningsantenn, 12V extern batterikabel, monteringsb\u00e4lte och anv\u00e4ndarhandbok.<\/p>\n<p>&nbsp;<\/p>\n<p>TEKNISKA EGENSKAPER<\/p>\n<p>&nbsp;<\/p>\n<p>* N\u00e4tverk: 4G LTE (3G och 2G st\u00f6ds)<\/p>\n<p>* Bilduppl\u00f6sning: 20MP (8MP, 4MP)<\/p>\n<p>* Bildformat: .JPG<\/p>\n<p>* Videouppl\u00f6sning: HD (720P) 30 fr\/sek dag<\/p>\n<p>* Videoformat: MJPG<\/p>\n<p>* Videoinspelning: 5 sekunder - 60 sekunder<\/p>\n<p>* Multi-shot: ja<\/p>\n<p>* Dim 940nm blixt: ja<\/p>\n<p>* Exponeringskontroll f\u00f6r blixt: L\u00e5g, medel, h\u00f6g<\/p>\n<p>* Blixtens r\u00e4ckvidd: 20m<\/p>\n<p>* PIR r\u00f6relsesensor avst\u00e5nd: 20m<\/p>\n<p>* Svarstid f\u00f6r PIR-r\u00f6relsesensor: 0,6 sekunder<\/p>\n<p>* PIR-r\u00f6relsesensorns vinkel: 40\u00b0.<\/p>\n<p>* PIR r\u00f6relsesensor f\u00f6rdr\u00f6jningsjustering: 5 - 60 sek, \/ 2 - 60 min<\/p>\n<p>* Aktivitetsinst\u00e4llningar f\u00f6r PIR-r\u00f6relsesensor: 24 timmar, dag, natt<\/p>\n<p>* Objektiv: F2,3 \/ FOV 48<\/p>\n<p>* F\u00e4rgl\u00e4gga dagliga foton och videor: ja<\/p>\n<p>* Svartvita nattfoton och videor: ja<\/p>\n<p>* Dag- och tidsst\u00e4mpel p\u00e5 bilder: ja<\/p>\n<p>* Kamerans namn i tidsst\u00e4mpel: ja<\/p>\n<p>* M\u00e5ncykel i tidsst\u00e4mpel: ja<\/p>\n<p>* Temperatur i tidsst\u00e4mpel: ja (\u00b0C \/ \u00b0F)<\/p>\n<p>* Kamerans f\u00e4rg: Brun\/svart (p\u00e5 bilden)<\/p>\n<p>* F\u00e4stelement: b\u00e4lte \/ kabel<\/p>\n<p>* G\u00e4ngor f\u00f6r v\u00e4ggmontering: 1\/4\u2033-20<\/p>\n<p>* Interna batterier: 8 x AA 1,5V alkaliska (ing\u00e5r ej)<\/p>\n<p>* Extern 12V str\u00f6mf\u00f6rs\u00f6rjningsport: ja (12V)<\/p>\n<p>* Micro SD-minneskort: 2 GB - 32 GB<\/p>\n<p>* V\u00e4derbest\u00e4ndighet: IP66<\/p>\n<p>* Driftstemperaturer: -20\u00b0C ... +50\u00b0C<\/p>\n<p>* Luftfuktighet vid drift: 5 % - 90 %<\/p>\n<p>* CE-, RoHS-godk\u00e4nnanden<\/p>\n<p>&nbsp;<\/p>\n<p>Garanti f\u00f6r tillverknings- eller materialfel 1 \u00e5r (12 m\u00e5nader).<\/p>","protected":false},"excerpt":{"rendered":"<p>Tr\u00e5dl\u00f6s viltkamera NITEforce Concept 4G LTE 20MP<\/p>\n<p>NITEforce Concept 4G LTE 20MP tr\u00e5dl\u00f6s viltkamera skickar bilder med en snabb 4G-anslutning! Utm\u00e4rkt bildkvalitet med en kamera med 20 MP-uppl\u00f6sning! Kamerabilderna sparas i den kostnadsfria APP-programvaran, som g\u00f6r att du kan \u00e4ndra kamerainst\u00e4llningarna n\u00e4r det beh\u00f6vs, helt gratis!<\/p>\n<p>&nbsp;<\/p>\n<p>&gt; Snabb bild\u00f6verf\u00f6ring med 4G<\/p>\n<p>&gt; Gratis fj\u00e4rrkontroll-app f\u00f6r kommandon och bilder<\/p>\n<p>&gt; APP tillg\u00e4nglig fr\u00e5n Android- och iOS-butiker<\/p>\n<p>&gt; 20 MP uppl\u00f6sning<\/p>\n<p>&nbsp;<\/p>\n<p>Ing\u00e5r i leveransen: 32GB Micro SD-minneskort + HighGain-antenn + 12V extern batterikabel + Monteringsb\u00e4lte + Anv\u00e4ndarmanual<\/p>","protected":false},"featured_media":525,"template":"","meta":{"_acf_changed":false},"product_brand":[],"product_cat":[32,24],"product_tag":[31,33,34],"class_list":{"0":"post-524","1":"product","2":"type-product","3":"status-publish","4":"has-post-thumbnail","6":"product_cat-niteforce-kamera","7":"product_cat-tilbehor","8":"product_tag-kamera","9":"product_tag-overvakningskamera","10":"product_tag-viltkamera","12":"first","13":"instock","14":"taxable","15":"shipping-taxable","16":"purchasable","17":"product-type-simple"},"acf":[],"publishpress_future_workflow_manual_trigger":{"enabledWorkflows":[]},"_links":{"self":[{"href":"https:\/\/varmevest.no\/sv\/wp-json\/wp\/v2\/product\/524"}],"collection":[{"href":"https:\/\/varmevest.no\/sv\/wp-json\/wp\/v2\/product"}],"about":[{"href":"https:\/\/varmevest.no\/sv\/wp-json\/wp\/v2\/types\/product"}],"wp:featuredmedia":[{"embeddable":true,"href":"https:\/\/varmevest.no\/sv\/wp-json\/wp\/v2\/media\/525"}],"wp:attachment":[{"href":"https:\/\/varmevest.no\/sv\/wp-json\/wp\/v2\/media?parent=524"}],"wp:term":[{"taxonomy":"product_brand","embeddable":true,"href":"https:\/\/varmevest.no\/sv\/wp-json\/wp\/v2\/product_brand?post=524"},{"taxonomy":"product_cat","embeddable":true,"href":"https:\/\/varmevest.no\/sv\/wp-json\/wp\/v2\/product_cat?post=524"},{"taxonomy":"product_tag","embeddable":true,"href":"https:\/\/varmevest.no\/sv\/wp-json\/wp\/v2\/product_tag?post=524"}],"curies":[{"name":"wp","href":"https:\/\/api.w.org\/{rel}","templated":true}]}}