{"id":221,"date":"2021-04-06T15:19:59","date_gmt":"2021-04-06T13:19:59","guid":{"rendered":"https:\/\/varmevest2.east.no\/?post_type=product&#038;p=221"},"modified":"2024-10-09T21:36:58","modified_gmt":"2024-10-09T19:36:58","slug":"handmuffe","status":"publish","type":"product","link":"https:\/\/varmevest.no\/sv\/produkt\/handmuffe\/","title":{"rendered":"Handmanschett"},"content":{"rendered":"<p>V\u00e5r handmuff \u00e4r utrustad med en kontrollratt b\u00e5de p\u00e5 insidan och utsidan s\u00e5 att du kan justera temperaturen efter eget tycke och smak.<br \/>\nUppv\u00e4rmningstiden varierar mellan 4 och 8 timmar. 3 temperaturinst\u00e4llningar f\u00f6r maximal komfort<br \/>\nV\u00e5ra experter anser att denna produkt \u00e4r perfekt l\u00e4mpad f\u00f6r stolpjakt, isfiske, s\u00e4kerhetsarbete p\u00e5 j\u00e4rnv\u00e4gen och andra \"station\u00e4ra\" m\u00e5l.<\/p>","protected":false},"excerpt":{"rendered":"<p>V\u00e5r batteridrivna handmanschett \u00e4r perfekt f\u00f6r utomhusbruk om du tillbringar mycket tid stillasittande. Du beh\u00f6ver inga handskar eller n\u00e5got annat.<\/p>","protected":false},"featured_media":223,"template":"","meta":{"_acf_changed":false},"product_brand":[],"product_cat":[30,28],"product_tag":[],"class_list":{"0":"post-221","1":"product","2":"type-product","3":"status-publish","4":"has-post-thumbnail","6":"product_cat-handmuffe","7":"product_cat-handvarme","9":"first","10":"instock","11":"taxable","12":"shipping-taxable","13":"purchasable","14":"product-type-simple"},"acf":[],"publishpress_future_workflow_manual_trigger":{"enabledWorkflows":[]},"_links":{"self":[{"href":"https:\/\/varmevest.no\/sv\/wp-json\/wp\/v2\/product\/221"}],"collection":[{"href":"https:\/\/varmevest.no\/sv\/wp-json\/wp\/v2\/product"}],"about":[{"href":"https:\/\/varmevest.no\/sv\/wp-json\/wp\/v2\/types\/product"}],"wp:featuredmedia":[{"embeddable":true,"href":"https:\/\/varmevest.no\/sv\/wp-json\/wp\/v2\/media\/223"}],"wp:attachment":[{"href":"https:\/\/varmevest.no\/sv\/wp-json\/wp\/v2\/media?parent=221"}],"wp:term":[{"taxonomy":"product_brand","embeddable":true,"href":"https:\/\/varmevest.no\/sv\/wp-json\/wp\/v2\/product_brand?post=221"},{"taxonomy":"product_cat","embeddable":true,"href":"https:\/\/varmevest.no\/sv\/wp-json\/wp\/v2\/product_cat?post=221"},{"taxonomy":"product_tag","embeddable":true,"href":"https:\/\/varmevest.no\/sv\/wp-json\/wp\/v2\/product_tag?post=221"}],"curies":[{"name":"wp","href":"https:\/\/api.w.org\/{rel}","templated":true}]}}