{"id":211,"date":"2021-04-06T15:15:05","date_gmt":"2021-04-06T13:15:05","guid":{"rendered":"https:\/\/varmevest2.east.no\/?post_type=product&#038;p=211"},"modified":"2024-10-09T21:35:46","modified_gmt":"2024-10-09T19:35:46","slug":"varmevest-lilla","status":"publish","type":"product","link":"https:\/\/varmevest.no\/sv\/produkt\/varmevest-lilla\/","title":{"rendered":"V\u00e4rmev\u00e4st lila"},"content":{"rendered":"<ul>\n<li>Tryckknapp p\u00e5 utsidan av v\u00e4sten f\u00f6r att sl\u00e5 p\u00e5\/av och f\u00f6r temperaturreglering<\/li>\n<li>V\u00e4rmedynor av kompositkol med infrar\u00f6da v\u00e4rmef\u00e4lt p\u00e5 framsidan av varje br\u00f6stficka och en stor p\u00e5 baksidan<\/li>\n<li>7,4 V uppladdningsbart litiumbatteri ing\u00e5r vid k\u00f6p av v\u00e4rmev\u00e4st - extra batteri kan k\u00f6pas separat.<\/li>\n<li>100V~240V Universal AC-adapter\/laddare ing\u00e5r vid k\u00f6p av v\u00e4rmev\u00e4st.<\/li>\n<li>3 temperaturinst\u00e4llningar f\u00f6r maximal komfort\n<ul>\n<li>H\u00f6g, 65 grader och 4 - 5 timmars uppv\u00e4rmningstid<\/li>\n<li>Medium, 50 grader och 5 - 6 timmars uppv\u00e4rmningstid<\/li>\n<li>L\u00e5g; 40 grader och 7 - 9 timmars uppv\u00e4rmningstid<\/li>\n<\/ul>\n<\/li>\n<\/ul>\n<p>&nbsp;<\/p>\n<h3>Instruktioner f\u00f6r anv\u00e4ndning:<\/h3>\n<ul>\n<li>Ladda batteriet. Laddaren lyser gr\u00f6nt n\u00e4r batteriet \u00e4r fulladdat.<\/li>\n<li>Anslut batteriet till kabeln i innerfickan p\u00e5 v\u00e4nster sida.<\/li>\n<li>H\u00e5ll p\u00e5\/av-knappen intryckt i 4-5 sekunder (uppv\u00e4rmning med blinkande r\u00f6tt ljus)<\/li>\n<li>Efter uppv\u00e4rmningen g\u00e5r v\u00e4sten ner till l\u00e4gsta v\u00e4rmeniv\u00e5 (vitt ljus)<\/li>\n<li>St\u00e4ll in \u00f6nskad v\u00e4rmeniv\u00e5 genom att trycka p\u00e5 on\/off-knappen.<\/li>\n<li>R\u00f6tt ljus (max) - Bl\u00e5tt ljus (medium) - Vitt ljus (min)<\/li>\n<li>Kom ih\u00e5g att ta ut batteriet n\u00e4r du tv\u00e4ttar.<\/li>\n<li>Kom ih\u00e5g att underh\u00e5llsladda batteriet var 3:e m\u00e5nad n\u00e4r det inte anv\u00e4nds.<\/li>\n<\/ul>","protected":false},"excerpt":{"rendered":"<p>Produkten finns i 2 storlekar: XL\/2XL och 3XL\/4XL. Omkretsen \u00f6kar med 6 cm per storlek. Varje v\u00e4st t\u00e4cker 2 storlekar, med dragkedjor i sidan f\u00f6r storleksjustering.<\/p>","protected":false},"featured_media":212,"template":"","meta":{"_acf_changed":false},"product_brand":[],"product_cat":[21,22],"product_tag":[],"class_list":{"0":"post-211","1":"product","2":"type-product","3":"status-publish","4":"has-post-thumbnail","6":"product_cat-klaer","7":"product_cat-varmevest","9":"first","10":"instock","11":"taxable","12":"shipping-taxable","13":"purchasable","14":"product-type-variable"},"acf":[],"publishpress_future_workflow_manual_trigger":{"enabledWorkflows":[]},"_links":{"self":[{"href":"https:\/\/varmevest.no\/sv\/wp-json\/wp\/v2\/product\/211"}],"collection":[{"href":"https:\/\/varmevest.no\/sv\/wp-json\/wp\/v2\/product"}],"about":[{"href":"https:\/\/varmevest.no\/sv\/wp-json\/wp\/v2\/types\/product"}],"wp:featuredmedia":[{"embeddable":true,"href":"https:\/\/varmevest.no\/sv\/wp-json\/wp\/v2\/media\/212"}],"wp:attachment":[{"href":"https:\/\/varmevest.no\/sv\/wp-json\/wp\/v2\/media?parent=211"}],"wp:term":[{"taxonomy":"product_brand","embeddable":true,"href":"https:\/\/varmevest.no\/sv\/wp-json\/wp\/v2\/product_brand?post=211"},{"taxonomy":"product_cat","embeddable":true,"href":"https:\/\/varmevest.no\/sv\/wp-json\/wp\/v2\/product_cat?post=211"},{"taxonomy":"product_tag","embeddable":true,"href":"https:\/\/varmevest.no\/sv\/wp-json\/wp\/v2\/product_tag?post=211"}],"curies":[{"name":"wp","href":"https:\/\/api.w.org\/{rel}","templated":true}]}}