{"id":203,"date":"2021-04-06T15:06:57","date_gmt":"2021-04-06T13:06:57","guid":{"rendered":"https:\/\/varmevest2.east.no\/?post_type=product&#038;p=203"},"modified":"2024-10-09T21:13:27","modified_gmt":"2024-10-09T19:13:27","slug":"varmehansker","status":"publish","type":"product","link":"https:\/\/varmevest.no\/sv\/produkt\/varmehansker\/","title":{"rendered":"V\u00e4rmehandskar NY!"},"content":{"rendered":"<p>Ny och f\u00f6rb\u00e4ttrad handske. Handskarna \u00e4r tunna, tillverkade av polyester och spandex f\u00f6r att uppn\u00e5 en bra passform och anv\u00e4ndarv\u00e4nlighet. Mycket bra flexibilitet i tyget som ger dig en mycket bra passform. Kan anv\u00e4ndas som \u00f6verg\u00e5ngshandske\/innerhandske. De \u00e4r vattenavvisande och vindt\u00e4ta fr\u00e5n handleden till fingertopparna. V\u00e4rmetr\u00e5darna \u00e4r medvetet placerade runt varje finger p\u00e5 hela handsken, vilket i sin tur inneb\u00e4r att du f\u00e5r v\u00e4rmen hela v\u00e4gen ut till fingertopparna. Handskarna har 3 olika temperaturinst\u00e4llningar och levereras med 2 x 7,4 V 3000mAh batterier. 3-8 timmars uppv\u00e4rmningstid.<\/p>\n<p>&nbsp;<\/p>\n<h3>Instruktioner f\u00f6r anv\u00e4ndning av handskar<\/h3>\n<ul>\n<li>Ladda batteriet. Laddaren lyser gr\u00f6nt n\u00e4r batteriet \u00e4r fulladdat (ca 4 timmar).<\/li>\n<li>Anslut batteriet till kabeln.<\/li>\n<li>H\u00e5ll str\u00f6mbrytaren intryckt i 2-3 sekunder.<\/li>\n<li>St\u00e4ll in \u00f6nskad v\u00e4rmeniv\u00e5 genom att trycka p\u00e5 on\/off-knappen.<\/li>\n<li>R\u00f6tt ljus (max) - Bl\u00e5tt ljus (medium) - Vitt ljus (min)<\/li>\n<li>Se till att ta ur batteriet n\u00e4r du tv\u00e4ttar dem.<\/li>\n<li>Handskarna kan tv\u00e4ttas i tv\u00e4ttmaskin i 30 grader eller f\u00f6r hand. Se till att de \u00e4r helt torra innan du ansluter batteriet efter tv\u00e4tt.<\/li>\n<\/ul>","protected":false},"excerpt":{"rendered":"<p>De termiska handskarna \u00e4r v\u00e4l l\u00e4mpade f\u00f6r de flesta utomhusaktiviteter och \u00e4r de enda \"liner\"-handskarna p\u00e5 marknaden som \u00e4r vattenavvisande och vindt\u00e4ta.<\/p>","protected":false},"featured_media":206,"template":"","meta":{"_acf_changed":false},"product_brand":[],"product_cat":[28,29],"product_tag":[],"class_list":{"0":"post-203","1":"product","2":"type-product","3":"status-publish","4":"has-post-thumbnail","6":"product_cat-handvarme","7":"product_cat-varmehansker","9":"first","10":"instock","11":"taxable","12":"shipping-taxable","13":"purchasable","14":"product-type-variable"},"acf":[],"publishpress_future_workflow_manual_trigger":{"enabledWorkflows":[]},"_links":{"self":[{"href":"https:\/\/varmevest.no\/sv\/wp-json\/wp\/v2\/product\/203"}],"collection":[{"href":"https:\/\/varmevest.no\/sv\/wp-json\/wp\/v2\/product"}],"about":[{"href":"https:\/\/varmevest.no\/sv\/wp-json\/wp\/v2\/types\/product"}],"wp:featuredmedia":[{"embeddable":true,"href":"https:\/\/varmevest.no\/sv\/wp-json\/wp\/v2\/media\/206"}],"wp:attachment":[{"href":"https:\/\/varmevest.no\/sv\/wp-json\/wp\/v2\/media?parent=203"}],"wp:term":[{"taxonomy":"product_brand","embeddable":true,"href":"https:\/\/varmevest.no\/sv\/wp-json\/wp\/v2\/product_brand?post=203"},{"taxonomy":"product_cat","embeddable":true,"href":"https:\/\/varmevest.no\/sv\/wp-json\/wp\/v2\/product_cat?post=203"},{"taxonomy":"product_tag","embeddable":true,"href":"https:\/\/varmevest.no\/sv\/wp-json\/wp\/v2\/product_tag?post=203"}],"curies":[{"name":"wp","href":"https:\/\/api.w.org\/{rel}","templated":true}]}}