{"id":197,"date":"2021-04-06T14:59:09","date_gmt":"2021-04-06T12:59:09","guid":{"rendered":"https:\/\/varmevest2.east.no\/?post_type=product&#038;p=197"},"modified":"2024-09-18T15:09:12","modified_gmt":"2024-09-18T13:09:12","slug":"dobbel-billader","status":"publish","type":"product","link":"https:\/\/varmevest.no\/sv\/produkt\/dobbel-billader\/","title":{"rendered":"Dubbel billaddare"},"content":{"rendered":"<p>Passar f\u00f6ljande produkter:<\/p>\n<ul>\n<li>Uppv\u00e4rmning v\u00e4st<\/li>\n<li>Handmanschett<\/li>\n<li>Sittunderlag<\/li>\n<\/ul>\n<p><a href=\"https:\/\/varmevest.no\/sv\/produkt\/ekstralader-til-varmesaler\/\" target=\"_blank\" rel=\"noopener\">F\u00f6r laddare f\u00f6r uppv\u00e4rmning av sulor, se h\u00e4r.<\/a><\/p>","protected":false},"excerpt":{"rendered":"<p>F\u00e5 aldrig slut p\u00e5 str\u00f6m igen med en dubbel billaddare.<\/p>","protected":false},"featured_media":198,"template":"","meta":{"_acf_changed":false},"product_brand":[],"product_cat":[26,24],"product_tag":[],"class_list":{"0":"post-197","1":"product","2":"type-product","3":"status-publish","4":"has-post-thumbnail","6":"product_cat-lader","7":"product_cat-tilbehor","9":"first","10":"instock","11":"taxable","12":"shipping-taxable","13":"purchasable","14":"product-type-simple"},"acf":[],"publishpress_future_workflow_manual_trigger":{"enabledWorkflows":[]},"_links":{"self":[{"href":"https:\/\/varmevest.no\/sv\/wp-json\/wp\/v2\/product\/197"}],"collection":[{"href":"https:\/\/varmevest.no\/sv\/wp-json\/wp\/v2\/product"}],"about":[{"href":"https:\/\/varmevest.no\/sv\/wp-json\/wp\/v2\/types\/product"}],"wp:featuredmedia":[{"embeddable":true,"href":"https:\/\/varmevest.no\/sv\/wp-json\/wp\/v2\/media\/198"}],"wp:attachment":[{"href":"https:\/\/varmevest.no\/sv\/wp-json\/wp\/v2\/media?parent=197"}],"wp:term":[{"taxonomy":"product_brand","embeddable":true,"href":"https:\/\/varmevest.no\/sv\/wp-json\/wp\/v2\/product_brand?post=197"},{"taxonomy":"product_cat","embeddable":true,"href":"https:\/\/varmevest.no\/sv\/wp-json\/wp\/v2\/product_cat?post=197"},{"taxonomy":"product_tag","embeddable":true,"href":"https:\/\/varmevest.no\/sv\/wp-json\/wp\/v2\/product_tag?post=197"}],"curies":[{"name":"wp","href":"https:\/\/api.w.org\/{rel}","templated":true}]}}