{"id":192,"date":"2021-04-06T14:53:49","date_gmt":"2021-04-06T12:53:49","guid":{"rendered":"https:\/\/varmevest2.east.no\/?post_type=product&#038;p=192"},"modified":"2024-12-02T00:02:29","modified_gmt":"2024-12-01T22:02:29","slug":"ekstrem-batteri","status":"publish","type":"product","link":"https:\/\/varmevest.no\/sv\/produkt\/ekstrem-batteri\/","title":{"rendered":"Extremt batteri"},"content":{"rendered":"<p>Nytt 7,4V litiumbatteri med 8000 mAh kapacitet, uppladdningsbart batteri med ca 100% b\u00e4ttre kapacitet \u00e4n v\u00e5rt originalbatteri.<br \/>\nDetta \u00e4r f\u00f6r dig som beh\u00f6ver en l\u00e4ngre uppv\u00e4rmningstid. Cirka 20 timmar.<br \/>\nMinst 500 laddningar (garanti)<\/p>","protected":false},"excerpt":{"rendered":"<p>7,4V litiumbatteri med 8000 mAh kapacitet, uppladdningsbart batteri med ca 100% b\u00e4ttre kapacitet \u00e4n v\u00e5rt originalbatteri.<\/p>","protected":false},"featured_media":193,"template":"","meta":{"_acf_changed":false},"product_brand":[],"product_cat":[27,24],"product_tag":[],"class_list":{"0":"post-192","1":"product","2":"type-product","3":"status-publish","4":"has-post-thumbnail","6":"product_cat-batteri","7":"product_cat-tilbehor","9":"first","10":"instock","11":"taxable","12":"shipping-taxable","13":"purchasable","14":"product-type-simple"},"acf":[],"publishpress_future_workflow_manual_trigger":{"enabledWorkflows":[]},"_links":{"self":[{"href":"https:\/\/varmevest.no\/sv\/wp-json\/wp\/v2\/product\/192"}],"collection":[{"href":"https:\/\/varmevest.no\/sv\/wp-json\/wp\/v2\/product"}],"about":[{"href":"https:\/\/varmevest.no\/sv\/wp-json\/wp\/v2\/types\/product"}],"wp:featuredmedia":[{"embeddable":true,"href":"https:\/\/varmevest.no\/sv\/wp-json\/wp\/v2\/media\/193"}],"wp:attachment":[{"href":"https:\/\/varmevest.no\/sv\/wp-json\/wp\/v2\/media?parent=192"}],"wp:term":[{"taxonomy":"product_brand","embeddable":true,"href":"https:\/\/varmevest.no\/sv\/wp-json\/wp\/v2\/product_brand?post=192"},{"taxonomy":"product_cat","embeddable":true,"href":"https:\/\/varmevest.no\/sv\/wp-json\/wp\/v2\/product_cat?post=192"},{"taxonomy":"product_tag","embeddable":true,"href":"https:\/\/varmevest.no\/sv\/wp-json\/wp\/v2\/product_tag?post=192"}],"curies":[{"name":"wp","href":"https:\/\/api.w.org\/{rel}","templated":true}]}}