{"id":188,"date":"2021-04-06T14:48:33","date_gmt":"2021-04-06T12:48:33","guid":{"rendered":"https:\/\/varmevest2.east.no\/?post_type=product&#038;p=188"},"modified":"2024-10-09T21:19:15","modified_gmt":"2024-10-09T19:19:15","slug":"headover","status":"publish","type":"product","link":"https:\/\/varmevest.no\/sv\/produkt\/headover\/","title":{"rendered":"Headover"},"content":{"rendered":"<p>1TP5V\u00e4rm v\u00e4st 1TP5V\u00e4rm v\u00e4st #teamheatedgear branding.<\/p>","protected":false},"excerpt":{"rendered":"<p>En slitstark och m\u00e5ngsidig huvudbonad med # v\u00e4rmev\u00e4st # v\u00e4rmev\u00e4st #teamheatedgear-varum\u00e4rke.<\/p>","protected":false},"featured_media":1253,"template":"","meta":{"_acf_changed":false},"product_brand":[],"product_cat":[25,24],"product_tag":[],"class_list":{"0":"post-188","1":"product","2":"type-product","3":"status-publish","4":"has-post-thumbnail","6":"product_cat-hodeplagg","7":"product_cat-tilbehor","9":"first","10":"instock","11":"taxable","12":"shipping-taxable","13":"purchasable","14":"product-type-simple"},"acf":[],"publishpress_future_workflow_manual_trigger":{"enabledWorkflows":[]},"_links":{"self":[{"href":"https:\/\/varmevest.no\/sv\/wp-json\/wp\/v2\/product\/188"}],"collection":[{"href":"https:\/\/varmevest.no\/sv\/wp-json\/wp\/v2\/product"}],"about":[{"href":"https:\/\/varmevest.no\/sv\/wp-json\/wp\/v2\/types\/product"}],"wp:featuredmedia":[{"embeddable":true,"href":"https:\/\/varmevest.no\/sv\/wp-json\/wp\/v2\/media\/1253"}],"wp:attachment":[{"href":"https:\/\/varmevest.no\/sv\/wp-json\/wp\/v2\/media?parent=188"}],"wp:term":[{"taxonomy":"product_brand","embeddable":true,"href":"https:\/\/varmevest.no\/sv\/wp-json\/wp\/v2\/product_brand?post=188"},{"taxonomy":"product_cat","embeddable":true,"href":"https:\/\/varmevest.no\/sv\/wp-json\/wp\/v2\/product_cat?post=188"},{"taxonomy":"product_tag","embeddable":true,"href":"https:\/\/varmevest.no\/sv\/wp-json\/wp\/v2\/product_tag?post=188"}],"curies":[{"name":"wp","href":"https:\/\/api.w.org\/{rel}","templated":true}]}}