{"id":185,"date":"2021-04-06T14:45:54","date_gmt":"2021-04-06T12:45:54","guid":{"rendered":"https:\/\/varmevest2.east.no\/?post_type=product&#038;p=185"},"modified":"2024-12-02T00:02:29","modified_gmt":"2024-12-01T22:02:29","slug":"sitteunderlag","status":"publish","type":"product","link":"https:\/\/varmevest.no\/sv\/produkt\/sitteunderlag\/","title":{"rendered":"Sittunderlag"},"content":{"rendered":"<p>Effektiv uppv\u00e4rmningstid p\u00e5 \u00f6ver 4 timmar.<br \/>\nEn fantastiskt popul\u00e4r produkt som verkligen v\u00e4rmer kroppen p\u00e5 kalla ytor.<\/p>","protected":false},"excerpt":{"rendered":"<p>Batteridrivet sittunderlag med v\u00e4rmetr\u00e5dar. Den v\u00e4rmer upp rumpan och \u00e4r mycket anv\u00e4ndbar att ha med i ryggs\u00e4cken n\u00e4r du \u00e4r p\u00e5 skidresa, p\u00e5 idrottsevenemang eller n\u00e5gon annanstans d\u00e4r du beh\u00f6ver ett sittunderlag.<\/p>","protected":false},"featured_media":186,"template":"","meta":{"_acf_changed":false},"product_brand":[],"product_cat":[23,24],"product_tag":[],"class_list":{"0":"post-185","1":"product","2":"type-product","3":"status-publish","4":"has-post-thumbnail","6":"product_cat-sitteunderlag","7":"product_cat-tilbehor","9":"first","10":"instock","11":"taxable","12":"shipping-taxable","13":"purchasable","14":"product-type-simple"},"acf":[],"publishpress_future_workflow_manual_trigger":{"enabledWorkflows":[]},"_links":{"self":[{"href":"https:\/\/varmevest.no\/sv\/wp-json\/wp\/v2\/product\/185"}],"collection":[{"href":"https:\/\/varmevest.no\/sv\/wp-json\/wp\/v2\/product"}],"about":[{"href":"https:\/\/varmevest.no\/sv\/wp-json\/wp\/v2\/types\/product"}],"wp:featuredmedia":[{"embeddable":true,"href":"https:\/\/varmevest.no\/sv\/wp-json\/wp\/v2\/media\/186"}],"wp:attachment":[{"href":"https:\/\/varmevest.no\/sv\/wp-json\/wp\/v2\/media?parent=185"}],"wp:term":[{"taxonomy":"product_brand","embeddable":true,"href":"https:\/\/varmevest.no\/sv\/wp-json\/wp\/v2\/product_brand?post=185"},{"taxonomy":"product_cat","embeddable":true,"href":"https:\/\/varmevest.no\/sv\/wp-json\/wp\/v2\/product_cat?post=185"},{"taxonomy":"product_tag","embeddable":true,"href":"https:\/\/varmevest.no\/sv\/wp-json\/wp\/v2\/product_tag?post=185"}],"curies":[{"name":"wp","href":"https:\/\/api.w.org\/{rel}","templated":true}]}}