{"id":84,"date":"2024-08-21T12:51:45","date_gmt":"2024-08-21T10:51:45","guid":{"rendered":"https:\/\/varmevest.no\/?page_id=84"},"modified":"2024-08-21T12:59:32","modified_gmt":"2024-08-21T10:59:32","slug":"faq","status":"publish","type":"page","link":"https:\/\/varmevest.no\/sv\/faq\/","title":{"rendered":"Vanliga fr\u00e5gor och svar"},"content":{"rendered":"<div data-elementor-type=\"wp-page\" data-elementor-id=\"84\" class=\"elementor elementor-84\" data-elementor-post-type=\"page\">\n\t\t\t\t<div class=\"elementor-element elementor-element-b531719 e-flex e-con-boxed e-con e-parent\" data-id=\"b531719\" data-element_type=\"container\">\n\t\t\t\t\t<div class=\"e-con-inner\">\n\t\t\t\t<div class=\"elementor-element elementor-element-1f78552 elementor-widget elementor-widget-heading\" data-id=\"1f78552\" data-element_type=\"widget\" data-widget_type=\"heading.default\">\n\t\t\t\t<div class=\"elementor-widget-container\">\n\t\t\t\t\t<h1 class=\"elementor-heading-title elementor-size-default\">Vanliga fr\u00e5gor och svar<\/h1>\t\t\t\t<\/div>\n\t\t\t\t<\/div>\n\t\t\t\t<div class=\"elementor-element elementor-element-b50c5e4 elementor-widget elementor-widget-text-editor\" data-id=\"b50c5e4\" data-element_type=\"widget\" data-widget_type=\"text-editor.default\">\n\t\t\t\t<div class=\"elementor-widget-container\">\n\t\t\t\t\t\t\t\t\t<p>H\u00e4r har vi samlat lite information och vanliga fr\u00e5gor.<\/p>\t\t\t\t\t\t\t\t<\/div>\n\t\t\t\t<\/div>\n\t\t\t\t<div class=\"elementor-element elementor-element-1f95968 elementor-grid-3 elementor-grid-tablet-2 elementor-grid-mobile-1 elementor-widget elementor-widget-loop-grid\" data-id=\"1f95968\" data-element_type=\"widget\" data-settings=\"{&quot;template_id&quot;:90,&quot;columns&quot;:3,&quot;_skin&quot;:&quot;post&quot;,&quot;columns_tablet&quot;:&quot;2&quot;,&quot;columns_mobile&quot;:&quot;1&quot;,&quot;edit_handle_selector&quot;:&quot;[data-elementor-type=\\&quot;loop-item\\&quot;]&quot;,&quot;row_gap&quot;:{&quot;unit&quot;:&quot;px&quot;,&quot;size&quot;:&quot;&quot;,&quot;sizes&quot;:[]},&quot;row_gap_tablet&quot;:{&quot;unit&quot;:&quot;px&quot;,&quot;size&quot;:&quot;&quot;,&quot;sizes&quot;:[]},&quot;row_gap_mobile&quot;:{&quot;unit&quot;:&quot;px&quot;,&quot;size&quot;:&quot;&quot;,&quot;sizes&quot;:[]}}\" data-widget_type=\"loop-grid.post\">\n\t\t\t\t<div class=\"elementor-widget-container\">\n\t\t\t\t\t\t\t<div class=\"elementor-loop-container elementor-grid\">\n\t\t<style id=\"loop-90\">.elementor-90 .elementor-element.elementor-element-936af65{--display:flex;--border-radius:10px 10px 10px 10px;--padding-top:20px;--padding-bottom:20px;--padding-left:20px;--padding-right:20px;}.elementor-90 .elementor-element.elementor-element-936af65:not(.elementor-motion-effects-element-type-background), .elementor-90 .elementor-element.elementor-element-936af65 > .elementor-motion-effects-container > .elementor-motion-effects-layer{background-color:#F7F7F7;}.elementor-widget-theme-post-title .elementor-heading-title{font-family:var( --e-global-typography-primary-font-family ), Sans-serif;font-weight:var( --e-global-typography-primary-font-weight );color:var( --e-global-color-primary );}.elementor-90 .elementor-element.elementor-element-96d2a4d > .elementor-widget-container{margin:0px 0px 0px 0px;padding:0px 0px 0px 0px;}.elementor-90 .elementor-element.elementor-element-96d2a4d .elementor-heading-title{font-family:\"Open Sans\", Sans-serif;font-size:1.2em;font-weight:700;color:var( --e-global-color-text );}.elementor-widget-theme-post-content{color:var( --e-global-color-text );font-family:var( --e-global-typography-text-font-family ), Sans-serif;font-weight:var( --e-global-typography-text-font-weight );}<\/style>\t\t<div data-elementor-type=\"loop-item\" data-elementor-id=\"90\" class=\"elementor elementor-90 e-loop-item e-loop-item-1366 post-1366 faq type-faq status-publish hentry\" data-elementor-post-type=\"elementor_library\" data-custom-edit-handle=\"1\">\n\t\t\t<div class=\"elementor-element elementor-element-936af65 e-flex e-con-boxed e-con e-parent\" data-id=\"936af65\" data-element_type=\"container\" data-settings=\"{&quot;background_background&quot;:&quot;classic&quot;}\">\n\t\t\t\t\t<div class=\"e-con-inner\">\n\t\t\t\t<div class=\"elementor-element elementor-element-96d2a4d elementor-widget elementor-widget-theme-post-title elementor-page-title elementor-widget-heading\" data-id=\"96d2a4d\" data-element_type=\"widget\" data-widget_type=\"theme-post-title.default\">\n\t\t\t\t<div class=\"elementor-widget-container\">\n\t\t\t\t\t<span class=\"elementor-heading-title elementor-size-default\">Hur fungerar tekniken?<\/span>\t\t\t\t<\/div>\n\t\t\t\t<\/div>\n\t\t\t\t<div class=\"elementor-element elementor-element-35564f1 elementor-widget elementor-widget-theme-post-content\" data-id=\"35564f1\" data-element_type=\"widget\" data-widget_type=\"theme-post-content.default\">\n\t\t\t\t<div class=\"elementor-widget-container\">\n\t\t\t\t\t<p>V\u00e5r teknik bygger p\u00e5 inbyggda v\u00e4rmekuddar i kol- och kompositmaterial som leder v\u00e4rme v\u00e4l och \u00e4r mycket t\u00e5liga. Det inneb\u00e4r att v\u00e5ra produkter har l\u00e5ng livsl\u00e4ngd och t\u00e5l tuff anv\u00e4ndning i m\u00e5nga olika milj\u00f6er.<\/p>\t\t\t\t<\/div>\n\t\t\t\t<\/div>\n\t\t\t\t\t<\/div>\n\t\t\t\t<\/div>\n\t\t\t\t<\/div>\n\t\t\t\t<div data-elementor-type=\"loop-item\" data-elementor-id=\"90\" class=\"elementor elementor-90 e-loop-item e-loop-item-83 post-83 faq type-faq status-publish hentry\" data-elementor-post-type=\"elementor_library\" data-custom-edit-handle=\"1\">\n\t\t\t<div class=\"elementor-element elementor-element-936af65 e-flex e-con-boxed e-con e-parent\" data-id=\"936af65\" data-element_type=\"container\" data-settings=\"{&quot;background_background&quot;:&quot;classic&quot;}\">\n\t\t\t\t\t<div class=\"e-con-inner\">\n\t\t\t\t<div class=\"elementor-element elementor-element-96d2a4d elementor-widget elementor-widget-theme-post-title elementor-page-title elementor-widget-heading\" data-id=\"96d2a4d\" data-element_type=\"widget\" data-widget_type=\"theme-post-title.default\">\n\t\t\t\t<div class=\"elementor-widget-container\">\n\t\t\t\t\t<span class=\"elementor-heading-title elementor-size-default\">Varf\u00f6r en knapp och inte en app?<\/span>\t\t\t\t<\/div>\n\t\t\t\t<\/div>\n\t\t\t\t<div class=\"elementor-element elementor-element-35564f1 elementor-widget elementor-widget-theme-post-content\" data-id=\"35564f1\" data-element_type=\"widget\" data-widget_type=\"theme-post-content.default\">\n\t\t\t\t<div class=\"elementor-widget-container\">\n\t\t\t\t\t<p>Det finns flera sk\u00e4l till detta: <\/p><ul class=\"wp-block-list\"><li>Mer anv\u00e4ndarv\u00e4nligt f\u00f6r kunden <\/li>\n\n<li>Mer effektiv <\/li>\n\n<li>F\u00e4rre m\u00f6jliga konfliktpunkter <\/li><\/ul><p>Varf\u00f6r anv\u00e4nda din smartphone f\u00f6r detta n\u00e4r du inte beh\u00f6ver det? <\/p>\t\t\t\t<\/div>\n\t\t\t\t<\/div>\n\t\t\t\t\t<\/div>\n\t\t\t\t<\/div>\n\t\t\t\t<\/div>\n\t\t\t\t<div data-elementor-type=\"loop-item\" data-elementor-id=\"90\" class=\"elementor elementor-90 e-loop-item e-loop-item-82 post-82 faq type-faq status-publish hentry\" data-elementor-post-type=\"elementor_library\" data-custom-edit-handle=\"1\">\n\t\t\t<div class=\"elementor-element elementor-element-936af65 e-flex e-con-boxed e-con e-parent\" data-id=\"936af65\" data-element_type=\"container\" data-settings=\"{&quot;background_background&quot;:&quot;classic&quot;}\">\n\t\t\t\t\t<div class=\"e-con-inner\">\n\t\t\t\t<div class=\"elementor-element elementor-element-96d2a4d elementor-widget elementor-widget-theme-post-title elementor-page-title elementor-widget-heading\" data-id=\"96d2a4d\" data-element_type=\"widget\" data-widget_type=\"theme-post-title.default\">\n\t\t\t\t<div class=\"elementor-widget-container\">\n\t\t\t\t\t<span class=\"elementor-heading-title elementor-size-default\">Varf\u00f6r har du inte en powerbank till dina produkter?<\/span>\t\t\t\t<\/div>\n\t\t\t\t<\/div>\n\t\t\t\t<div class=\"elementor-element elementor-element-35564f1 elementor-widget elementor-widget-theme-post-content\" data-id=\"35564f1\" data-element_type=\"widget\" data-widget_type=\"theme-post-content.default\">\n\t\t\t\t<div class=\"elementor-widget-container\">\n\t\t\t\t\t<p>Vi v\u00e4ljer fortfarande att anv\u00e4nda 7,4 V batterier ist\u00e4llet f\u00f6r 5 V och powerbank i de flesta av v\u00e5ra produkter. Anledningen till detta \u00e4r h\u00f6gre effekt (v\u00e4rme) och snabbare uppv\u00e4rmning av produkten. Vi vill ha kontroll \u00f6ver vilka batterier och deras tillverkare som anv\u00e4nds i v\u00e5ra produkter med h\u00e4nsyn till eventuella garantifr\u00e5gor och inte minst s\u00e4kerhet. Detta \u00e4r det b\u00e4sta f\u00f6r dig som kund.<\/p>\t\t\t\t<\/div>\n\t\t\t\t<\/div>\n\t\t\t\t\t<\/div>\n\t\t\t\t<\/div>\n\t\t\t\t<\/div>\n\t\t\t\t<div data-elementor-type=\"loop-item\" data-elementor-id=\"90\" class=\"elementor elementor-90 e-loop-item e-loop-item-1298 post-1298 faq type-faq status-publish hentry\" data-elementor-post-type=\"elementor_library\" data-custom-edit-handle=\"1\">\n\t\t\t<div class=\"elementor-element elementor-element-936af65 e-flex e-con-boxed e-con e-parent\" data-id=\"936af65\" data-element_type=\"container\" data-settings=\"{&quot;background_background&quot;:&quot;classic&quot;}\">\n\t\t\t\t\t<div class=\"e-con-inner\">\n\t\t\t\t<div class=\"elementor-element elementor-element-96d2a4d elementor-widget elementor-widget-theme-post-title elementor-page-title elementor-widget-heading\" data-id=\"96d2a4d\" data-element_type=\"widget\" data-widget_type=\"theme-post-title.default\">\n\t\t\t\t<div class=\"elementor-widget-container\">\n\t\t\t\t\t<span class=\"elementor-heading-title elementor-size-default\">Hur betalar jag?<\/span>\t\t\t\t<\/div>\n\t\t\t\t<\/div>\n\t\t\t\t<div class=\"elementor-element elementor-element-35564f1 elementor-widget elementor-widget-theme-post-content\" data-id=\"35564f1\" data-element_type=\"widget\" data-widget_type=\"theme-post-content.default\">\n\t\t\t\t<div class=\"elementor-widget-container\">\n\t\t\t\t\t<p>Klarnas betalningsl\u00f6sningar och kortbetalningar.<\/p><p><\/p>\t\t\t\t<\/div>\n\t\t\t\t<\/div>\n\t\t\t\t\t<\/div>\n\t\t\t\t<\/div>\n\t\t\t\t<\/div>\n\t\t\t\t<div data-elementor-type=\"loop-item\" data-elementor-id=\"90\" class=\"elementor elementor-90 e-loop-item e-loop-item-1297 post-1297 faq type-faq status-publish hentry\" data-elementor-post-type=\"elementor_library\" data-custom-edit-handle=\"1\">\n\t\t\t<div class=\"elementor-element elementor-element-936af65 e-flex e-con-boxed e-con e-parent\" data-id=\"936af65\" data-element_type=\"container\" data-settings=\"{&quot;background_background&quot;:&quot;classic&quot;}\">\n\t\t\t\t\t<div class=\"e-con-inner\">\n\t\t\t\t<div class=\"elementor-element elementor-element-96d2a4d elementor-widget elementor-widget-theme-post-title elementor-page-title elementor-widget-heading\" data-id=\"96d2a4d\" data-element_type=\"widget\" data-widget_type=\"theme-post-title.default\">\n\t\t\t\t<div class=\"elementor-widget-container\">\n\t\t\t\t\t<span class=\"elementor-heading-title elementor-size-default\">Vad h\u00e4nder om jag inte f\u00e5r varorna?<\/span>\t\t\t\t<\/div>\n\t\t\t\t<\/div>\n\t\t\t\t<div class=\"elementor-element elementor-element-35564f1 elementor-widget elementor-widget-theme-post-content\" data-id=\"35564f1\" data-element_type=\"widget\" data-widget_type=\"theme-post-content.default\">\n\t\t\t\t<div class=\"elementor-widget-container\">\n\t\t\t\t\t<p>Om en f\u00f6rs\u00e4ndelse inte l\u00f6ses ut av kunden debiteras kunden f\u00f6r utskicksporto, returporto och en avgift.<\/p>\t\t\t\t<\/div>\n\t\t\t\t<\/div>\n\t\t\t\t\t<\/div>\n\t\t\t\t<\/div>\n\t\t\t\t<\/div>\n\t\t\t\t<div data-elementor-type=\"loop-item\" data-elementor-id=\"90\" class=\"elementor elementor-90 e-loop-item e-loop-item-1296 post-1296 faq type-faq status-publish hentry\" data-elementor-post-type=\"elementor_library\" data-custom-edit-handle=\"1\">\n\t\t\t<div class=\"elementor-element elementor-element-936af65 e-flex e-con-boxed e-con e-parent\" data-id=\"936af65\" data-element_type=\"container\" data-settings=\"{&quot;background_background&quot;:&quot;classic&quot;}\">\n\t\t\t\t\t<div class=\"e-con-inner\">\n\t\t\t\t<div class=\"elementor-element elementor-element-96d2a4d elementor-widget elementor-widget-theme-post-title elementor-page-title elementor-widget-heading\" data-id=\"96d2a4d\" data-element_type=\"widget\" data-widget_type=\"theme-post-title.default\">\n\t\t\t\t<div class=\"elementor-widget-container\">\n\t\t\t\t\t<span class=\"elementor-heading-title elementor-size-default\">Har jag r\u00e4tt att \u00e5ngra k\u00f6pet?<\/span>\t\t\t\t<\/div>\n\t\t\t\t<\/div>\n\t\t\t\t<div class=\"elementor-element elementor-element-35564f1 elementor-widget elementor-widget-theme-post-content\" data-id=\"35564f1\" data-element_type=\"widget\" data-widget_type=\"theme-post-content.default\">\n\t\t\t\t<div class=\"elementor-widget-container\">\n\t\t\t\t\t<p>Varorna s\u00e4ljs med 14 dagars returr\u00e4tt enligt \u00e5ngerr\u00e4ttslagen. Vid retur ska varan skickas som ett vanligt paket, ej mot upph\u00e4mtning. Bifoga en kopia av fakturan samt orsaken till returen och ange om varan ska bytas eller om pengarna ska \u00e5terbetalas (kom ih\u00e5g att ange kontonummer). Om returen inte beror p\u00e5 felexpediering debiteras portot kunden. Vid en eventuell retur, skicka paketet p\u00e5 billigaste s\u00e4tt.<\/p>\t\t\t\t<\/div>\n\t\t\t\t<\/div>\n\t\t\t\t\t<\/div>\n\t\t\t\t<\/div>\n\t\t\t\t<\/div>\n\t\t\t\t<div data-elementor-type=\"loop-item\" data-elementor-id=\"90\" class=\"elementor elementor-90 e-loop-item e-loop-item-1295 post-1295 faq type-faq status-publish hentry\" data-elementor-post-type=\"elementor_library\" data-custom-edit-handle=\"1\">\n\t\t\t<div class=\"elementor-element elementor-element-936af65 e-flex e-con-boxed e-con e-parent\" data-id=\"936af65\" data-element_type=\"container\" data-settings=\"{&quot;background_background&quot;:&quot;classic&quot;}\">\n\t\t\t\t\t<div class=\"e-con-inner\">\n\t\t\t\t<div class=\"elementor-element elementor-element-96d2a4d elementor-widget elementor-widget-theme-post-title elementor-page-title elementor-widget-heading\" data-id=\"96d2a4d\" data-element_type=\"widget\" data-widget_type=\"theme-post-title.default\">\n\t\t\t\t<div class=\"elementor-widget-container\">\n\t\t\t\t\t<span class=\"elementor-heading-title elementor-size-default\">Vilka l\u00e4nder skickar ni till?<\/span>\t\t\t\t<\/div>\n\t\t\t\t<\/div>\n\t\t\t\t<div class=\"elementor-element elementor-element-35564f1 elementor-widget elementor-widget-theme-post-content\" data-id=\"35564f1\" data-element_type=\"widget\" data-widget_type=\"theme-post-content.default\">\n\t\t\t\t<div class=\"elementor-widget-container\">\n\t\t\t\t\t<p>Vi skickar varor till alla l\u00e4nder i Europa.<\/p><p><\/p>\t\t\t\t<\/div>\n\t\t\t\t<\/div>\n\t\t\t\t\t<\/div>\n\t\t\t\t<\/div>\n\t\t\t\t<\/div>\n\t\t\t\t<\/div>\n\t\t\n\t\t\t\t\t\t<\/div>\n\t\t\t\t<\/div>\n\t\t\t\t\t<\/div>\n\t\t\t\t<\/div>\n\t\t\t\t<\/div>","protected":false},"excerpt":{"rendered":"<p>Vanliga fr\u00e5gor H\u00e4r har vi samlat lite information och vanliga fr\u00e5gor.<\/p>","protected":false},"author":1,"featured_media":0,"parent":0,"menu_order":0,"comment_status":"closed","ping_status":"closed","template":"","meta":{"_acf_changed":false,"footnotes":""},"class_list":["post-84","page","type-page","status-publish","hentry"],"acf":[],"publishpress_future_workflow_manual_trigger":{"enabledWorkflows":[]},"_links":{"self":[{"href":"https:\/\/varmevest.no\/sv\/wp-json\/wp\/v2\/pages\/84"}],"collection":[{"href":"https:\/\/varmevest.no\/sv\/wp-json\/wp\/v2\/pages"}],"about":[{"href":"https:\/\/varmevest.no\/sv\/wp-json\/wp\/v2\/types\/page"}],"author":[{"embeddable":true,"href":"https:\/\/varmevest.no\/sv\/wp-json\/wp\/v2\/users\/1"}],"replies":[{"embeddable":true,"href":"https:\/\/varmevest.no\/sv\/wp-json\/wp\/v2\/comments?post=84"}],"version-history":[{"count":5,"href":"https:\/\/varmevest.no\/sv\/wp-json\/wp\/v2\/pages\/84\/revisions"}],"predecessor-version":[{"id":112,"href":"https:\/\/varmevest.no\/sv\/wp-json\/wp\/v2\/pages\/84\/revisions\/112"}],"wp:attachment":[{"href":"https:\/\/varmevest.no\/sv\/wp-json\/wp\/v2\/media?parent=84"}],"curies":[{"name":"wp","href":"https:\/\/api.w.org\/{rel}","templated":true}]}}