{"id":25,"date":"2024-08-21T12:26:28","date_gmt":"2024-08-21T10:26:28","guid":{"rendered":"https:\/\/varmevest.no\/handlekurv\/"},"modified":"2024-09-03T21:21:18","modified_gmt":"2024-09-03T19:21:18","slug":"handlekurv","status":"publish","type":"page","link":"https:\/\/varmevest.no\/sv\/handlekurv\/","title":{"rendered":"Varukorg"},"content":{"rendered":"<div data-elementor-type=\"wp-page\" data-elementor-id=\"25\" class=\"elementor elementor-25\" data-elementor-post-type=\"page\">\n\t\t\t\t<div class=\"elementor-element elementor-element-621bc70b e-flex e-con-boxed e-con e-parent\" data-id=\"621bc70b\" data-element_type=\"container\">\n\t\t\t\t\t<div class=\"e-con-inner\">\n\t\t\t\t<div class=\"elementor-element elementor-element-9835a66 elementor-widget elementor-widget-heading\" data-id=\"9835a66\" data-element_type=\"widget\" data-widget_type=\"heading.default\">\n\t\t\t\t<div class=\"elementor-widget-container\">\n\t\t\t\t\t<h1 class=\"elementor-heading-title elementor-size-default\">Shoppingvagn<\/h1>\t\t\t\t<\/div>\n\t\t\t\t<\/div>\n\t\t\t\t\t<\/div>\n\t\t\t\t<\/div>\n\t\t\t\t<\/div>","protected":false},"excerpt":{"rendered":"<p>Kundvagn Ta bort artikel Miniatyrbild Produktpris Kvantitet Delsumma \u00d7 Headover $49.00 Headover kvantitet $49.00 Anv\u00e4nd kupong Sommar Delsumma $49.00 Frakt Fri frakt Fraktalternativ kommer att uppdateras p\u00e5 kassasidan. Ber\u00e4kna frakt Land \/ region: V\u00e4lj land\/region...AfghanistanAlbanienAlgerietAmerikanska SamoaUnited States of America (USA)AndorraAngolaAnguillaAntarktisAntigua och BarbudaArgentinaArmenienArubaAzerbaijanAustralienBahamasBahrainBangladeshBarbadosBelauBelgienBelizeBeninBermudaBhutanBoliviaBonaire, Sint Eustatius och SabaBosnien och HercegovinaBotswanaBouvet IslandBrasilienBrittiska territoriet i Indiska oceanenBruneiBulgarienBurkina FasoBurundiCanadaCayman\u00f6arnaChileColombiaCook\u00f6arnaCosta RicaCubaCura\u00e7aoDenmarkDe franska [... ].]<\/p>","protected":false},"author":1,"featured_media":0,"parent":0,"menu_order":0,"comment_status":"closed","ping_status":"closed","template":"","meta":{"_acf_changed":false,"footnotes":""},"class_list":["post-25","page","type-page","status-publish","hentry"],"acf":[],"publishpress_future_workflow_manual_trigger":{"enabledWorkflows":[]},"_links":{"self":[{"href":"https:\/\/varmevest.no\/sv\/wp-json\/wp\/v2\/pages\/25"}],"collection":[{"href":"https:\/\/varmevest.no\/sv\/wp-json\/wp\/v2\/pages"}],"about":[{"href":"https:\/\/varmevest.no\/sv\/wp-json\/wp\/v2\/types\/page"}],"author":[{"embeddable":true,"href":"https:\/\/varmevest.no\/sv\/wp-json\/wp\/v2\/users\/1"}],"replies":[{"embeddable":true,"href":"https:\/\/varmevest.no\/sv\/wp-json\/wp\/v2\/comments?post=25"}],"version-history":[{"count":4,"href":"https:\/\/varmevest.no\/sv\/wp-json\/wp\/v2\/pages\/25\/revisions"}],"predecessor-version":[{"id":1181,"href":"https:\/\/varmevest.no\/sv\/wp-json\/wp\/v2\/pages\/25\/revisions\/1181"}],"wp:attachment":[{"href":"https:\/\/varmevest.no\/sv\/wp-json\/wp\/v2\/media?parent=25"}],"curies":[{"name":"wp","href":"https:\/\/api.w.org\/{rel}","templated":true}]}}