{"id":1289,"date":"2024-09-06T12:58:27","date_gmt":"2024-09-06T10:58:27","guid":{"rendered":"https:\/\/varmevest.no\/?page_id=1289"},"modified":"2024-09-06T12:59:11","modified_gmt":"2024-09-06T10:59:11","slug":"om-oss","status":"publish","type":"page","link":"https:\/\/varmevest.no\/sv\/om-oss\/","title":{"rendered":"Om oss"},"content":{"rendered":"<h1 class=\"wp-block-heading\">Om oss<\/h1><p>Varmevest.no har som m\u00e5l att bli en ledande leverant\u00f6r av v\u00e4rmeprodukter i Norden. Under m\u00e5nga m\u00e5nader har vi konstruerat och designat v\u00e5r egen v\u00e4st f\u00f6r den nordiska marknaden. Efter otaliga tester av v\u00e4star och sulor har vi \u00e4ntligen de f\u00e4rdiga produkterna h\u00e4r. Vi \u00e4r stolta \u00f6ver att kunna presentera produkter av den h\u00e4r kvaliteten. Vi vill att v\u00e5ra kunder ska vara helt trygga med att produkterna motsvarar deras f\u00f6rv\u00e4ntningar och den kvalitet vi utlovar. V\u00e5ra produkter ska ligga i det l\u00e4gsta prisintervallet, men med h\u00f6gsta m\u00f6jliga kvalitet.<\/p><p>Vi som arbetar med varmevest.no \u00e4r h\u00e4ngivna j\u00e4gare och friluftsentusiaster som letade efter produkter med tillr\u00e4cklig kvalitet och anv\u00e4ndarv\u00e4nlighet. Efter m\u00e5nader av f\u00f6rs\u00f6k, fel och omdesign kan vi nu se att vi har tr\u00e4ffat r\u00e4tt n\u00e4r det g\u00e4ller kvalitet, anv\u00e4ndbarhet och inte minst pris.<\/p><p><strong>F\u00f6retagets namn:&nbsp;<\/strong>JBE Invest<br><strong>Org.nr:<\/strong>&nbsp;930194131<strong><br>Adress:&nbsp;<\/strong>Amundvegen 2, 2208 Kongsvinger, Sverige<strong><br><\/strong><strong>Administration:<\/strong>&nbsp;90 72 81 94<br><strong>E-post:<\/strong>&nbsp;<a href=\"mailto:post@varmevest.no\">post@varmevest.no<\/a><\/p>","protected":false},"excerpt":{"rendered":"<p>Om oss Varmevest.no har som m\u00e5l att bli en ledande leverant\u00f6r av v\u00e4rmeprodukter i Norden. Under m\u00e5nga m\u00e5nader har vi konstruerat och designat v\u00e5r egen v\u00e4st f\u00f6r den nordiska marknaden. Efter otaliga tester av v\u00e4star och sulor har vi \u00e4ntligen de f\u00e4rdiga produkterna h\u00e4r. Vi \u00e4r stolta \u00f6ver att kunna presentera varor av denna kvalitet. V\u00e5ra kunder ska [...]<\/p>","protected":false},"author":2,"featured_media":0,"parent":0,"menu_order":0,"comment_status":"closed","ping_status":"closed","template":"","meta":{"_acf_changed":false,"footnotes":""},"class_list":["post-1289","page","type-page","status-publish","hentry"],"acf":[],"publishpress_future_workflow_manual_trigger":{"enabledWorkflows":[]},"_links":{"self":[{"href":"https:\/\/varmevest.no\/sv\/wp-json\/wp\/v2\/pages\/1289"}],"collection":[{"href":"https:\/\/varmevest.no\/sv\/wp-json\/wp\/v2\/pages"}],"about":[{"href":"https:\/\/varmevest.no\/sv\/wp-json\/wp\/v2\/types\/page"}],"author":[{"embeddable":true,"href":"https:\/\/varmevest.no\/sv\/wp-json\/wp\/v2\/users\/2"}],"replies":[{"embeddable":true,"href":"https:\/\/varmevest.no\/sv\/wp-json\/wp\/v2\/comments?post=1289"}],"version-history":[{"count":4,"href":"https:\/\/varmevest.no\/sv\/wp-json\/wp\/v2\/pages\/1289\/revisions"}],"predecessor-version":[{"id":1294,"href":"https:\/\/varmevest.no\/sv\/wp-json\/wp\/v2\/pages\/1289\/revisions\/1294"}],"wp:attachment":[{"href":"https:\/\/varmevest.no\/sv\/wp-json\/wp\/v2\/media?parent=1289"}],"curies":[{"name":"wp","href":"https:\/\/api.w.org\/{rel}","templated":true}]}}