{"id":1285,"date":"2024-09-06T12:55:11","date_gmt":"2024-09-06T10:55:11","guid":{"rendered":"https:\/\/varmevest.no\/?page_id=1285"},"modified":"2024-09-06T12:55:37","modified_gmt":"2024-09-06T10:55:37","slug":"personvernerklaering","status":"publish","type":"page","link":"https:\/\/varmevest.no\/sv\/personvernerklaering\/","title":{"rendered":"Integritetspolicy"},"content":{"rendered":"<h1 class=\"wp-block-heading\">Integritetspolicy<\/h1><p>Integritet, online-behandling av personuppgifter<br><br><strong>Form X AS \u00e4r personuppgiftsansvarig f\u00f6r de personuppgifter som samlas in p\u00e5 webbplatsen:&nbsp;<a href=\"https:\/\/varmevest.no\/sv\/\">varmevest.no<\/a>,&nbsp;<a href=\"http:\/\/www.varmevast.se\/\">varmevast.se<\/a>&nbsp;och&nbsp;<a href=\"http:\/\/www.teamheatedgear.com\/\">teamheatedgear.com<\/a>&nbsp;alla andra webbaserade tj\u00e4nster som \u00e4gs och drivs av Form X AS. F\u00f6r \u00f6vriga produkter och tj\u00e4nster som tillhandah\u00e5lls av Form X AS g\u00e4ller separata personuppgiftsbitr\u00e4desavtal.<br><br><\/strong><strong>Personuppgifter som behandlas<br><br><\/strong>Form X AS samlar inte in personuppgifter s\u00e5som f\u00f6delsedatum och personnummer, eller information om personliga betalkort.<strong>&nbsp;&nbsp;&nbsp;&nbsp;&nbsp;&nbsp;&nbsp;&nbsp;&nbsp;&nbsp;&nbsp;&nbsp;&nbsp;&nbsp;&nbsp;&nbsp;&nbsp;&nbsp;&nbsp;&nbsp;&nbsp;&nbsp;&nbsp;&nbsp;&nbsp;&nbsp;&nbsp;&nbsp;&nbsp;&nbsp;&nbsp;&nbsp;&nbsp;&nbsp;&nbsp;<\/strong><\/p><p><strong>Exempel p\u00e5 information som samlas in:<\/strong><\/p><ul class=\"wp-block-list\"><li>Namn<\/li>\n\n<li>Position<\/li>\n\n<li>Adress\/f\u00f6retagsadress\/fakturaadress<\/li>\n\n<li>Telefonnummer<\/li>\n\n<li>E-postadress<\/li>\n\n<li>Meddelande\/bakgrund f\u00f6r f\u00f6rfr\u00e5gan<\/li>\n\n<li>Information om din anv\u00e4ndning av webbplatsen, inklusive vilka undersidor som bes\u00f6ks, webbl\u00e4sarinst\u00e4llningar och IP-adress<\/li><\/ul><p><strong><br>Registrering\/insamling av information<\/strong><\/p><p>Form X AS samlar in information via formul\u00e4r p\u00e5 v\u00e5r webbplats. Det \u00e4r frivilligt att tillhandah\u00e5lla denna information. Om du v\u00e4ljer att inte l\u00e4mna uppgifterna kan vi vara f\u00f6rhindrade att ge tillg\u00e5ng till beg\u00e4rda tj\u00e4nster, produkter eller tj\u00e4nster.<\/p><p>Relevant information som framkommer vid telefonsamtal och e-postv\u00e4xling som sker inom ramen f\u00f6r \u00e4rendehanteringen registreras i v\u00e5rt ordersystem. Form X:s medarbetare anv\u00e4nder \u00e4ven e-post i den allm\u00e4nna dialogen med interna och externa kontakter. Den enskilde ansvarar f\u00f6r att radera meddelanden som inte l\u00e4ngre \u00e4r relevanta och ser \u00e5rligen \u00f6ver dessa f\u00f6r att ta bort on\u00f6digt inneh\u00e5ll i e-postl\u00e5dan. Vid upps\u00e4gning eller annan avg\u00e5ng raderas e-postkonton, men viss relevant e-post kommer normalt att \u00f6verf\u00f6ras till kollegor.<\/p><p><strong><em>K\u00e4nsliga personuppgifter ska inte skickas via e-post.<\/em><\/strong><\/p><p>Observera att vanlig e-post \u00e4r okrypterad. Vi uppmuntrar dig d\u00e4rf\u00f6r inte att skicka konfidentiell, k\u00e4nslig eller annan sekretessbelagd information via e-post.<\/p><p>Telefonsamtal (telefonnummer fr\u00e5n och till samt tidpunkt f\u00f6r samtalet) loggas i v\u00e5rt callcenter, som tillhandah\u00e5lls av ITX Norge AS. Denna loggning \u00e4r n\u00f6dv\u00e4ndig f\u00f6r administration och drift av systemet. Den anv\u00e4nds ocks\u00e5 som underlag f\u00f6r statistik, eftersom vi f\u00f6r statistik \u00f6ver telefonsamtalen.<\/p><p><strong><br>Exempel p\u00e5 ett formul\u00e4r:<\/strong><\/p><ul class=\"wp-block-list\"><li>Kontaktformul\u00e4r<\/li>\n\n<li>N\u00e4r du best\u00e4ller produkter eller tj\u00e4nster via v\u00e5r webbplats<\/li>\n\n<li>Vid \u00f6verf\u00f6ring av filer\/dokument<\/li>\n\n<li>Vid nedladdning av dokument, produktinformation etc.<\/li><\/ul><p><strong><br>Syfte med att samla in\/registrera information<\/strong><\/p><ul class=\"wp-block-list\"><li>F\u00f6r att kunna ge tillg\u00e5ng till v\u00e5ra produkter och tj\u00e4nster<\/li>\n\n<li>F\u00f6r att kunna ha n\u00f6dv\u00e4ndig kommunikation och (kund)uppf\u00f6ljning<\/li>\n\n<li>F\u00f6r att kunna kontakta och erbjuda v\u00e5ra produkter och tj\u00e4nster<\/li>\n\n<li>F\u00f6r att kunna skicka relevant information<\/li><\/ul><p><strong><br>Lagring av information<\/strong><\/p><p>Information som samlas in via formul\u00e4r p\u00e5 v\u00e5r webbplats lagras\/vidarebefordras internt till och\/eller lagras i v\u00e5rt CRM-system.<\/p><p><strong><br>Radering av uppgifter<\/strong><\/p><p>Information raderas p\u00e5 beg\u00e4ran genom att kontakta oss.<\/p><p><strong><br>Utl\u00e4mnande av information till tredje part<\/strong><\/p><p>Personuppgifter delas inte med externa tredje parter, men Form X AS kan anv\u00e4nda underleverant\u00f6rer f\u00f6r att leverera hela eller delar av de produkter\/tj\u00e4nster som best\u00e4lls via v\u00e5ra webbplatser.&nbsp;<a href=\"https:\/\/www.paypal.com\/no\/webapps\/mpp\/ua\/privacy-full\" target=\"_blank\" rel=\"noreferrer noopener\">Paypal<\/a>&nbsp;och&nbsp;<a href=\"https:\/\/www.klarna.com\/no\/personvern\/\" target=\"_blank\" rel=\"noreferrer noopener\">Klarna<\/a>kontrollera deras egen integritetspolicy vid behov.<\/p><p><strong><br>R\u00e4ttigheter<\/strong><\/p><p>Som anv\u00e4ndare av v\u00e5ra webbplatser har du r\u00e4tt att beg\u00e4ra tillg\u00e5ng till de personuppgifter som vi lagrar om dig och hur de behandlas. Du kan ocks\u00e5 kr\u00e4va r\u00e4ttelse, radering och begr\u00e4nsning av behandlingen av personuppgifter i enlighet med personuppgiftslagen.<\/p><p>Om behandlingen av personuppgifter grundar sig p\u00e5 samtycke kan du n\u00e4r som helst \u00e5terkalla ditt samtycke.<\/p><p>Om du anser att Form X AS inte har uppfyllt dina r\u00e4ttigheter enligt personuppgiftslagen har du r\u00e4tt att klaga till relevant tillsynsmyndighet. Detta g\u00f6rs genom att l\u00e4mna in ett klagom\u00e5l till den norska dataskyddsmyndigheten, kontaktinformation finns p\u00e5&nbsp;<a href=\"http:\/\/www.datatilsynet.no\/\">datatilsynet.no<\/a>.<\/p>","protected":false},"excerpt":{"rendered":"<p>Integritetspolicy Integritetspolicy, online-behandling av personuppgifter Form X AS \u00e4r personuppgiftsansvarig f\u00f6r personuppgifter som samlas in p\u00e5 webbplatsen: varmevest.no, varmevast.se och teamheatedgear.com eller andra onlinetj\u00e4nster som \u00e4gs och drivs av Form X AS. F\u00f6r \u00f6vriga produkter och tj\u00e4nster som tillhandah\u00e5lls av Form X AS g\u00e4ller separata personuppgiftsbitr\u00e4desavtal Personuppgifter som behandlas Form X AS samlar inte in personuppgifter s\u00e5som f\u00f6delsedatum [...].<\/p>","protected":false},"author":2,"featured_media":0,"parent":0,"menu_order":0,"comment_status":"closed","ping_status":"closed","template":"","meta":{"_acf_changed":false,"footnotes":""},"class_list":["post-1285","page","type-page","status-publish","hentry"],"acf":[],"publishpress_future_workflow_manual_trigger":{"enabledWorkflows":[]},"_links":{"self":[{"href":"https:\/\/varmevest.no\/sv\/wp-json\/wp\/v2\/pages\/1285"}],"collection":[{"href":"https:\/\/varmevest.no\/sv\/wp-json\/wp\/v2\/pages"}],"about":[{"href":"https:\/\/varmevest.no\/sv\/wp-json\/wp\/v2\/types\/page"}],"author":[{"embeddable":true,"href":"https:\/\/varmevest.no\/sv\/wp-json\/wp\/v2\/users\/2"}],"replies":[{"embeddable":true,"href":"https:\/\/varmevest.no\/sv\/wp-json\/wp\/v2\/comments?post=1285"}],"version-history":[{"count":2,"href":"https:\/\/varmevest.no\/sv\/wp-json\/wp\/v2\/pages\/1285\/revisions"}],"predecessor-version":[{"id":1287,"href":"https:\/\/varmevest.no\/sv\/wp-json\/wp\/v2\/pages\/1285\/revisions\/1287"}],"wp:attachment":[{"href":"https:\/\/varmevest.no\/sv\/wp-json\/wp\/v2\/media?parent=1285"}],"curies":[{"name":"wp","href":"https:\/\/api.w.org\/{rel}","templated":true}]}}