{"id":1281,"date":"2024-09-06T12:53:44","date_gmt":"2024-09-06T10:53:44","guid":{"rendered":"https:\/\/varmevest.no\/?page_id=1281"},"modified":"2024-09-09T13:20:55","modified_gmt":"2024-09-09T11:20:55","slug":"vilkar-og-betingelser","status":"publish","type":"page","link":"https:\/\/varmevest.no\/sv\/vilkar-og-betingelser\/","title":{"rendered":"Villkor och anvisningar"},"content":{"rendered":"<h1 class=\"wp-block-heading\">Villkor och anvisningar<\/h1><p><strong>V\u00e4nligen notera f\u00f6ljande k\u00f6pvillkor.<\/strong><\/p><ol class=\"wp-block-list\"><li>Varorna skickas med Tollpost\/Posten. Fraktkostnaden \u00e4r 129,- inkl. moms.<\/li>\n\n<li>Varorna s\u00e4ljs med 14 dagars returr\u00e4tt i enlighet med \u00e5ngerr\u00e4ttslagen. Vid eventuell retur ska varan skickas som ett normalt paket. EJ I UTH\u00c4MTNINGSORDER. Bifoga en kopia av fakturan samt orsaken till returen och ange om varan ska bytas eller om pengarna ska \u00e5terbetalas (kom ih\u00e5g att ange kontonummer). Om returen inte beror p\u00e5 felaktig avs\u00e4ndning debiteras portot kunden.<\/li>\n\n<li>Om en f\u00f6rs\u00e4ndelse inte l\u00f6ses ut av kunden debiteras kunden f\u00f6r utskicksporto, returporto och en avgift.<\/li>\n\n<li><strong>OBSERVERA!<\/strong>&nbsp;F\u00f6r returer, skicka paketet p\u00e5 det billigaste s\u00e4ttet.<\/li>\n\n<li>Om du vill ha en \u00e5terbetalning, v\u00e4nligen uppge ditt kontonummer f\u00f6r snabbast m\u00f6jliga behandling.<\/li>\n\n<li>\u00a0Form X AS f\u00f6rbeh\u00e5ller sig r\u00e4tten att anv\u00e4nda kunduppgifter f\u00f6r eget bruk (information\/reklam).<\/li><\/ol><p><\/p>","protected":false},"excerpt":{"rendered":"<p>Vilk\u00e5r og betingelser Merk deg f\u00f8lgende kj\u00f8psbetingelser.<\/p>","protected":false},"author":2,"featured_media":0,"parent":0,"menu_order":0,"comment_status":"closed","ping_status":"closed","template":"","meta":{"_acf_changed":false,"footnotes":""},"class_list":["post-1281","page","type-page","status-publish","hentry"],"acf":[],"publishpress_future_workflow_manual_trigger":{"enabledWorkflows":[]},"_links":{"self":[{"href":"https:\/\/varmevest.no\/sv\/wp-json\/wp\/v2\/pages\/1281"}],"collection":[{"href":"https:\/\/varmevest.no\/sv\/wp-json\/wp\/v2\/pages"}],"about":[{"href":"https:\/\/varmevest.no\/sv\/wp-json\/wp\/v2\/types\/page"}],"author":[{"embeddable":true,"href":"https:\/\/varmevest.no\/sv\/wp-json\/wp\/v2\/users\/2"}],"replies":[{"embeddable":true,"href":"https:\/\/varmevest.no\/sv\/wp-json\/wp\/v2\/comments?post=1281"}],"version-history":[{"count":4,"href":"https:\/\/varmevest.no\/sv\/wp-json\/wp\/v2\/pages\/1281\/revisions"}],"predecessor-version":[{"id":1335,"href":"https:\/\/varmevest.no\/sv\/wp-json\/wp\/v2\/pages\/1281\/revisions\/1335"}],"wp:attachment":[{"href":"https:\/\/varmevest.no\/sv\/wp-json\/wp\/v2\/media?parent=1281"}],"curies":[{"name":"wp","href":"https:\/\/api.w.org\/{rel}","templated":true}]}}