{"id":1113,"date":"2024-09-02T21:13:57","date_gmt":"2024-09-02T19:13:57","guid":{"rendered":"https:\/\/varmevest.no\/?page_id=1113"},"modified":"2024-11-18T06:53:09","modified_gmt":"2024-11-18T04:53:09","slug":"ambassadorer","status":"publish","type":"page","link":"https:\/\/varmevest.no\/sv\/ambassadorer\/","title":{"rendered":"Ambassad\u00f6rer"},"content":{"rendered":"<div data-elementor-type=\"wp-page\" data-elementor-id=\"1113\" class=\"elementor elementor-1113\" data-elementor-post-type=\"page\">\n\t\t\t\t<div class=\"elementor-element elementor-element-2475f45 e-flex e-con-boxed e-con e-parent\" data-id=\"2475f45\" data-element_type=\"container\">\n\t\t\t\t\t<div class=\"e-con-inner\">\n\t\t\t\t<div class=\"elementor-element elementor-element-4053fd9 elementor-widget elementor-widget-heading\" data-id=\"4053fd9\" data-element_type=\"widget\" data-widget_type=\"heading.default\">\n\t\t\t\t<div class=\"elementor-widget-container\">\n\t\t\t\t\t<h1 class=\"elementor-heading-title elementor-size-default\">Ambassad\u00f6rer<\/h1>\t\t\t\t<\/div>\n\t\t\t\t<\/div>\n\t\t\t\t<div class=\"elementor-element elementor-element-9e6ed86 elementor-grid-3 elementor-grid-tablet-2 elementor-grid-mobile-1 elementor-widget elementor-widget-loop-grid\" data-id=\"9e6ed86\" data-element_type=\"widget\" data-settings=\"{&quot;template_id&quot;:1122,&quot;_skin&quot;:&quot;post&quot;,&quot;columns&quot;:&quot;3&quot;,&quot;columns_tablet&quot;:&quot;2&quot;,&quot;columns_mobile&quot;:&quot;1&quot;,&quot;edit_handle_selector&quot;:&quot;[data-elementor-type=\\&quot;loop-item\\&quot;]&quot;,&quot;row_gap&quot;:{&quot;unit&quot;:&quot;px&quot;,&quot;size&quot;:&quot;&quot;,&quot;sizes&quot;:[]},&quot;row_gap_tablet&quot;:{&quot;unit&quot;:&quot;px&quot;,&quot;size&quot;:&quot;&quot;,&quot;sizes&quot;:[]},&quot;row_gap_mobile&quot;:{&quot;unit&quot;:&quot;px&quot;,&quot;size&quot;:&quot;&quot;,&quot;sizes&quot;:[]}}\" data-widget_type=\"loop-grid.post\">\n\t\t\t\t<div class=\"elementor-widget-container\">\n\t\t\t\t\t\t\t<div class=\"elementor-loop-container elementor-grid\">\n\t\t<style id=\"loop-1122\">.elementor-1122 .elementor-element.elementor-element-5a677d9{--display:flex;}.elementor-widget-theme-post-featured-image .widget-image-caption{color:var( --e-global-color-text );font-family:var( --e-global-typography-text-font-family ), Sans-serif;font-weight:var( --e-global-typography-text-font-weight );}.elementor-widget-theme-post-title .elementor-heading-title{font-family:var( --e-global-typography-primary-font-family ), Sans-serif;font-weight:var( --e-global-typography-primary-font-weight );color:var( --e-global-color-primary );}.elementor-1122 .elementor-element.elementor-element-9feac4a > .elementor-widget-container{margin:2% 0% 0% 0%;}.elementor-1122 .elementor-element.elementor-element-9feac4a .elementor-heading-title{font-family:\"Open Sans\", Sans-serif;font-size:1.5em;font-weight:600;color:var( --e-global-color-text );}.elementor-widget-theme-post-excerpt .elementor-widget-container{color:var( --e-global-color-text );font-family:var( --e-global-typography-text-font-family ), Sans-serif;font-weight:var( --e-global-typography-text-font-weight );}\/* Start custom CSS for theme-post-featured-image, class: .elementor-element-8d71836 *\/.image-container {\n  width: 100%;   \/* Set the width of the image *\/\n  height: 400px;  \/* Set the height of the image *\/\n  overflow: hidden; \/* Ensures nothing goes outside the boundary *\/\n}\n\n.image-container img {\n  width: 100%;\n  height: 100%;\n  object-fit: cover; \/* Ensures the image covers the area, may crop the image *\/\n    object-position: center; \/* Centers the image within the container *\/\n\n}\/* End custom CSS *\/<\/style>\t\t<div data-elementor-type=\"loop-item\" data-elementor-id=\"1122\" class=\"elementor elementor-1122 e-loop-item e-loop-item-1457 post-1457 ambassador type-ambassador status-publish has-post-thumbnail hentry\" data-elementor-post-type=\"elementor_library\" data-custom-edit-handle=\"1\">\n\t\t\t<a class=\"elementor-element elementor-element-5a677d9 e-flex e-con-boxed e-con e-parent\" data-id=\"5a677d9\" data-element_type=\"container\" href=\"https:\/\/varmevest.no\/sv\/ambassador\/bjornar-ridderhaugen\/\">\n\t\t\t\t\t<div class=\"e-con-inner\">\n\t\t\t\t<div class=\"elementor-element elementor-element-8d71836 image-container elementor-widget elementor-widget-theme-post-featured-image elementor-widget-image\" data-id=\"8d71836\" data-element_type=\"widget\" data-widget_type=\"theme-post-featured-image.default\">\n\t\t\t\t<div class=\"elementor-widget-container\">\n\t\t\t\t\t\t\t\t\t\t\t\t\t\t\t<img fetchpriority=\"high\" decoding=\"async\" width=\"800\" height=\"384\" src=\"https:\/\/varmevest.no\/wp-content\/uploads\/2024\/11\/IMG_6409-1024x492.jpg\" class=\"attachment-large size-large wp-image-1458\" alt=\"\" srcset=\"https:\/\/varmevest.no\/wp-content\/uploads\/2024\/11\/IMG_6409-1024x492.jpg 1024w, https:\/\/varmevest.no\/wp-content\/uploads\/2024\/11\/IMG_6409-300x144.jpg 300w, https:\/\/varmevest.no\/wp-content\/uploads\/2024\/11\/IMG_6409-768x369.jpg 768w, https:\/\/varmevest.no\/wp-content\/uploads\/2024\/11\/IMG_6409-18x9.jpg 18w, https:\/\/varmevest.no\/wp-content\/uploads\/2024\/11\/IMG_6409-600x289.jpg 600w, https:\/\/varmevest.no\/wp-content\/uploads\/2024\/11\/IMG_6409.jpg 1179w\" sizes=\"(max-width: 800px) 100vw, 800px\" \/>\t\t\t\t\t\t\t\t\t\t\t\t\t\t\t<\/div>\n\t\t\t\t<\/div>\n\t\t\t\t<div class=\"elementor-element elementor-element-9feac4a elementor-widget elementor-widget-theme-post-title elementor-page-title elementor-widget-heading\" data-id=\"9feac4a\" data-element_type=\"widget\" data-widget_type=\"theme-post-title.default\">\n\t\t\t\t<div class=\"elementor-widget-container\">\n\t\t\t\t\t<span class=\"elementor-heading-title elementor-size-default\">Bj\u00f8rnar Ridderhaugen<\/span>\t\t\t\t<\/div>\n\t\t\t\t<\/div>\n\t\t\t\t<div class=\"elementor-element elementor-element-282f569 elementor-widget elementor-widget-theme-post-excerpt\" data-id=\"282f569\" data-element_type=\"widget\" data-widget_type=\"theme-post-excerpt.default\">\n\t\t\t\t<div class=\"elementor-widget-container\">\n\t\t\t\t\t\u00a0\u00c4ger och driver f\u00f6retaget Ridderhaugen hunter for life - Ett jakt- och vildmarks\u00e4ventyr. Vi vill f\u00f6rmedla jaktfilmer fr\u00e5n j\u00e4gare till j\u00e4gare, baserade p\u00e5 \u00e4rliga ber\u00e4ttelser p\u00e5 gott och ont. Jag reser runt med bra, jordn\u00e4ra och duktiga j\u00e4gare. Mina skickliga och kvalitetsmedvetna partners \u00e4r ocks\u00e5 en del av teamet.<br><br>L\u00e4s mer h\u00e4r\t\t\t\t<\/div>\n\t\t\t\t<\/div>\n\t\t\t\t\t<\/div>\n\t\t\t\t<\/a>\n\t\t\t\t<\/div>\n\t\t\t\t<div data-elementor-type=\"loop-item\" data-elementor-id=\"1122\" class=\"elementor elementor-1122 e-loop-item e-loop-item-1443 post-1443 ambassador type-ambassador status-publish has-post-thumbnail hentry\" data-elementor-post-type=\"elementor_library\" data-custom-edit-handle=\"1\">\n\t\t\t<a class=\"elementor-element elementor-element-5a677d9 e-flex e-con-boxed e-con e-parent\" data-id=\"5a677d9\" data-element_type=\"container\" href=\"https:\/\/varmevest.no\/sv\/ambassador\/siri-myhra\/\">\n\t\t\t\t\t<div class=\"e-con-inner\">\n\t\t\t\t<div class=\"elementor-element elementor-element-8d71836 image-container elementor-widget elementor-widget-theme-post-featured-image elementor-widget-image\" data-id=\"8d71836\" data-element_type=\"widget\" data-widget_type=\"theme-post-featured-image.default\">\n\t\t\t\t<div class=\"elementor-widget-container\">\n\t\t\t\t\t\t\t\t\t\t\t\t\t\t\t<img decoding=\"async\" width=\"768\" height=\"1024\" src=\"https:\/\/varmevest.no\/wp-content\/uploads\/2024\/10\/siri-768x1024.jpg\" class=\"attachment-large size-large wp-image-1444\" alt=\"\" srcset=\"https:\/\/varmevest.no\/wp-content\/uploads\/2024\/10\/siri-768x1024.jpg 768w, https:\/\/varmevest.no\/wp-content\/uploads\/2024\/10\/siri-225x300.jpg 225w, https:\/\/varmevest.no\/wp-content\/uploads\/2024\/10\/siri-1152x1536.jpg 1152w, https:\/\/varmevest.no\/wp-content\/uploads\/2024\/10\/siri-1536x2048.jpg 1536w, https:\/\/varmevest.no\/wp-content\/uploads\/2024\/10\/siri-9x12.jpg 9w, https:\/\/varmevest.no\/wp-content\/uploads\/2024\/10\/siri-600x800.jpg 600w, https:\/\/varmevest.no\/wp-content\/uploads\/2024\/10\/siri-scaled.jpg 1920w\" sizes=\"(max-width: 768px) 100vw, 768px\" \/>\t\t\t\t\t\t\t\t\t\t\t\t\t\t\t<\/div>\n\t\t\t\t<\/div>\n\t\t\t\t<div class=\"elementor-element elementor-element-9feac4a elementor-widget elementor-widget-theme-post-title elementor-page-title elementor-widget-heading\" data-id=\"9feac4a\" data-element_type=\"widget\" data-widget_type=\"theme-post-title.default\">\n\t\t\t\t<div class=\"elementor-widget-container\">\n\t\t\t\t\t<span class=\"elementor-heading-title elementor-size-default\">Siri Myhra<\/span>\t\t\t\t<\/div>\n\t\t\t\t<\/div>\n\t\t\t\t<div class=\"elementor-element elementor-element-282f569 elementor-widget elementor-widget-theme-post-excerpt\" data-id=\"282f569\" data-element_type=\"widget\" data-widget_type=\"theme-post-excerpt.default\">\n\t\t\t\t<div class=\"elementor-widget-container\">\n\t\t\t\t\tMitt namn \u00e4r Siri Myhra och jag bor i Alta i Finnmark.\nH\u00e4r uppe har jag haft stor nytta av varmvests produkter d\u00e5 det \u00e4r relativt kallt under 6 m\u00e5nader av \u00e5ret.\nJag anv\u00e4nder bland annat v\u00e4rmev\u00e4sten, v\u00e4rmesulorna och v\u00e4rmev\u00e4stens \u00e4rm med v\u00e4rme i.\nDen anv\u00e4nds b\u00e5de till jakt men \u00e4ven p\u00e5 resor p\u00e5 vintern som t.ex. isfiske \ud83d\ude42 .<br><br>L\u00e4s mer h\u00e4r\t\t\t\t<\/div>\n\t\t\t\t<\/div>\n\t\t\t\t\t<\/div>\n\t\t\t\t<\/a>\n\t\t\t\t<\/div>\n\t\t\t\t<div data-elementor-type=\"loop-item\" data-elementor-id=\"1122\" class=\"elementor elementor-1122 e-loop-item e-loop-item-1413 post-1413 ambassador type-ambassador status-publish has-post-thumbnail hentry\" data-elementor-post-type=\"elementor_library\" data-custom-edit-handle=\"1\">\n\t\t\t<a class=\"elementor-element elementor-element-5a677d9 e-flex e-con-boxed e-con e-parent\" data-id=\"5a677d9\" data-element_type=\"container\" href=\"https:\/\/varmevest.no\/sv\/ambassador\/terje-mathisen\/\">\n\t\t\t\t\t<div class=\"e-con-inner\">\n\t\t\t\t<div class=\"elementor-element elementor-element-8d71836 image-container elementor-widget elementor-widget-theme-post-featured-image elementor-widget-image\" data-id=\"8d71836\" data-element_type=\"widget\" data-widget_type=\"theme-post-featured-image.default\">\n\t\t\t\t<div class=\"elementor-widget-container\">\n\t\t\t\t\t\t\t\t\t\t\t\t\t\t\t<img decoding=\"async\" width=\"800\" height=\"794\" src=\"https:\/\/varmevest.no\/wp-content\/uploads\/2024\/10\/terje.jpg\" class=\"attachment-large size-large wp-image-1414\" alt=\"\" srcset=\"https:\/\/varmevest.no\/wp-content\/uploads\/2024\/10\/terje.jpg 960w, https:\/\/varmevest.no\/wp-content\/uploads\/2024\/10\/terje-300x298.jpg 300w, https:\/\/varmevest.no\/wp-content\/uploads\/2024\/10\/terje-150x150.jpg 150w, https:\/\/varmevest.no\/wp-content\/uploads\/2024\/10\/terje-768x762.jpg 768w, https:\/\/varmevest.no\/wp-content\/uploads\/2024\/10\/terje-12x12.jpg 12w, https:\/\/varmevest.no\/wp-content\/uploads\/2024\/10\/terje-600x596.jpg 600w, https:\/\/varmevest.no\/wp-content\/uploads\/2024\/10\/terje-100x100.jpg 100w\" sizes=\"(max-width: 800px) 100vw, 800px\" \/>\t\t\t\t\t\t\t\t\t\t\t\t\t\t\t<\/div>\n\t\t\t\t<\/div>\n\t\t\t\t<div class=\"elementor-element elementor-element-9feac4a elementor-widget elementor-widget-theme-post-title elementor-page-title elementor-widget-heading\" data-id=\"9feac4a\" data-element_type=\"widget\" data-widget_type=\"theme-post-title.default\">\n\t\t\t\t<div class=\"elementor-widget-container\">\n\t\t\t\t\t<span class=\"elementor-heading-title elementor-size-default\">Terje Mathisen<\/span>\t\t\t\t<\/div>\n\t\t\t\t<\/div>\n\t\t\t\t<div class=\"elementor-element elementor-element-282f569 elementor-widget elementor-widget-theme-post-excerpt\" data-id=\"282f569\" data-element_type=\"widget\" data-widget_type=\"theme-post-excerpt.default\">\n\t\t\t\t<div class=\"elementor-widget-container\">\n\t\t\t\t\tJag kommer fr\u00e5n Brandbu, en vacker by 8 kilometer norr om Oslo. D\u00e4r bor jag tillsammans med min sambo och 2 barn p\u00e5 18 och 14 \u00e5r.  Jakt \u00e4r min stora passion, och jag jagar s\u00e5 mycket jag kan med korth\u00e5riga taxar och mina v\u00e4nner.<br><br>L\u00e4s mer h\u00e4r\t\t\t\t<\/div>\n\t\t\t\t<\/div>\n\t\t\t\t\t<\/div>\n\t\t\t\t<\/a>\n\t\t\t\t<\/div>\n\t\t\t\t<div data-elementor-type=\"loop-item\" data-elementor-id=\"1122\" class=\"elementor elementor-1122 e-loop-item e-loop-item-1383 post-1383 ambassador type-ambassador status-publish has-post-thumbnail hentry\" data-elementor-post-type=\"elementor_library\" data-custom-edit-handle=\"1\">\n\t\t\t<a class=\"elementor-element elementor-element-5a677d9 e-flex e-con-boxed e-con e-parent\" data-id=\"5a677d9\" data-element_type=\"container\" href=\"https:\/\/varmevest.no\/sv\/ambassador\/jim-rune-krogstad\/\">\n\t\t\t\t\t<div class=\"e-con-inner\">\n\t\t\t\t<div class=\"elementor-element elementor-element-8d71836 image-container elementor-widget elementor-widget-theme-post-featured-image elementor-widget-image\" data-id=\"8d71836\" data-element_type=\"widget\" data-widget_type=\"theme-post-featured-image.default\">\n\t\t\t\t<div class=\"elementor-widget-container\">\n\t\t\t\t\t\t\t\t\t\t\t\t\t\t\t<img loading=\"lazy\" decoding=\"async\" width=\"800\" height=\"794\" src=\"https:\/\/varmevest.no\/wp-content\/uploads\/2024\/09\/jim-rune-krogstad.jpg\" class=\"attachment-large size-large wp-image-1386\" alt=\"\" srcset=\"https:\/\/varmevest.no\/wp-content\/uploads\/2024\/09\/jim-rune-krogstad.jpg 960w, https:\/\/varmevest.no\/wp-content\/uploads\/2024\/09\/jim-rune-krogstad-300x298.jpg 300w, https:\/\/varmevest.no\/wp-content\/uploads\/2024\/09\/jim-rune-krogstad-150x150.jpg 150w, https:\/\/varmevest.no\/wp-content\/uploads\/2024\/09\/jim-rune-krogstad-768x762.jpg 768w, https:\/\/varmevest.no\/wp-content\/uploads\/2024\/09\/jim-rune-krogstad-12x12.jpg 12w, https:\/\/varmevest.no\/wp-content\/uploads\/2024\/09\/jim-rune-krogstad-600x596.jpg 600w, https:\/\/varmevest.no\/wp-content\/uploads\/2024\/09\/jim-rune-krogstad-100x100.jpg 100w\" sizes=\"(max-width: 800px) 100vw, 800px\" \/>\t\t\t\t\t\t\t\t\t\t\t\t\t\t\t<\/div>\n\t\t\t\t<\/div>\n\t\t\t\t<div class=\"elementor-element elementor-element-9feac4a elementor-widget elementor-widget-theme-post-title elementor-page-title elementor-widget-heading\" data-id=\"9feac4a\" data-element_type=\"widget\" data-widget_type=\"theme-post-title.default\">\n\t\t\t\t<div class=\"elementor-widget-container\">\n\t\t\t\t\t<span class=\"elementor-heading-title elementor-size-default\">Jim Rune Krogstad<\/span>\t\t\t\t<\/div>\n\t\t\t\t<\/div>\n\t\t\t\t<div class=\"elementor-element elementor-element-282f569 elementor-widget elementor-widget-theme-post-excerpt\" data-id=\"282f569\" data-element_type=\"widget\" data-widget_type=\"theme-post-excerpt.default\">\n\t\t\t\t<div class=\"elementor-widget-container\">\n\t\t\t\t\t43 \u00e5r gammal med tv\u00e5 ton\u00e5rsbarn och tv\u00e5 hundar (NEG)\nArbetar till vardags som projektledare och bygger stora l\u00e4genhetsprojekt. Jag arbetar \u00e4ven som s\u00e4kerhetsvakt och s\u00e4kerhetschef p\u00e5 konserter och festivaler.<br><br>L\u00e4s mer h\u00e4r\t\t\t\t<\/div>\n\t\t\t\t<\/div>\n\t\t\t\t\t<\/div>\n\t\t\t\t<\/a>\n\t\t\t\t<\/div>\n\t\t\t\t<div data-elementor-type=\"loop-item\" data-elementor-id=\"1122\" class=\"elementor elementor-1122 e-loop-item e-loop-item-1146 post-1146 ambassador type-ambassador status-publish has-post-thumbnail hentry\" data-elementor-post-type=\"elementor_library\" data-custom-edit-handle=\"1\">\n\t\t\t<a class=\"elementor-element elementor-element-5a677d9 e-flex e-con-boxed e-con e-parent\" data-id=\"5a677d9\" data-element_type=\"container\" href=\"https:\/\/varmevest.no\/sv\/ambassador\/carmen-germaine-kadim\/\">\n\t\t\t\t\t<div class=\"e-con-inner\">\n\t\t\t\t<div class=\"elementor-element elementor-element-8d71836 image-container elementor-widget elementor-widget-theme-post-featured-image elementor-widget-image\" data-id=\"8d71836\" data-element_type=\"widget\" data-widget_type=\"theme-post-featured-image.default\">\n\t\t\t\t<div class=\"elementor-widget-container\">\n\t\t\t\t\t\t\t\t\t\t\t\t\t\t\t<img loading=\"lazy\" decoding=\"async\" width=\"800\" height=\"794\" src=\"https:\/\/varmevest.no\/wp-content\/uploads\/2024\/09\/camilla-germaine-kadim-1.jpeg\" class=\"attachment-large size-large wp-image-1150\" alt=\"\" srcset=\"https:\/\/varmevest.no\/wp-content\/uploads\/2024\/09\/camilla-germaine-kadim-1.jpeg 960w, https:\/\/varmevest.no\/wp-content\/uploads\/2024\/09\/camilla-germaine-kadim-1-300x298.jpeg 300w, https:\/\/varmevest.no\/wp-content\/uploads\/2024\/09\/camilla-germaine-kadim-1-150x150.jpeg 150w, https:\/\/varmevest.no\/wp-content\/uploads\/2024\/09\/camilla-germaine-kadim-1-768x762.jpeg 768w, https:\/\/varmevest.no\/wp-content\/uploads\/2024\/09\/camilla-germaine-kadim-1-600x596.jpeg 600w, https:\/\/varmevest.no\/wp-content\/uploads\/2024\/09\/camilla-germaine-kadim-1-100x100.jpeg 100w\" sizes=\"(max-width: 800px) 100vw, 800px\" \/>\t\t\t\t\t\t\t\t\t\t\t\t\t\t\t<\/div>\n\t\t\t\t<\/div>\n\t\t\t\t<div class=\"elementor-element elementor-element-9feac4a elementor-widget elementor-widget-theme-post-title elementor-page-title elementor-widget-heading\" data-id=\"9feac4a\" data-element_type=\"widget\" data-widget_type=\"theme-post-title.default\">\n\t\t\t\t<div class=\"elementor-widget-container\">\n\t\t\t\t\t<span class=\"elementor-heading-title elementor-size-default\">Carmen Germaine Kadim<\/span>\t\t\t\t<\/div>\n\t\t\t\t<\/div>\n\t\t\t\t<div class=\"elementor-element elementor-element-282f569 elementor-widget elementor-widget-theme-post-excerpt\" data-id=\"282f569\" data-element_type=\"widget\" data-widget_type=\"theme-post-excerpt.default\">\n\t\t\t\t<div class=\"elementor-widget-container\">\n\t\t\t\t\tV\u00e4rmev\u00e4sten \u00e4r helt unik eftersom jag kan s\u00e4tta p\u00e5 och st\u00e4nga av den, samt ha olika inst\u00e4llningar f\u00f6r v\u00e4rmen i den. Det inneb\u00e4r ocks\u00e5 att jag beh\u00f6ver ha mindre kl\u00e4der p\u00e5 mig, vilket underl\u00e4ttar f\u00f6r mig n\u00e4r jag ska jaga i fj\u00e4llen.<br><br>L\u00e4s mer h\u00e4r\t\t\t\t<\/div>\n\t\t\t\t<\/div>\n\t\t\t\t\t<\/div>\n\t\t\t\t<\/a>\n\t\t\t\t<\/div>\n\t\t\t\t<div data-elementor-type=\"loop-item\" data-elementor-id=\"1122\" class=\"elementor elementor-1122 e-loop-item e-loop-item-1111 post-1111 ambassador type-ambassador status-publish has-post-thumbnail hentry\" data-elementor-post-type=\"elementor_library\" data-custom-edit-handle=\"1\">\n\t\t\t<a class=\"elementor-element elementor-element-5a677d9 e-flex e-con-boxed e-con e-parent\" data-id=\"5a677d9\" data-element_type=\"container\" href=\"https:\/\/varmevest.no\/sv\/ambassador\/ramona-jensen\/\">\n\t\t\t\t\t<div class=\"e-con-inner\">\n\t\t\t\t<div class=\"elementor-element elementor-element-8d71836 image-container elementor-widget elementor-widget-theme-post-featured-image elementor-widget-image\" data-id=\"8d71836\" data-element_type=\"widget\" data-widget_type=\"theme-post-featured-image.default\">\n\t\t\t\t<div class=\"elementor-widget-container\">\n\t\t\t\t\t\t\t\t\t\t\t\t\t\t\t<img loading=\"lazy\" decoding=\"async\" width=\"800\" height=\"796\" src=\"https:\/\/varmevest.no\/wp-content\/uploads\/2024\/09\/ramona-varmevest-1024x1019.jpeg\" class=\"attachment-large size-large wp-image-1112\" alt=\"\" srcset=\"https:\/\/varmevest.no\/wp-content\/uploads\/2024\/09\/ramona-varmevest-1024x1019.jpeg 1024w, https:\/\/varmevest.no\/wp-content\/uploads\/2024\/09\/ramona-varmevest-300x300.jpeg 300w, https:\/\/varmevest.no\/wp-content\/uploads\/2024\/09\/ramona-varmevest-150x150.jpeg 150w, https:\/\/varmevest.no\/wp-content\/uploads\/2024\/09\/ramona-varmevest-768x764.jpeg 768w, https:\/\/varmevest.no\/wp-content\/uploads\/2024\/09\/ramona-varmevest-600x597.jpeg 600w, https:\/\/varmevest.no\/wp-content\/uploads\/2024\/09\/ramona-varmevest-100x100.jpeg 100w, https:\/\/varmevest.no\/wp-content\/uploads\/2024\/09\/ramona-varmevest.jpeg 1170w\" sizes=\"(max-width: 800px) 100vw, 800px\" \/>\t\t\t\t\t\t\t\t\t\t\t\t\t\t\t<\/div>\n\t\t\t\t<\/div>\n\t\t\t\t<div class=\"elementor-element elementor-element-9feac4a elementor-widget elementor-widget-theme-post-title elementor-page-title elementor-widget-heading\" data-id=\"9feac4a\" data-element_type=\"widget\" data-widget_type=\"theme-post-title.default\">\n\t\t\t\t<div class=\"elementor-widget-container\">\n\t\t\t\t\t<span class=\"elementor-heading-title elementor-size-default\">Ramona Arnesen<\/span>\t\t\t\t<\/div>\n\t\t\t\t<\/div>\n\t\t\t\t<div class=\"elementor-element elementor-element-282f569 elementor-widget elementor-widget-theme-post-excerpt\" data-id=\"282f569\" data-element_type=\"widget\" data-widget_type=\"theme-post-excerpt.default\">\n\t\t\t\t<div class=\"elementor-widget-container\">\n\t\t\t\t\tMitt samarbete med Varmevest startade 2015. En revolution f\u00f6r min del, vilket \u00e4r fryspinne delux! Jag har alla Varmevests produkter. Supern\u00f6jd med alla produkter, men sj\u00e4lvklart har jag mina favoriter!<br><br>L\u00e4s mer h\u00e4r\t\t\t\t<\/div>\n\t\t\t\t<\/div>\n\t\t\t\t\t<\/div>\n\t\t\t\t<\/a>\n\t\t\t\t<\/div>\n\t\t\t\t<div data-elementor-type=\"loop-item\" data-elementor-id=\"1122\" class=\"elementor elementor-1122 e-loop-item e-loop-item-1109 post-1109 ambassador type-ambassador status-publish has-post-thumbnail hentry\" data-elementor-post-type=\"elementor_library\" data-custom-edit-handle=\"1\">\n\t\t\t<a class=\"elementor-element elementor-element-5a677d9 e-flex e-con-boxed e-con e-parent\" data-id=\"5a677d9\" data-element_type=\"container\" href=\"https:\/\/varmevest.no\/sv\/ambassador\/kristian-laugen\/\">\n\t\t\t\t\t<div class=\"e-con-inner\">\n\t\t\t\t<div class=\"elementor-element elementor-element-8d71836 image-container elementor-widget elementor-widget-theme-post-featured-image elementor-widget-image\" data-id=\"8d71836\" data-element_type=\"widget\" data-widget_type=\"theme-post-featured-image.default\">\n\t\t\t\t<div class=\"elementor-widget-container\">\n\t\t\t\t\t\t\t\t\t\t\t\t\t\t\t<img loading=\"lazy\" decoding=\"async\" width=\"768\" height=\"1024\" src=\"https:\/\/varmevest.no\/wp-content\/uploads\/2024\/09\/20220909_193332-01-768x1024.jpeg\" class=\"attachment-large size-large wp-image-1110\" alt=\"\" srcset=\"https:\/\/varmevest.no\/wp-content\/uploads\/2024\/09\/20220909_193332-01-768x1024.jpeg 768w, https:\/\/varmevest.no\/wp-content\/uploads\/2024\/09\/20220909_193332-01-225x300.jpeg 225w, https:\/\/varmevest.no\/wp-content\/uploads\/2024\/09\/20220909_193332-01-600x800.jpeg 600w, https:\/\/varmevest.no\/wp-content\/uploads\/2024\/09\/20220909_193332-01.jpeg 1104w\" sizes=\"(max-width: 768px) 100vw, 768px\" \/>\t\t\t\t\t\t\t\t\t\t\t\t\t\t\t<\/div>\n\t\t\t\t<\/div>\n\t\t\t\t<div class=\"elementor-element elementor-element-9feac4a elementor-widget elementor-widget-theme-post-title elementor-page-title elementor-widget-heading\" data-id=\"9feac4a\" data-element_type=\"widget\" data-widget_type=\"theme-post-title.default\">\n\t\t\t\t<div class=\"elementor-widget-container\">\n\t\t\t\t\t<span class=\"elementor-heading-title elementor-size-default\">Kristian Laugen<\/span>\t\t\t\t<\/div>\n\t\t\t\t<\/div>\n\t\t\t\t<div class=\"elementor-element elementor-element-282f569 elementor-widget elementor-widget-theme-post-excerpt\" data-id=\"282f569\" data-element_type=\"widget\" data-widget_type=\"theme-post-excerpt.default\">\n\t\t\t\t<div class=\"elementor-widget-container\">\n\t\t\t\t\tJag har haft en v\u00e4rmev\u00e4st i 7 \u00e5r och f\u00f6rutom att jag har uppgraderat till ett extremt batteri har jag samma v\u00e4st som jag k\u00f6pte d\u00e5. Det s\u00e4ger n\u00e5got om kvaliteten och anledningen till att du ska v\u00e4lja en v\u00e4rmev\u00e4st.\n<br><br>L\u00e4s mer h\u00e4r\t\t\t\t<\/div>\n\t\t\t\t<\/div>\n\t\t\t\t\t<\/div>\n\t\t\t\t<\/a>\n\t\t\t\t<\/div>\n\t\t\t\t<\/div>\n\t\t\n\t\t\t\t\t\t<\/div>\n\t\t\t\t<\/div>\n\t\t\t\t\t<\/div>\n\t\t\t\t<\/div>\n\t\t\t\t<\/div>","protected":false},"excerpt":{"rendered":"<p>Ambassad\u00f6rer<\/p>","protected":false},"author":2,"featured_media":0,"parent":0,"menu_order":0,"comment_status":"closed","ping_status":"closed","template":"","meta":{"_acf_changed":false,"footnotes":""},"class_list":["post-1113","page","type-page","status-publish","hentry"],"acf":[],"publishpress_future_workflow_manual_trigger":{"enabledWorkflows":[]},"_links":{"self":[{"href":"https:\/\/varmevest.no\/sv\/wp-json\/wp\/v2\/pages\/1113"}],"collection":[{"href":"https:\/\/varmevest.no\/sv\/wp-json\/wp\/v2\/pages"}],"about":[{"href":"https:\/\/varmevest.no\/sv\/wp-json\/wp\/v2\/types\/page"}],"author":[{"embeddable":true,"href":"https:\/\/varmevest.no\/sv\/wp-json\/wp\/v2\/users\/2"}],"replies":[{"embeddable":true,"href":"https:\/\/varmevest.no\/sv\/wp-json\/wp\/v2\/comments?post=1113"}],"version-history":[{"count":8,"href":"https:\/\/varmevest.no\/sv\/wp-json\/wp\/v2\/pages\/1113\/revisions"}],"predecessor-version":[{"id":1463,"href":"https:\/\/varmevest.no\/sv\/wp-json\/wp\/v2\/pages\/1113\/revisions\/1463"}],"wp:attachment":[{"href":"https:\/\/varmevest.no\/sv\/wp-json\/wp\/v2\/media?parent=1113"}],"curies":[{"name":"wp","href":"https:\/\/api.w.org\/{rel}","templated":true}]}}