{"id":877,"date":"2024-01-05T10:57:21","date_gmt":"2024-01-05T09:57:21","guid":{"rendered":"https:\/\/www.varmevest.no\/?post_type=product&#038;p=877"},"modified":"2024-09-18T14:02:07","modified_gmt":"2024-09-18T12:02:07","slug":"nnpo-rd23s335-lrf-wifi-nyhet","status":"publish","type":"product","link":"https:\/\/varmevest.no\/en\/product\/nnpo-rd23s335-lrf-wifi-nyhet\/","title":{"rendered":"NNPO RD23S335 LRF\/WIFI, NEW!"},"content":{"rendered":"<p>An ergonomic small flexible thermal handguard from NNPO, with or without built-in rangefinder, this model RD23S\/335 LRF has a rangefinder<\/p>\n<p>When you start the rangefinder, a square appears in the display that you aim at the target and then you read the distance in the display<\/p>\n<p>RD23 series all have wifi with recording<\/p>\n<p>&nbsp;<\/p>\n<p>As for the RD23S\/335, it has a 384\u00d7288 sensor with 12\u03bcm and a NEDT value of \u226425mk and an OLED display of 1024*768<\/p>\n<p>The binoculars have a basic magnification of 3.34x, with a digital zoom of 2x\/4x\/8x (3.34x~26.75x)<\/p>\n<p>&nbsp;<\/p>\n<p>Of course, it is also possible to select different foregrounds in the image, all to get the best possible sharpness in different weather conditions.<\/p>\n<p>- Black Hot<\/p>\n<p>- White Hot<\/p>\n<p>- Red hot<\/p>\n<p>- Green Hot<\/p>\n<p>- Iron red<\/p>\n<p>- Merger<\/p>\n<p>&nbsp;<\/p>\n<p>To calibrate the image, there are three different modes to use<\/p>\n<p>- Shutter calibration, the binoculars do not automatically calibrate the image, but you have to press a button when you think the image is not good enough<\/p>\n<p>- Scene calibration, the same as shutter calibration, but here you must close the lid before pressing the calibration button, otherwise you get double images<\/p>\n<p>- Automatic calibration, where the binoculars handle the actual calibration and when the image quality has reached a certain level it calibrates the image, you notice that the image \"freezes\" for a few seconds<\/p>\n<p>&nbsp;<\/p>\n<p>The binoculars are powered by just one external 18650 battery, which you can easily swap out if it runs out during the hunt and insert a new one<\/p>\n<p>Since the binoculars don't have internal batteries, you don't have the problem of having to make sure the battery is trickle charged if you don't use it for a while.<\/p>\n<p>If you don't do this, there's a risk that the device won't start when you're ready to use it, similar to car batteries that have been left uncharged.<\/p>\n<p>Two 18650 batteries are included in the binoculars as well as an exclusive charger that displays information about the batteries<\/p>\n<p>On the charger, you can read out volts, mAh, what kind of battery it is, how much it is charging and how much is left after charging.<\/p>\n<p>&nbsp;<\/p>\n<p>OFFICIAL FACTS<\/p>\n<p>Model RD23S\/335<\/p>\n<p>Lens 35 mm<\/p>\n<p>Resolution, Pixel 384 x 288<\/p>\n<p>Sensor type Uncooled Vox<\/p>\n<p>Resolution, Pixel 12\u03bcm<\/p>\n<p>Frame rate 50hz<\/p>\n<p>NET \u226425 mk<\/p>\n<p>Digital zoom 2\u00d7, 4\u00d7, 8\u00d7<\/p>\n<p>Field of view (HxV) 7.5\u00b0\u00d75.7\u00b0<\/p>\n<p>Dioptre adjustment, dpt \u00b15<\/p>\n<p>Calibration Shutter, Scene, Automatic calibration<\/p>\n<p>Image palettes White Hot \/ Black Hot\/ Red Hot \/ Iron red\/Fusion<\/p>\n<p>Battery type Li-ion 18650 Rechargeable battery Replaceable<\/p>\n<p>Battery life (operation) &gt;4 hours<\/p>\n<p>External power supply TYPE-C interface<\/p>\n<p>Pip Yes<\/p>\n<p>Wi-Fi Yes<\/p>\n<p>Electronic compass Yes<\/p>\n<p>Accelerometer Yes<\/p>\n<p>Hot spot tracking Yes<\/p>\n<p>Photography Yes<\/p>\n<p>Video Yes<\/p>\n<p>Video output Composite video output<\/p>\n<p>Size (L \u00d7 W \u00d7 H), mm 209.6mm*77.6mm<\/p>\n<p>Weight (without battery), g 360<\/p>\n<p>Degree of protection IP67<\/p>\n<p>Housing materials Aluminium alloy<\/p>\n<p>Operating temperature -20\u2103...+60\u2103<\/p>\n<p>&nbsp;<\/p>\n<p>&nbsp;<\/p>\n<p>NNPO has a three-year warranty and service and repair for Europe is available in Sweden at Sk\u00e5nejakt<\/p>","protected":false},"excerpt":{"rendered":"<p>NEW!!!<\/p>","protected":false},"featured_media":1200,"template":"","meta":{"_acf_changed":false},"product_brand":[],"product_cat":[39],"product_tag":[],"class_list":{"0":"post-877","1":"product","2":"type-product","3":"status-publish","4":"has-post-thumbnail","6":"product_cat-nnpo-termisk","8":"first","9":"instock","10":"taxable","11":"shipping-taxable","12":"purchasable","13":"product-type-simple"},"acf":[],"publishpress_future_workflow_manual_trigger":{"enabledWorkflows":[]},"_links":{"self":[{"href":"https:\/\/varmevest.no\/en\/wp-json\/wp\/v2\/product\/877"}],"collection":[{"href":"https:\/\/varmevest.no\/en\/wp-json\/wp\/v2\/product"}],"about":[{"href":"https:\/\/varmevest.no\/en\/wp-json\/wp\/v2\/types\/product"}],"wp:featuredmedia":[{"embeddable":true,"href":"https:\/\/varmevest.no\/en\/wp-json\/wp\/v2\/media\/1200"}],"wp:attachment":[{"href":"https:\/\/varmevest.no\/en\/wp-json\/wp\/v2\/media?parent=877"}],"wp:term":[{"taxonomy":"product_brand","embeddable":true,"href":"https:\/\/varmevest.no\/en\/wp-json\/wp\/v2\/product_brand?post=877"},{"taxonomy":"product_cat","embeddable":true,"href":"https:\/\/varmevest.no\/en\/wp-json\/wp\/v2\/product_cat?post=877"},{"taxonomy":"product_tag","embeddable":true,"href":"https:\/\/varmevest.no\/en\/wp-json\/wp\/v2\/product_tag?post=877"}],"curies":[{"name":"wp","href":"https:\/\/api.w.org\/{rel}","templated":true}]}}