{"id":853,"date":"2024-01-03T10:29:45","date_gmt":"2024-01-03T09:29:45","guid":{"rendered":"https:\/\/www.varmevest.no\/?post_type=product&#038;p=853"},"modified":"2024-09-18T14:13:02","modified_gmt":"2024-09-18T12:13:02","slug":"nnpo-tc23-335-wifi-lrf-nyhet","status":"publish","type":"product","link":"https:\/\/varmevest.no\/en\/product\/nnpo-tc23-335-wifi-lrf-nyhet\/","title":{"rendered":"NNPO TC23S\/335 Wifi\/LRF NEW!!!"},"content":{"rendered":"<p>The successor to the NNPO TC23 models, now with wifi and recording<\/p>\n<p>This model of TC23S also has a built-in distance meter that is activated\/deactivated via one of the rear function buttons.<\/p>\n<p>The rangefinder is located in front of the sight<\/p>\n<p>Like its predecessor, the TC23S models are also made in one solid piece to prevent the rear part of the body from moving out of position if the threads are subjected to stress.<\/p>\n<p>&nbsp;<\/p>\n<p>To start and turn off the binoculars, there is an on\/off button located about 10mm in front of the rear function buttons, so that you don't accidentally turn off the device if you want to change the magnification or colours.<\/p>\n<p>The remaining function buttons on the back are used to change magnification, colours, recording and to enter the menu.<\/p>\n<p>&nbsp;<\/p>\n<p>In terms of colour selection, this scope includes the following<\/p>\n<p>- Black Hot<\/p>\n<p>- White Hot<\/p>\n<p>- Red hot<\/p>\n<p>- Green Hot<\/p>\n<p>- Iron red<\/p>\n<p>- Fusion<\/p>\n<p>Keep in mind that when sitting outside, the different colour choices are important as you can't always get a really good picture of your \"usual\" colour scheme in certain weather conditions.<\/p>\n<p>Try changing the colour and you can often get a little extra in terms of sharpness on the target.<\/p>\n<p>&nbsp;<\/p>\n<p>The TC23S-335 has a basic magnification of 3.34x and after that it has a digital zoom of 2x (6.68x magnification), 4x (13.36x magnification) and 8x (26.72x magnification)<\/p>\n<p>The magnification is easily changed using the buttons on the back<\/p>\n<p>&nbsp;<\/p>\n<p>The sight is also equipped with Hot Spot Tracking, which means that the display in the sight shows where it is hottest in the area you are observing, this feature can be activated or deactivated<\/p>\n<p>You can also enable Picture In Picture (PIP) and then get a box at the top centre of the screen showing an enlargement of the centre of the reticle.<\/p>\n<p>&nbsp;<\/p>\n<p>The NNPO TC23S models also do not have a built-in battery that can prevent charging, loosening, etc. but are powered by a 21700 or 18650 battery that sits criss-cross in the centre of the binoculars' body.<\/p>\n<p>Please note that when using 18650 batteries, the battery life is reduced compared to using 21700 batteries.<\/p>\n<p>PRESENTATION<\/p>\n<p><iframe title=\"NNPO TC23S INTRODUCTION\" width=\"800\" height=\"450\" src=\"https:\/\/www.youtube.com\/embed\/f405hDP3-3c?feature=oembed\" frameborder=\"0\" allow=\"accelerometer; autoplay; clipboard-write; encrypted-media; gyroscope; picture-in-picture; web-share\" referrerpolicy=\"strict-origin-when-cross-origin\" allowfullscreen><\/iframe><\/p>\n<p>&nbsp;<\/p>\n<p>OFFICIAL FACTS<\/p>\n<p>Model TC23S-335 LRF<\/p>\n<p>Lens 35 mm<\/p>\n<p>Thermal sensor Vox 384*288<\/p>\n<p>Total magnification 3.34-26.75\u00d7<\/p>\n<p>NEDT \u226425 mk<\/p>\n<p>Pixel size 12\u03bcm<\/p>\n<p>Frame rate 50 Hz<\/p>\n<p>Screen resolution 1024*768 OLED<\/p>\n<p>Digital zoom 2\u00d7, 4\u00d7, 8\u00d7<\/p>\n<p>Field of view (HxV) 7.5\u00b0\u00d75.7\u00b0<\/p>\n<p>Eye relief 48mm<\/p>\n<p>Dioptres (range) \u00b15<\/p>\n<p>Compensation method Shutter calibration, scene calibration, automatic calibration<\/p>\n<p>Reticle 8 styles, 5 colours<\/p>\n<p>Palette White hot, Black hot, Red hot, Green hot, Iron red, Fusion<\/p>\n<p>Single battery 21700 or 18650<\/p>\n<p>Pip Yes<\/p>\n<p>WIFI Connect with the phone app<\/p>\n<p>E-compass Yes<\/p>\n<p>3D gyroscope Yes<\/p>\n<p>Hot tracks Yes<\/p>\n<p>Take a snapshot Yes<\/p>\n<p>Video recorder yes (with sound)<\/p>\n<p>Laser distance Yes<\/p>\n<p>Video output CVBS<\/p>\n<p>Operating time &gt;5 hours<\/p>\n<p>External TYPE-C interface<\/p>\n<p>Housing Aviation aluminium alloy<\/p>\n<p>Dimension (mm) 400*86*81<\/p>\n<p>Weight 850g<\/p>\n<p>Protection level IP67<\/p>\n<p>Working temperature -20\u2103..+60\u2103<\/p>\n<p>NNPO has a three-year warranty and service and repair for Europe is available in Sweden at Sk\u00e5nejakt<\/p>\n<p>Film links:<\/p>\n<p><a href=\"https:\/\/1drv.ms\/v\/s!AtASQoLElQQbhY8HbgmRwjbyAiXYdA?e=yaaDHX\">Lining<\/a><\/p>\n<p><a href=\"https:\/\/1drv.ms\/v\/s!AtASQoLElQQbhZMjT1jvhJ3h6Gnj1A?e=wjW6cC\">Wild boar grounded 2<\/a><\/p>\n<p><a href=\"https:\/\/1drv.ms\/v\/s!AtASQoLElQQbhZMifrvBjvnLNBKBFg?e=6hf2xf\">Bushing 2<\/a><\/p>\n<p><a href=\"https:\/\/1drv.ms\/v\/s!AtASQoLElQQbhZMh633ydVeffrJ6oA?e=nPLZE7\">Wild boar grounded 3<\/a><\/p>\n<p><a href=\"https:\/\/1drv.ms\/v\/s!AtASQoLElQQbhZMkdNw_wK4PShiZcA?e=8FWSEz\">Wild boar grounded<\/a><\/p>","protected":false},"excerpt":{"rendered":"<p>&nbsp;<\/p>\n<p>Film links can be found in the description<\/p>","protected":false},"featured_media":1222,"template":"","meta":{"_acf_changed":false},"product_brand":[],"product_cat":[39],"product_tag":[],"class_list":{"0":"post-853","1":"product","2":"type-product","3":"status-publish","4":"has-post-thumbnail","6":"product_cat-nnpo-termisk","8":"first","9":"instock","10":"taxable","11":"shipping-taxable","12":"purchasable","13":"product-type-simple"},"acf":[],"publishpress_future_workflow_manual_trigger":{"enabledWorkflows":[]},"_links":{"self":[{"href":"https:\/\/varmevest.no\/en\/wp-json\/wp\/v2\/product\/853"}],"collection":[{"href":"https:\/\/varmevest.no\/en\/wp-json\/wp\/v2\/product"}],"about":[{"href":"https:\/\/varmevest.no\/en\/wp-json\/wp\/v2\/types\/product"}],"wp:featuredmedia":[{"embeddable":true,"href":"https:\/\/varmevest.no\/en\/wp-json\/wp\/v2\/media\/1222"}],"wp:attachment":[{"href":"https:\/\/varmevest.no\/en\/wp-json\/wp\/v2\/media?parent=853"}],"wp:term":[{"taxonomy":"product_brand","embeddable":true,"href":"https:\/\/varmevest.no\/en\/wp-json\/wp\/v2\/product_brand?post=853"},{"taxonomy":"product_cat","embeddable":true,"href":"https:\/\/varmevest.no\/en\/wp-json\/wp\/v2\/product_cat?post=853"},{"taxonomy":"product_tag","embeddable":true,"href":"https:\/\/varmevest.no\/en\/wp-json\/wp\/v2\/product_tag?post=853"}],"curies":[{"name":"wp","href":"https:\/\/api.w.org\/{rel}","templated":true}]}}